{"id":50182,"date":"2023-04-07T04:05:33","date_gmt":"2023-04-07T04:05:33","guid":{"rendered":"https:\/\/profitstore.pl\/?post_type=product&#038;p=50182"},"modified":"2023-04-07T04:05:33","modified_gmt":"2023-04-07T04:05:33","slug":"nozyczki-do-paznokci-u-nog-o-dlugim-zasiegu","status":"publish","type":"product","link":"https:\/\/profitstore.pl\/index.php\/produkt\/nozyczki-do-paznokci-u-nog-o-dlugim-zasiegu\/","title":{"rendered":"No\u017cyczki do paznokci u n\u00f3g o d\u0142ugim zasi\u0119gu"},"content":{"rendered":"","protected":false},"excerpt":{"rendered":"","protected":false},"featured_media":0,"template":"","meta":[],"_links":{"self":[{"href":"https:\/\/profitstore.pl\/index.php\/wp-json\/wp\/v2\/product\/50182"}],"collection":[{"href":"https:\/\/profitstore.pl\/index.php\/wp-json\/wp\/v2\/product"}],"about":[{"href":"https:\/\/profitstore.pl\/index.php\/wp-json\/wp\/v2\/types\/product"}],"wp:attachment":[{"href":"https:\/\/profitstore.pl\/index.php\/wp-json\/wp\/v2\/media?parent=50182"}],"curies":[{"name":"wp","href":"https:\/\/api.w.org\/{rel}","templated":true}]}}