{"id":50140,"date":"2023-04-07T04:05:30","date_gmt":"2023-04-07T04:05:30","guid":{"rendered":"https:\/\/profitstore.pl\/?post_type=product&#038;p=50140"},"modified":"2023-04-07T04:05:31","modified_gmt":"2023-04-07T04:05:31","slug":"przescieradlo-nieprzemakalne-90-140x200-cm-wodoszczelna-poszwa-na-koldre-wodoodporna-poszewka-na-poduszke","status":"publish","type":"product","link":"https:\/\/profitstore.pl\/index.php\/produkt\/przescieradlo-nieprzemakalne-90-140x200-cm-wodoszczelna-poszwa-na-koldre-wodoodporna-poszewka-na-poduszke\/","title":{"rendered":"Prze\u015bcierad\u0142o nieprzemakalne 90\/140&#215;200 cm + wodoszczelna poszwa na ko\u0142dr\u0119 + wodoodporna poszewka na poduszk\u0119"},"content":{"rendered":"","protected":false},"excerpt":{"rendered":"","protected":false},"featured_media":0,"template":"","meta":[],"_links":{"self":[{"href":"https:\/\/profitstore.pl\/index.php\/wp-json\/wp\/v2\/product\/50140"}],"collection":[{"href":"https:\/\/profitstore.pl\/index.php\/wp-json\/wp\/v2\/product"}],"about":[{"href":"https:\/\/profitstore.pl\/index.php\/wp-json\/wp\/v2\/types\/product"}],"wp:attachment":[{"href":"https:\/\/profitstore.pl\/index.php\/wp-json\/wp\/v2\/media?parent=50140"}],"curies":[{"name":"wp","href":"https:\/\/api.w.org\/{rel}","templated":true}]}}