{"id":50043,"date":"2023-04-07T04:05:25","date_gmt":"2023-04-07T04:05:25","guid":{"rendered":"https:\/\/profitstore.pl\/?post_type=product&#038;p=50043"},"modified":"2023-04-07T04:05:26","modified_gmt":"2023-04-07T04:05:26","slug":"nakladki-comfort-na-podlokietniki-do-wozka-clean","status":"publish","type":"product","link":"https:\/\/profitstore.pl\/index.php\/produkt\/nakladki-comfort-na-podlokietniki-do-wozka-clean\/","title":{"rendered":"Nak\u0142adki Comfort na pod\u0142okietniki  do w\u00f3zka Clean"},"content":{"rendered":"","protected":false},"excerpt":{"rendered":"","protected":false},"featured_media":0,"template":"","meta":[],"_links":{"self":[{"href":"https:\/\/profitstore.pl\/index.php\/wp-json\/wp\/v2\/product\/50043"}],"collection":[{"href":"https:\/\/profitstore.pl\/index.php\/wp-json\/wp\/v2\/product"}],"about":[{"href":"https:\/\/profitstore.pl\/index.php\/wp-json\/wp\/v2\/types\/product"}],"wp:attachment":[{"href":"https:\/\/profitstore.pl\/index.php\/wp-json\/wp\/v2\/media?parent=50043"}],"curies":[{"name":"wp","href":"https:\/\/api.w.org\/{rel}","templated":true}]}}