{"id":49979,"date":"2022-01-26T13:31:57","date_gmt":"2022-01-26T13:31:57","guid":{"rendered":"https:\/\/profitstore.pl\/?post_type=product&#038;p=49979"},"modified":"2022-01-26T13:32:06","modified_gmt":"2022-01-26T13:32:06","slug":"uchwyt-na-wysiegniku-z-podstawa-skladany","status":"publish","type":"product","link":"https:\/\/profitstore.pl\/index.php\/produkt\/uchwyt-na-wysiegniku-z-podstawa-skladany\/","title":{"rendered":"Uchwyt na wysi\u0119gniku z podstaw\u0105 sk\u0142adany"},"content":{"rendered":"","protected":false},"excerpt":{"rendered":"","protected":false},"featured_media":0,"template":"","meta":[],"_links":{"self":[{"href":"https:\/\/profitstore.pl\/index.php\/wp-json\/wp\/v2\/product\/49979"}],"collection":[{"href":"https:\/\/profitstore.pl\/index.php\/wp-json\/wp\/v2\/product"}],"about":[{"href":"https:\/\/profitstore.pl\/index.php\/wp-json\/wp\/v2\/types\/product"}],"wp:attachment":[{"href":"https:\/\/profitstore.pl\/index.php\/wp-json\/wp\/v2\/media?parent=49979"}],"curies":[{"name":"wp","href":"https:\/\/api.w.org\/{rel}","templated":true}]}}