{"id":49778,"date":"2022-01-26T13:30:02","date_gmt":"2022-01-26T13:30:02","guid":{"rendered":"https:\/\/profitstore.pl\/?post_type=product&#038;p=49778"},"modified":"2022-01-26T13:59:08","modified_gmt":"2022-01-26T13:59:08","slug":"ochraniacze-do-kapieli-dla-dzieci-reka-do-lokcia-dzieci","status":"publish","type":"product","link":"https:\/\/profitstore.pl\/index.php\/produkt\/ochraniacze-do-kapieli-dla-dzieci-reka-do-lokcia-dzieci\/","title":{"rendered":"Ochraniacze do k\u0105pieli dla dzieci  r\u0119ka do \u0142okcia (dzieci)"},"content":{"rendered":"","protected":false},"excerpt":{"rendered":"","protected":false},"featured_media":0,"template":"","meta":[],"_links":{"self":[{"href":"https:\/\/profitstore.pl\/index.php\/wp-json\/wp\/v2\/product\/49778"}],"collection":[{"href":"https:\/\/profitstore.pl\/index.php\/wp-json\/wp\/v2\/product"}],"about":[{"href":"https:\/\/profitstore.pl\/index.php\/wp-json\/wp\/v2\/types\/product"}],"wp:attachment":[{"href":"https:\/\/profitstore.pl\/index.php\/wp-json\/wp\/v2\/media?parent=49778"}],"curies":[{"name":"wp","href":"https:\/\/api.w.org\/{rel}","templated":true}]}}