{"id":49771,"date":"2023-01-14T05:05:21","date_gmt":"2023-01-14T05:05:21","guid":{"rendered":"https:\/\/profitstore.pl\/?post_type=product&#038;p=49771"},"modified":"2023-01-14T05:05:21","modified_gmt":"2023-01-14T05:05:21","slug":"stolek-metalowy-z-porecza","status":"publish","type":"product","link":"https:\/\/profitstore.pl\/index.php\/produkt\/stolek-metalowy-z-porecza\/","title":{"rendered":"Sto\u0142ek metalowy z por\u0119cz\u0105"},"content":{"rendered":"","protected":false},"excerpt":{"rendered":"","protected":false},"featured_media":0,"template":"","meta":[],"_links":{"self":[{"href":"https:\/\/profitstore.pl\/index.php\/wp-json\/wp\/v2\/product\/49771"}],"collection":[{"href":"https:\/\/profitstore.pl\/index.php\/wp-json\/wp\/v2\/product"}],"about":[{"href":"https:\/\/profitstore.pl\/index.php\/wp-json\/wp\/v2\/types\/product"}],"wp:attachment":[{"href":"https:\/\/profitstore.pl\/index.php\/wp-json\/wp\/v2\/media?parent=49771"}],"curies":[{"name":"wp","href":"https:\/\/api.w.org\/{rel}","templated":true}]}}