{"id":49693,"date":"2023-04-15T04:05:09","date_gmt":"2023-04-15T04:05:09","guid":{"rendered":"https:\/\/profitstore.pl\/?post_type=product&#038;p=49693"},"modified":"2023-04-15T04:05:09","modified_gmt":"2023-04-15T04:05:09","slug":"nozyczki-do-paznokci-u-nog-na-dlugiej-raczce","status":"publish","type":"product","link":"https:\/\/profitstore.pl\/index.php\/produkt\/nozyczki-do-paznokci-u-nog-na-dlugiej-raczce\/","title":{"rendered":"No\u017cyczki do paznokci u n\u00f3g na d\u0142ugiej r\u0105czce"},"content":{"rendered":"","protected":false},"excerpt":{"rendered":"","protected":false},"featured_media":0,"template":"","meta":[],"_links":{"self":[{"href":"https:\/\/profitstore.pl\/index.php\/wp-json\/wp\/v2\/product\/49693"}],"collection":[{"href":"https:\/\/profitstore.pl\/index.php\/wp-json\/wp\/v2\/product"}],"about":[{"href":"https:\/\/profitstore.pl\/index.php\/wp-json\/wp\/v2\/types\/product"}],"wp:attachment":[{"href":"https:\/\/profitstore.pl\/index.php\/wp-json\/wp\/v2\/media?parent=49693"}],"curies":[{"name":"wp","href":"https:\/\/api.w.org\/{rel}","templated":true}]}}