{"id":49689,"date":"2023-01-14T05:05:06","date_gmt":"2023-01-14T05:05:06","guid":{"rendered":"https:\/\/profitstore.pl\/?post_type=product&#038;p=49689"},"modified":"2024-04-22T11:48:25","modified_gmt":"2024-04-22T11:48:25","slug":"szczotka-do-wlosow-na-rekojesci","status":"publish","type":"product","link":"https:\/\/profitstore.pl\/index.php\/produkt\/szczotka-do-wlosow-na-rekojesci\/","title":{"rendered":"Szczotka do w\u0142os\u00f3w na r\u0119koje\u015bci"},"content":{"rendered":"","protected":false},"excerpt":{"rendered":"","protected":false},"featured_media":0,"template":"","meta":[],"_links":{"self":[{"href":"https:\/\/profitstore.pl\/index.php\/wp-json\/wp\/v2\/product\/49689"}],"collection":[{"href":"https:\/\/profitstore.pl\/index.php\/wp-json\/wp\/v2\/product"}],"about":[{"href":"https:\/\/profitstore.pl\/index.php\/wp-json\/wp\/v2\/types\/product"}],"wp:attachment":[{"href":"https:\/\/profitstore.pl\/index.php\/wp-json\/wp\/v2\/media?parent=49689"}],"curies":[{"name":"wp","href":"https:\/\/api.w.org\/{rel}","templated":true}]}}