{"id":49687,"date":"2023-01-14T05:05:06","date_gmt":"2023-01-14T05:05:06","guid":{"rendered":"https:\/\/profitstore.pl\/?post_type=product&#038;p=49687"},"modified":"2023-01-14T05:05:07","modified_gmt":"2023-01-14T05:05:07","slug":"przyrzad-do-mycia-wlosow","status":"publish","type":"product","link":"https:\/\/profitstore.pl\/index.php\/produkt\/przyrzad-do-mycia-wlosow\/","title":{"rendered":"Przyrz\u0105d do mycia w\u0142os\u00f3w"},"content":{"rendered":"","protected":false},"excerpt":{"rendered":"","protected":false},"featured_media":0,"template":"","meta":[],"_links":{"self":[{"href":"https:\/\/profitstore.pl\/index.php\/wp-json\/wp\/v2\/product\/49687"}],"collection":[{"href":"https:\/\/profitstore.pl\/index.php\/wp-json\/wp\/v2\/product"}],"about":[{"href":"https:\/\/profitstore.pl\/index.php\/wp-json\/wp\/v2\/types\/product"}],"wp:attachment":[{"href":"https:\/\/profitstore.pl\/index.php\/wp-json\/wp\/v2\/media?parent=49687"}],"curies":[{"name":"wp","href":"https:\/\/api.w.org\/{rel}","templated":true}]}}