{"id":49670,"date":"2023-04-18T04:05:30","date_gmt":"2023-04-18T04:05:30","guid":{"rendered":"https:\/\/profitstore.pl\/?post_type=product&#038;p=49670"},"modified":"2023-04-18T04:05:33","modified_gmt":"2023-04-18T04:05:33","slug":"ochraniacze-na-gips-do-kapieli-deluxe-reka-do-lokcia-dorosli","status":"publish","type":"product","link":"https:\/\/profitstore.pl\/index.php\/produkt\/ochraniacze-na-gips-do-kapieli-deluxe-reka-do-lokcia-dorosli\/","title":{"rendered":"Ochraniacze na gips do k\u0105pieli Deluxe  r\u0119ka do \u0142okcia (doro\u015bli)"},"content":{"rendered":"","protected":false},"excerpt":{"rendered":"","protected":false},"featured_media":0,"template":"","meta":[],"_links":{"self":[{"href":"https:\/\/profitstore.pl\/index.php\/wp-json\/wp\/v2\/product\/49670"}],"collection":[{"href":"https:\/\/profitstore.pl\/index.php\/wp-json\/wp\/v2\/product"}],"about":[{"href":"https:\/\/profitstore.pl\/index.php\/wp-json\/wp\/v2\/types\/product"}],"wp:attachment":[{"href":"https:\/\/profitstore.pl\/index.php\/wp-json\/wp\/v2\/media?parent=49670"}],"curies":[{"name":"wp","href":"https:\/\/api.w.org\/{rel}","templated":true}]}}