{"id":4183,"date":"2021-02-15T15:16:49","date_gmt":"2021-02-15T15:16:49","guid":{"rendered":"https:\/\/profitstore.pl\/index.php\/produkt\/import-placeholder-for-6597\/"},"modified":"2021-02-15T15:16:55","modified_gmt":"2021-02-15T15:16:55","slug":"stilo-2-premium-z-podswietleniem-rgb","status":"publish","type":"product","link":"https:\/\/profitstore.pl\/index.php\/produkt\/stilo-2-premium-z-podswietleniem-rgb\/","title":{"rendered":"Stilo 2 Premium z pod\u015bwietleniem RGB"},"content":{"rendered":"<p><strong>\u0141\u00f3\u017cko<\/strong> to najwa\u017cniejszy mebel w ka\u017cdej <strong>sypialni<\/strong> , s\u0142u\u017cy ono nie tylko do dekoracji , ale dba o odpoczynek i komfort snu regeneruj\u0105c organizm .<\/p>\n<p>Odpowiednie dobrane \u0142\u00f3\u017cko\u00a0 materac maj\u0105 pozytywny wp\u0142yw na zdrowie , zar\u00f3wno psychiczne jak i fizyczne .<\/p>\n<p><strong>Nowoczesne \u0142\u00f3\u017cko<\/strong> <strong>Stilo 2 Premium<\/strong>\u00a0 \u00a0dzi\u0119ki swojej formie ma niepowtarzalny styl i nadaje w ka\u017cdej sypialni nowoczesny trend .<\/p>\n<p>Zestaw zawiera po bokach o\u015bwietlenie led RGB\u00a0 w kolorach ; bia\u0142y .niebieski , zielony , \u017c\u00f3\u0142ty , fioletowy , pomara\u0144czowy itp.( zawiera zasilacze i dwa piloty )<\/p>\n<p><img src=\"https:\/\/lozka-tapicerowane-sypialnie.pl\/wp-content\/uploads\/2019\/05\/rgb-premium-czerwone.jpg\" \/><\/p>\n<p><img src=\"https:\/\/lozka-tapicerowane-sypialnie.pl\/wp-content\/uploads\/2019\/05\/rgb-premium-ais.jpg\" \/><\/p>\n<p><img src=\"https:\/\/b.allegroimg.com\/s1440\/032ac2\/9492edff44008349606d976b95cb\" alt=\"\" width=\"876px\" \/><\/p>\n<p>&nbsp;<\/p>\n<div class=\"item item-6\">\n<section class=\"text-item\">Ca\u0142e\u00a0\u0142\u00f3\u017cko\u00a0\u00a0wykonane jest ze sk\u00f3ry ekologicznej lub z tkaniny .<\/section>\n<section class=\"text-item\">Mebel\u00a0\u00a0wykonany jest z najwi\u0119ksz\u0105 staranno\u015bci\u0105 i dba\u0142o\u015bci\u0105 o ka\u017cdy detal.<\/section>\n<section class=\"text-item\">\u0141\u00f3\u017cka\u00a0wykonywane s\u0105 od podstaw przez wykwalifikowanych pracownik\u00f3w naszej firmy produkowane w Polsce .<\/section>\n<section class=\"text-item\">Ka\u017cdy klient ma mo\u017cliwo\u015b\u0107 do indywidualnego wyboru kolor\u00f3w\u00a0\u0142\u00f3\u017cka\u00a0i jego rozmiaru.<\/section>\n<section class=\"text-item\">Boki \u0142\u00f3\u017cka wykonane z drewna, p\u0142yty meblowej oraz pokryte warstw\u0105 mi\u0119kkiej pianki tapicerskiej. Oparcie wykonane z mi\u0119kkiej pianki tapicerskiej.<\/section>\n<section class=\"text-item\">Masywny stela\u017c \u0142\u00f3\u017cka w komplecie z \u0142\u00f3\u017ckiem.<img src=\"https:\/\/www.aismeble.pl\/img\/cms\/STELAZ.jpg\" \/>Stela\u017c dostosowany jest do ka\u017cdego rodzaju materaca (materac bonelowy, kieszeniowy oraz lateksowy)<\/section>\n<section class=\"text-item\">.Brak materaca w komplecie (materac do zam\u00f3wienia w naszym sklepie internetowym)<\/section>\n<section class=\"text-item\">Gwarancja \u0142\u00f3\u017cka: 24 miesi\u0105ce.<\/section>\n<section class=\"text-item\">\u0141\u00f3\u017cko wysy\u0142amy w cz\u0119\u015bciach (prosty i intuicyjny monta\u017c \u0142\u00f3\u017cka)Instrukcja monta\u017cu oraz elementy monta\u017cowe do\u0142\u0105czone w komplecie z \u0142\u00f3\u017ckiem.<\/section>\n<section class=\"text-item\">Preferowany materac do \u0142\u00f3\u017cka o grubo\u015bci: 15~22 cm.<\/section>\n<section class=\"text-item\">WYMIARY;<\/section>\n<section class=\"text-item\">do wybranego wymiaru materaca dodajemy szeroko\u015bc boku \u0142\u00f3\u017cka 12 cm , d\u0142ugo\u015b\u0107 244 cm , wysoko\u015b\u0107 67 cm\u00a0<img src=\"https:\/\/d.allegroimg.com\/s1440\/0315d7\/0514ac9143c3a7060e27e9325f2d\" alt=\"\" width=\"876px\" \/>Istnieje mo\u017cliwo\u015b\u0107 wyboru dowolnej kolorystyki \u0142\u00f3\u017cka wed\u0142ug podanych pr\u00f3bnik\u00f3w tkanin.<\/section>\n<section class=\"text-item\">Prosz\u0119 poda\u0107 ;<\/section>\n<section class=\"text-item\">KOLOR G\u0141\u00d3WNY ( oparcie , boki , przodzik )<\/section>\n<section class=\"text-item\">KOLOR DODATKOWY ( wstawka mi\u0119dzy poduszkami i boczna )MO\u017bLIWO\u015a\u0106 WYBORU OPARCIA \u0141\u00d3\u017bKA &#8211; JEDNA LUB DWIE PODUSZKI NA OPARCIU !<\/section>\n<\/div>\n<section><\/section>\n<div class=\"item item-6\">\n<section class=\"text-item\"><img src=\"https:\/\/www.aismeble.pl\/img\/cms\/tkaniny\/probnikekt.jpg\" \/><\/section>\n<\/div>\n<section><img src=\"https:\/\/lozka-tapicerowane-sypialnie.pl\/wp-content\/uploads\/2019\/05\/velur-ais.jpg\" \/><\/section>\n<section><\/section>\n","protected":false},"excerpt":{"rendered":"<p>\u0141\u00f3\u017cko to najwa\u017cniejszy mebel w ka\u017cdej sypialni , s\u0142u\u017cy ono nie tylko do dekoracji , ale dba o odpoczynek i komfort snu regeneruj\u0105c organizm . Odpowiednie dobrane \u0142\u00f3\u017cko\u00a0 materac maj\u0105 pozytywny wp\u0142yw na zdrowie , zar\u00f3wno psychiczne jak i fizyczne . Nowoczesne \u0142\u00f3\u017cko Stilo 2 Premium\u00a0 \u00a0dzi\u0119ki swojej formie ma niepowtarzalny styl i nadaje w [&hellip;]<\/p>\n","protected":false},"featured_media":0,"template":"","meta":[],"_links":{"self":[{"href":"https:\/\/profitstore.pl\/index.php\/wp-json\/wp\/v2\/product\/4183"}],"collection":[{"href":"https:\/\/profitstore.pl\/index.php\/wp-json\/wp\/v2\/product"}],"about":[{"href":"https:\/\/profitstore.pl\/index.php\/wp-json\/wp\/v2\/types\/product"}],"wp:attachment":[{"href":"https:\/\/profitstore.pl\/index.php\/wp-json\/wp\/v2\/media?parent=4183"}],"curies":[{"name":"wp","href":"https:\/\/api.w.org\/{rel}","templated":true}]}}