{"id":4160,"date":"2019-07-05T14:01:25","date_gmt":"2019-07-05T14:01:25","guid":{"rendered":"https:\/\/profitstore.pl\/index.php\/produkt\/import-placeholder-for-6506\/"},"modified":"2019-07-05T14:02:48","modified_gmt":"2019-07-05T14:02:48","slug":"lozko-rubens-z-pojemnikiem-na-posciel-nowosc","status":"publish","type":"product","link":"https:\/\/profitstore.pl\/index.php\/produkt\/lozko-rubens-z-pojemnikiem-na-posciel-nowosc\/","title":{"rendered":"\u0141\u00f3\u017cko RUBENS   z pojemnikiem na po\u015bciel NOWO\u015a\u0106"},"content":{"rendered":"<p>Wychodz\u0105c naprzeciw naszych klient\u00f3w stworzyli\u015bmy \u0142\u00f3\u017cko tapicerowane\u00a0 do sypialni z pojemnikiem na po\u015bciel . Model niezwykle funkcjonalny , zachowane zosta\u0142y kszta\u0142ty \u0142\u00f3\u017cka RUBENS\u00a0 \u00a0,pi\u0119kne op\u0142ywowe linie boczne\u00a0 i poduchy wszyte na\u00a0 oparciu\u00a0 dodaj\u0105 niezwyk\u0142\u0105 elegancj\u0119 w ka\u017cdej sypialni .<\/p>\n<p><img src=\"https:\/\/lozka-tapicerowane-sypialnie.pl\/wp-content\/uploads\/2019\/02\/rubens-paka-ais.jpg\" \/><\/p>\n<p>&nbsp;<\/p>\n<p>\u0141\u00f3\u017cko posiada\u00a0 skrzynie\u00a0 na po\u015bciel z podno\u015bnikiem pneumatycznym kt\u00f3ry umo\u017cliwia wygodnie prze\u00adcho\u00adwa\u0107\u00a0 \u00a0po\u015bciel oraz inne rzeczy .<\/p>\n<p>Stela\u017c metalowy posiada automaty gazowe oraz ogranicznik zsuwania materaca podczas otwierania .<\/p>\n<p><img src=\"https:\/\/lozka-tapicerowane-sypialnie.pl\/wp-content\/uploads\/2019\/02\/rubens-otwarty-ais-paka.jpg\" \/><\/p>\n<p>Ca\u0142e\u00a0<strong>\u0142\u00f3\u017cko\u00a0<\/strong>\u00a0wykonane jest ze sk\u00f3ry ekologicznej lub wed\u0142ug \u017cyczenia klienta z tkaniny.<\/p>\n<p><strong>Mebel\u00a0<\/strong>\u00a0wykonany jest z najwi\u0119ksz\u0105 staranno\u015bci\u0105 i dba\u0142o\u015bci\u0105 o ka\u017cdy detal , po\u0142\u0105czenie dw\u00f3ch kolor\u00f3w nadaje charakterystycznego wygl\u0105du .<\/p>\n<div id=\"productDescription\" class=\"content\">\n<p>\u00a0Zestaw zawiera masywny\u00a0<strong>stela\u017c metalowy\u00a0<\/strong>\u00a0dopasowany do ka\u017cdego<strong>\u00a0materaca<\/strong>\u00a0.<\/p>\n<p>WYMIARY<\/p>\n<p>szeroko\u015b\u0107 &#8211; wymiar wybrany materaca   5 cm<\/p>\n<p>g\u0142\u0119boko\u015b\u0107 pojemnika na po\u015bciel &#8211; 18 cm<\/p>\n<p>wysoko\u015b\u0107 oparcia &#8211; 71 cm<\/p>\n<p>d\u0142ugo\u015b\u0107\u00a0 &#8211; 253 cm<\/p>\n<p>wysoko\u015b\u0107 boku &#8211; 42 cm<\/p>\n<p><img src=\"https:\/\/lozka-tapicerowane-sypialnie.pl\/wp-content\/uploads\/2019\/02\/rubens-paka-wymiary.jpg\" \/><\/p>\n<p><strong>WSZELKICH PORAD UDZIELAMY POD NUMEREM TELEFONU\u00a0 600 335 659<\/strong><\/p>\n<p><strong>CZAS REALIZACJI\u00a0 14<\/strong><strong>\u00a0DNI ROBOCZYCH<\/strong><\/p>\n<p><strong>\u0141\u00f3zko\u00a0 bez materaca .<\/strong><\/p>\n<\/div>\n<div id=\"productDescription\" class=\"content\">\n<p>Po z\u0142o\u017ceniu zam\u00f3wienia prosz\u0119 okre\u015bli\u0107 kolor i rodzaj materia\u0142u, z kt\u00f3rego ma by\u0107 wykonany\u00a0<strong style=\"font-family: verdana, geneva, sans-serif;\">mebel.<\/strong><\/p>\n<p>prosz\u0119 okre\u015bli\u0107 kolory wed\u0142ug zdj\u0119cia A i\u00a0 B<\/p>\n<p><img src=\"https:\/\/lozka-tapicerowane-sypialnie.pl\/wp-content\/uploads\/2019\/02\/rubens-wymiary-paka-ais.jpg\" \/><\/p>\n<p><img src=\"https:\/\/www.aismeble.pl\/img\/cms\/tkaniny\/probnikekt.jpg\" \/><\/p>\n<p>Instrukcja monta\u017cu oraz elementy monta\u017cowe do\u0142\u0105czone w komplecie z<strong>\u00a0\u0142\u00f3\u017ckiem , \u0142\u00f3\u017cko do samodzielnego monta\u017cu .<\/strong><\/p>\n<\/div>\n","protected":false},"excerpt":{"rendered":"<p>Galeria naszych nowoczesnych \u0142\u00f3\u017cek do sypialni , w ofercie znajd\u0105 pa\u0144stwo nowoczesne tapicerowane \u0142\u00f3\u017cka dla doros\u0142ych jak i dla dzieci , materace oraz meble do domu .<\/p>\n<p>WYBIERZ ODPOWIEDNI\u00a0 ROZMIAR Z TABELI WYMIAR\u00d3W<\/p>\n<p>Serdecznie zapraszamy<\/p>\n","protected":false},"featured_media":0,"template":"","meta":[],"_links":{"self":[{"href":"https:\/\/profitstore.pl\/index.php\/wp-json\/wp\/v2\/product\/4160"}],"collection":[{"href":"https:\/\/profitstore.pl\/index.php\/wp-json\/wp\/v2\/product"}],"about":[{"href":"https:\/\/profitstore.pl\/index.php\/wp-json\/wp\/v2\/types\/product"}],"wp:attachment":[{"href":"https:\/\/profitstore.pl\/index.php\/wp-json\/wp\/v2\/media?parent=4160"}],"curies":[{"name":"wp","href":"https:\/\/api.w.org\/{rel}","templated":true}]}}