{"id":3448,"date":"2021-09-20T18:20:47","date_gmt":"2021-09-20T18:20:47","guid":{"rendered":"https:\/\/profitstore.pl\/index.php\/produkt\/import-placeholder-for-5567\/"},"modified":"2021-09-20T18:20:49","modified_gmt":"2021-09-20T18:20:49","slug":"nowoczesne-lozko-tapicerowane-stilo-2-slim","status":"publish","type":"product","link":"https:\/\/profitstore.pl\/index.php\/produkt\/nowoczesne-lozko-tapicerowane-stilo-2-slim\/","title":{"rendered":"Nowoczesne \u0142\u00f3\u017cko tapicerowane Stilo  2 Slim"},"content":{"rendered":"<div id=\"productDescription\" class=\"content\">\n<div id=\"productDescription\" class=\"content\">\n<div id=\"productDescription\" class=\"content\">\n<h2>Nowoczesne \u0142\u00f3\u017cko tapicerowane Stilo 2 Slim<\/h2>\n<p><strong>Luksusowe &#8211; <a href=\"https:\/\/aismeble.pl\/blog\/\">nowoczesne sypialnie<\/a>.<\/strong><\/p>\n<p><strong><span style=\"color: #000000; font-family: Verdana,Arial,Helvetica,sans-serif; font-size: medium;\">\u0141\u00f3\u017cko\u00a0<span style=\"font-size: medium;\">STILO 2\u00a0 \u00a0SLIM\u00a0\u00a0(jest to mniejsza wersja \u0142\u00f3zka Stilo 2\u00a0 kt\u00f3ra idealnie pasuje do mniejszej sypialni\u00a0 )<\/span><\/span><\/strong><\/p>\n<p><img src=\"https:\/\/tapicerowane-lozka.pl\/files\/st2smled1.jpg?t=1547652253846\" \/><\/p>\n<p>Wygodnie przespana noc to gwarancja dobrego samopoczucia w ci\u0105gu dnia , dlatego z my\u015bl\u0105 o pa\u0144stwie wychodzimy z propozycj\u0105 nowoczesnego <a href=\"https:\/\/aismeble.pl\/blog\/\">tapicerowanego \u0142\u00f3\u017cka<\/a> <strong>Stilo 2 Slim<\/strong> .Idealne zestawienie mi\u0119dzy wygod\u0105 a estetyk\u0105 i elegancj\u0105 oferuje tapicerowany zag\u0142\u00f3wek i rama \u0142\u00f3\u017cka .Nasze<strong>\u00a0\u0142\u00f3\u017cka<\/strong> s\u0105 nie tylko pi\u0119kne wizualnie, ale oferuj\u0105 r\u00f3wnie\u017c korzy\u015bci pod wzgl\u0119dem komfortu, posiadaj\u0105 wygodne oparcie \u00a0dzi\u0119ki czemu mo\u017cna si\u0119 o nie wygodnie oprze\u0107 podczas ogl\u0105dania telewizji lub czyta\u0107 w \u0142\u00f3\u017cku, zag\u0142\u00f3wek mo\u017ce by\u0107 jeden lub dwa .<\/p>\n<p><b>\u0141\u00f3\u017cko Stilo 2 Slim <\/b>jest jednym z naj\u0142adniejszych i najch\u0119tniej wybieranych modeli przez klient\u00f3w .Charakteryzuje si\u0119 unikalnym ,nowoczesnym wygl\u0105dem ,a jego funkcjonalno\u015b\u0107 i wytrzyma\u0142o\u015b\u0107 cieszy oko i niezawodnie s\u0142u\u017cy przez d\u0142ugie lata<\/p>\n<p>&nbsp;<\/p>\n<p><img src=\"https:\/\/tapicerowane-lozka.pl\/files\/st2slim3d.gif\" alt=\"design3d\" \/><\/p>\n<div><strong>Parametry techniczne ;<\/strong><\/div>\n<div><\/div>\n<div>\n<div>*wykonane z p\u0142yty meblowej , drewna , pokryte piank\u0105 tapicersk\u0105<\/div>\n<div>*ca\u0142e \u0142\u00f3zko jest tapicerowane eko sk\u00f3r\u0105 lub tkanin\u0105<\/div>\n<div>*oparcie jest mi\u0119kkie z pianki tapicerskiej<\/div>\n<div>*\u0142\u00f3\u017cko zawiera n\u00f3\u017cki chromowane<\/div>\n<div>*\u0142\u00f3zko wysy\u0142amy w cz\u0119\u015bciach do samodzielnego monta\u017cu ( prosty intuicyjny monta\u017c )<\/div>\n<div>*stela\u017c wysy\u0142any w paczce do monta\u017cu<\/div>\n<div>*\u0142\u00f3\u017cko bez materaca ( mo\u017cna zakupi\u0107 u nas i transport jest tylko raz p\u0142atny\u00a0 )<\/div>\n<div>*materac preferowany jest o grubo\u015bci\u00a0 16-22cm<\/div>\n<div>*do kompletu jest mo\u017cliwo\u015b\u0107 zakupu stolik\u00f3w nocnych w naszym sklepie w kolorystyce zm\u00f3wionego \u0142\u00f3\u017cka<\/div>\n<div>*Instrukcja monta\u017cu oraz elementy monta\u017cowe do\u0142\u0105czone w\u00a0<a href=\"https:\/\/aismeble.pl\/2021\/05\/31\/wpis-1\/\">komplecie z<strong>\u00a0\u0142\u00f3\u017ckiem<\/strong><\/a>.<\/div>\n<div>*Opcja wyboru z\u00a0<a href=\"https:\/\/lozka-tapicerowane-sypialnie.pl\/produkt\/oswietlenie-rgb-multikolor-2-piloty\/\">ledem RGB<\/a>\u00a0dotyczy o\u015bwietlenia w 20 zmiennych kolorach z dwoma pilotami ,dwa\u00a0 w\u0142\u0105czniki do gniazdka( jest to pod\u015bwietlenie pod \u0142\u00f3\u017ckiem )<\/div>\n<\/div>\n<p style=\"text-align: left;\"><strong>Wymiar \u0142\u00f3\u017cka;<\/strong><\/p>\n<p><img src=\"https:\/\/marcusmeble.pl\/wp-content\/uploads\/2020\/07\/lozkowymiary.png\" \/><\/p>\n<p>Wymiary zewn\u0119trzne \u0142\u00f3\u017cka:<\/p>\n<p>W \u2013 szeroko\u015b\u0107 materaca* + 24 cm<br \/>\nL \u2013 d\u0142ugo\u015b\u0107 materaca* + 45 cm<br \/>\nH \u2013 73 cm<\/p>\n<p>Grubo\u015b\u0107 boku \u0142\u00f3\u017cka: 12 cm<br \/>\n* przyk\u0142ad: materac 140\u00d7200 cm (szeroko\u015b\u0107 materaca: 140 cm, d\u0142ugo\u015b\u0107 materaca: 200 cm)<\/p>\n<p><strong>Wybierz i okre\u015bl materia\u0142 oraz kolor A i B<\/strong><\/p>\n<p><img src=\"https:\/\/lozka-tapicerowane-sypialnie.pl\/wp-content\/uploads\/2019\/01\/stilo-2-slim-kol-bl.jpg\" \/><\/p>\n<p>&nbsp;<\/p>\n<p><img src=\"https:\/\/marcusmeble.pl\/wp-content\/uploads\/2020\/07\/meble-kolory-probnik.jpg\" \/><\/p>\n<p><strong>Gdzie z\u0142o\u017cy\u0107 zam\u00f3wienie?<\/strong><\/p>\n<p>Zam\u00f3wienie mo\u017cna z\u0142o\u017cy\u0107 przez nasz\u00a0<a href=\"http:\/\/lozka-tapicerowna-sypaialnie.pl\/\">sklep internetowy<\/a> wrzucaj\u0105c do koszyka ,na<a href=\"https:\/\/allegro.pl\/uzytkownik\/aismeble\">\u00a0allegro<\/a>\u00a0jak r\u00f3wnie\u017c jeste\u015bmy pod telefonem i udzielamy wszelkich informacji dotycz\u0105cych naszych produkt\u00f3w oraz przyjmujemy zam\u00f3wienia .<\/p>\n<\/div>\n<\/div>\n<\/div>\n","protected":false},"excerpt":{"rendered":"<p>Nowoczesne \u0142\u00f3\u017cko tapicerowane Stilo 2 Slim Luksusowe &#8211; nowoczesne sypialnie. \u0141\u00f3\u017cko\u00a0STILO 2\u00a0 \u00a0SLIM\u00a0\u00a0(jest to mniejsza wersja \u0142\u00f3zka Stilo 2\u00a0 kt\u00f3ra idealnie pasuje do mniejszej sypialni\u00a0 ) Wygodnie przespana noc to gwarancja dobrego samopoczucia w ci\u0105gu dnia , dlatego z my\u015bl\u0105 o pa\u0144stwie wychodzimy z propozycj\u0105 nowoczesnego tapicerowanego \u0142\u00f3\u017cka Stilo 2 Slim .Idealne zestawienie mi\u0119dzy wygod\u0105 [&hellip;]<\/p>\n","protected":false},"featured_media":55341,"template":"","meta":[],"_links":{"self":[{"href":"https:\/\/profitstore.pl\/index.php\/wp-json\/wp\/v2\/product\/3448"}],"collection":[{"href":"https:\/\/profitstore.pl\/index.php\/wp-json\/wp\/v2\/product"}],"about":[{"href":"https:\/\/profitstore.pl\/index.php\/wp-json\/wp\/v2\/types\/product"}],"wp:featuredmedia":[{"embeddable":true,"href":"https:\/\/profitstore.pl\/index.php\/wp-json\/wp\/v2\/media\/55341"}],"wp:attachment":[{"href":"https:\/\/profitstore.pl\/index.php\/wp-json\/wp\/v2\/media?parent=3448"}],"curies":[{"name":"wp","href":"https:\/\/api.w.org\/{rel}","templated":true}]}}