{"id":1901,"date":"2021-09-28T06:36:34","date_gmt":"2021-09-28T06:36:34","guid":{"rendered":"https:\/\/profitstore.pl\/index.php\/produkt\/import-placeholder-for-1946\/"},"modified":"2021-09-28T06:36:35","modified_gmt":"2021-09-28T06:36:35","slug":"lozko-do-sypialni-alabama-z-krysztalkami-swarovskiego","status":"publish","type":"product","link":"https:\/\/profitstore.pl\/index.php\/produkt\/lozko-do-sypialni-alabama-z-krysztalkami-swarovskiego\/","title":{"rendered":"\u0141\u00f3\u017cko do sypialni  ALABAMA z kryszta\u0142kami swarovskiego"},"content":{"rendered":"<h1 class=\"content\">\u0141\u00f3\u017cko do sypialni ALABAMA z kryszta\u0142kami swarovskiego<\/h1>\n<div class=\"content\"><strong>\u0141\u00f3\u017cko<\/strong> to jeden z najwa\u017cniejszych mebli w ca\u0142ym mieszkaniu. Sp\u0119dzamy na nim co najmniej osiem godzin dziennie i jako\u015b\u0107 odpoczynku znacznie wp\u0142ywa na nasze samopoczucie i ilo\u015b\u0107 energii a w dalszej perspektywie <a href=\"https:\/\/aismeble.pl\/blog\/\">\u0142\u00f3\u017cko<\/a> ma tak\u017ce znaczny wp\u0142yw na nasze zdrowie. Dlatego zakup <a href=\"https:\/\/aismeble.pl\/blog\/\">\u0142\u00f3\u017cka do sypialni<\/a> powinien by\u0107 przemy\u015blany i postrzegany jako inwestycja w przysz\u0142o\u015b\u0107. Przy wyborze odpowiedniego\u00a0 \u0142\u00f3\u017cka kierujmy\u00a0 si\u0119 nie tylko nasz\u0105 wygod\u0105, ale r\u00f3wnie\u017c tym by \u0142\u00f3\u017cko pasowa\u0142y do naszego wn\u0119trza. Stanowi\u0142o harmoni\u0119 z ca\u0142\u0105 sypialni\u0105 i pozosta\u0142ymi meblami.<\/div>\n<div>Wychodz\u0105c naprzeciw pa\u0144stwa oczekiwa\u0144 ,prezentujemy model tapicerowanego \u0142\u00f3\u017cka\u00a0 Alabama z pi\u0119knym wezg\u0142owiem z kryszta\u0142kami swarovskiego .W zestawie z \u0142\u00f3\u017ckiem bardzo eleganckie i praktyczne stoliki nocne .<\/div>\n<div class=\"content\"><\/div>\n<div id=\"productDescription\" class=\"content\">\n<\/div>\n<div><strong>Parametry techniczne ;<\/strong><\/div>\n<div><\/div>\n<div>\n<div>*wykonane z p\u0142yty meblowej , drewna , pokryte piank\u0105 tapicersk\u0105<\/div>\n<div>*ca\u0142e \u0142\u00f3zko jest tapicerowane eko sk\u00f3r\u0105 lub tkanin\u0105<\/div>\n<div>*oparcie jest mi\u0119kkie z pianki tapicerskiej<\/div>\n<div>*\u0142\u00f3\u017cko zawiera n\u00f3\u017cki chromowane<\/div>\n<div>*\u0142\u00f3zko wysy\u0142amy w cz\u0119\u015bciach do samodzielnego monta\u017cu ( prosty intuicyjny monta\u017c )<\/div>\n<div>*stela\u017c wysy\u0142any w paczce do monta\u017cu<\/div>\n<div>*\u0142\u00f3\u017cko bez materaca ( mo\u017cna zakupi\u0107 u nas i transport jest tylko raz p\u0142atny\u00a0 )<\/div>\n<div>*materac preferowany jest o grubo\u015bci\u00a0 16-22cm<\/div>\n<div>*Instrukcja monta\u017cu oraz elementy monta\u017cowe do\u0142\u0105czone w\u00a0<a href=\"https:\/\/aismeble.pl\/2021\/05\/31\/wpis-1\/\">komplecie z<strong>\u00a0\u0142\u00f3\u017ckiem<\/strong><\/a>.<\/div>\n<div><\/div>\n<div>*Opcja wyboru z\u00a0<a href=\"https:\/\/lozka-tapicerowane-sypialnie.pl\/produkt\/oswietlenie-rgb-multikolor-2-piloty\/\">ledem RGB<\/a>\u00a0dotyczy o\u015bwietlenia w 20 zmiennych kolorach z dwoma pilotami ,dwa\u00a0 w\u0142\u0105czniki do gniazdka .<\/div>\n<\/div>\n<div id=\"productDescription\" class=\"content\">\n<p>\u00a0 \u00a0<img style=\"border: 0px; cursor: default;\" src=\"http:\/\/www.tapicerowane-lozka.pl\/files\/alabama-m-wym-lozka.jpg?t=1478196023130?t=1478196101575\" alt=\"\" \/><\/p>\n<p><strong>Wymiary;<\/strong><\/p>\n<p><img style=\"border: 0px; cursor: default;\" src=\"http:\/\/www.tapicerowane-lozka.pl\/files\/111111wez-m1.jpg?t=1478196134481\" alt=\"\" \/><\/p>\n<p>&nbsp;<\/p>\n<p><strong>Prosz\u0119 wybra\u0107 i okre\u015bli\u0107 z jakiego materia\u0142u mamy wykona\u0107 \u0142\u00f3\u017cko i opisa\u0107 w zam\u00f3wieniu<\/strong><\/p>\n<p><img src=\"https:\/\/marcusmeble.pl\/wp-content\/uploads\/2020\/07\/meble-kolory-probnik.jpg\" \/><\/p>\n<p>&nbsp;<\/p>\n<p>Na \u017cyczenie wysy\u0142amy pr\u00f3bki tkanin w celu weryfikacji koloru tkaniny (podane kolory na monitorze mog\u0105 nieznacznie r\u00f3\u017cni\u0107 si\u0119 od rzeczywistych).<\/p>\n<p><strong>Gdzie mo\u017cna z\u0142o\u017cy\u0107 zam\u00f3wienie ?<\/strong><\/p>\n<p>Zam\u00f3wienie mo\u017cna z\u0142o\u017cy\u0107 przez nasz sklep internetowy ,na\u00a0<a href=\"https:\/\/allegro.pl\/uzytkownik\/aismeble\">allegro<\/a>\u00a0jak r\u00f3wnie\u017c jeste\u015bmy pod telefonem i udzielamy wszelkich informacji dotycz\u0105cych naszych produkt\u00f3w oraz przyjmujemy zam\u00f3wienia .<\/p>\n<\/div>\n","protected":false},"excerpt":{"rendered":"<p>\u0141\u00f3\u017cko do sypialni ALABAMA z kryszta\u0142kami swarovskiego \u0141\u00f3\u017cko to jeden z najwa\u017cniejszych mebli w ca\u0142ym mieszkaniu. Sp\u0119dzamy na nim co najmniej osiem godzin dziennie i jako\u015b\u0107 odpoczynku znacznie wp\u0142ywa na nasze samopoczucie i ilo\u015b\u0107 energii a w dalszej perspektywie \u0142\u00f3\u017cko ma tak\u017ce znaczny wp\u0142yw na nasze zdrowie. Dlatego zakup \u0142\u00f3\u017cka do sypialni powinien by\u0107 przemy\u015blany [&hellip;]<\/p>\n","protected":false},"featured_media":71750,"template":"","meta":[],"_links":{"self":[{"href":"https:\/\/profitstore.pl\/index.php\/wp-json\/wp\/v2\/product\/1901"}],"collection":[{"href":"https:\/\/profitstore.pl\/index.php\/wp-json\/wp\/v2\/product"}],"about":[{"href":"https:\/\/profitstore.pl\/index.php\/wp-json\/wp\/v2\/types\/product"}],"wp:featuredmedia":[{"embeddable":true,"href":"https:\/\/profitstore.pl\/index.php\/wp-json\/wp\/v2\/media\/71750"}],"wp:attachment":[{"href":"https:\/\/profitstore.pl\/index.php\/wp-json\/wp\/v2\/media?parent=1901"}],"curies":[{"name":"wp","href":"https:\/\/api.w.org\/{rel}","templated":true}]}}