{"id":1804,"date":"2021-09-29T06:22:03","date_gmt":"2021-09-29T06:22:03","guid":{"rendered":"https:\/\/profitstore.pl\/index.php\/produkt\/import-placeholder-for-1884\/"},"modified":"2021-09-29T06:22:04","modified_gmt":"2021-09-29T06:22:04","slug":"lozko-tapicerowane-okragle-z-materacem-novia","status":"publish","type":"product","link":"https:\/\/profitstore.pl\/index.php\/produkt\/lozko-tapicerowane-okragle-z-materacem-novia\/","title":{"rendered":"\u0141\u00f3\u017cko tapicerowane  okr\u0105g\u0142e z materacem NOVIA"},"content":{"rendered":"<h2>\u0141\u00f3\u017cko tapicerowane okr\u0105g\u0142e z materacem NOVIA<\/h2>\n<p><strong>Nowoczesne, ekskluzywne, okr\u0105g\u0142e \u0142\u00f3\u017cko NOVIA<\/strong><\/p>\n<p>Idealnie wkomponuje si\u0119 w wystr\u00f3j ka\u017cdej sypialni<\/p>\n<p><strong>W zestawie znajduje si\u0119 materac piankowy \u015bredniotwardy oraz masywny stela\u017c!<\/strong><\/p>\n<p>Ca\u0142e\u00a0<strong>\u0142\u00f3\u017cko\u00a0<\/strong>\u00a0wykonane jest ze sk\u00f3ry ekologicznej lub wed\u0142ug \u017cyczenia klienta\u00a0 z tkaniny .<\/p>\n<div class=\"content\">\u00a0<strong>\u0141\u00f3\u017cka<\/strong>\u00a0wykonywane s\u0105 od podstaw przez wykwalifikowanych pracownik\u00f3w naszej firmy produkowane w Polsce .<\/div>\n<div><img src=\"http:\/\/www.tapicerowane-lozka.pl\/files\/n-m2.jpg?t=1485102591200\" \/><\/div>\n<div><img src=\"http:\/\/www.tapicerowane-lozka.pl\/files\/n-m3.jpg?t=1485102598840\" \/><\/div>\n<div><img src=\"http:\/\/www.tapicerowane-lozka.pl\/files\/novia3d.gif\" alt=\"design3d\" \/><\/div>\n<div><img src=\"http:\/\/www.tapicerowane-lozka.pl\/files\/nm-wymiary-lozka.jpg\" alt=\"\u00c5\u0082\u00c3\u00b3\u00c5\u00bcko novia sk\u00c3\u00b3ra ekologiczna\" \/><\/div>\n<div>\n<p><strong>Po z\u0142o\u017ceniu zam\u00f3wienia prosz\u0119 okre\u015bli\u0107 kolor i rodzaj materia\u0142u, z kt\u00f3rego ma by\u0107 wykonany\u00a0mebel.<\/strong><\/p>\n<p>&nbsp;<\/p>\n<p><img src=\"https:\/\/marcusmeble.pl\/wp-content\/uploads\/2020\/07\/meble-kolory-probnik.jpg\" \/><\/p>\n<p>&nbsp;<\/p>\n<p>Na \u017cyczenie wysy\u0142amy pr\u00f3bki tkanin w celu weryfikacji koloru tkaniny (podane kolory na monitorze mog\u0105 nieznacznie r\u00f3\u017cni\u0107 si\u0119 od rzeczywistych).<\/p>\n<p>Instrukcja monta\u017cu oraz elementy monta\u017cowe do\u0142\u0105czone w komplecie z<strong>\u00a0\u0142\u00f3\u017ckiem<\/strong>.<\/p>\n<p>&nbsp;<\/p>\n<\/div>\n","protected":false},"excerpt":{"rendered":"<p>\u0141\u00f3\u017cko tapicerowane okr\u0105g\u0142e z materacem NOVIA Nowoczesne, ekskluzywne, okr\u0105g\u0142e \u0142\u00f3\u017cko NOVIA Idealnie wkomponuje si\u0119 w wystr\u00f3j ka\u017cdej sypialni W zestawie znajduje si\u0119 materac piankowy \u015bredniotwardy oraz masywny stela\u017c! Ca\u0142e\u00a0\u0142\u00f3\u017cko\u00a0\u00a0wykonane jest ze sk\u00f3ry ekologicznej lub wed\u0142ug \u017cyczenia klienta\u00a0 z tkaniny . \u00a0\u0141\u00f3\u017cka\u00a0wykonywane s\u0105 od podstaw przez wykwalifikowanych pracownik\u00f3w naszej firmy produkowane w Polsce . Po z\u0142o\u017ceniu [&hellip;]<\/p>\n","protected":false},"featured_media":0,"template":"","meta":[],"_links":{"self":[{"href":"https:\/\/profitstore.pl\/index.php\/wp-json\/wp\/v2\/product\/1804"}],"collection":[{"href":"https:\/\/profitstore.pl\/index.php\/wp-json\/wp\/v2\/product"}],"about":[{"href":"https:\/\/profitstore.pl\/index.php\/wp-json\/wp\/v2\/types\/product"}],"wp:attachment":[{"href":"https:\/\/profitstore.pl\/index.php\/wp-json\/wp\/v2\/media?parent=1804"}],"curies":[{"name":"wp","href":"https:\/\/api.w.org\/{rel}","templated":true}]}}