{"id":1800,"date":"2021-09-30T06:36:35","date_gmt":"2021-09-30T06:36:35","guid":{"rendered":"https:\/\/profitstore.pl\/index.php\/produkt\/import-placeholder-for-1880\/"},"modified":"2021-09-30T06:36:37","modified_gmt":"2021-09-30T06:36:37","slug":"lozko-tapicerowane-harmony-led-2","status":"publish","type":"product","link":"https:\/\/profitstore.pl\/index.php\/produkt\/lozko-tapicerowane-harmony-led-2\/","title":{"rendered":"\u0141\u00f3\u017cko tapicerowane HARMONY LED 2"},"content":{"rendered":"<h2><strong>\u00a0 \u00a0 \u0141\u00f3\u017cko tapicerowane do sypialni HARMONY LED 2\u00a0 \u00a0 \u00a0 \u00a0 \u00a0 \u00a0 \u00a0 \u00a0 \u00a0 \u00a0 \u00a0<\/strong><\/h2>\n<p><a href=\"http:\/\/lozka-tapicerowane-sypialnie.pl\"> Sypialnia<\/a> jest jednym z najwa\u017cniejszych pomieszcze\u0144 w naszym mieszkaniu lub domu. S\u0142u\u017cy nam nie tylko do spania, ale tak\u017ce do odpoczynku i codziennego relaksu. Aran\u017cacja tego pomieszczenia jest niezwykle wa\u017cna, dlatego musimy zadba\u0107, by znalaz\u0142o si\u0119 w nim nowoczesne <a href=\"https:\/\/aismeble.pl\/blog\/\">\u0142\u00f3\u017cko do sypialni<\/a>.<\/p>\n<p><strong>\u0141\u00f3\u017cko<\/strong> jest niezb\u0119dnym elementem w ka\u017cdej sypialni. W naszej ofercie znajdziesz wyj\u0105tkowe\u00a0<strong>\u0142\u00f3\u017cka tapicerowane do sypialni<\/strong>, kt\u00f3re bez w\u0105tpienia spe\u0142ni\u0105 Twoje oczekiwania. Nasze\u00a0<strong>\u0142\u00f3\u017cka tapicerowane do sypialni<\/strong>\u00a0s\u0105 uosobieniem relaksu, wygody, ale r\u00f3wnie\u017c klasy i elegancji. Warto r\u00f3wnie\u017c zadba\u0107 o warto\u015bciowy sen, kt\u00f3ry wp\u0142ywa na nastr\u00f3j oraz motywacj\u0119 ka\u017cdego dnia.<\/p>\n<div class=\"content\"><\/div>\n<div class=\"content\">\n<\/div>\n<div id=\"productDescription\" class=\"content\">\n<div><strong>Parametry techniczne ;<\/strong><\/div>\n<div><\/div>\n<div>\n<div>*wykonane z p\u0142yty meblowej , drewna , pokryte piank\u0105 tapicersk\u0105<\/div>\n<div>*ca\u0142e \u0142\u00f3zko jest tapicerowane eko sk\u00f3r\u0105 lub tkanin\u0105<\/div>\n<div>*oparcie jest mi\u0119kkie z pianki tapicerskiej<\/div>\n<div>*\u0142\u00f3\u017cko zawiera n\u00f3\u017cki chromowane<\/div>\n<div>*\u0142\u00f3zko wysy\u0142amy w cz\u0119\u015bciach do samodzielnego monta\u017cu ( prosty intuicyjny monta\u017c )<\/div>\n<div>*stela\u017c wysy\u0142any w paczce do monta\u017cu<\/div>\n<div>*\u0142\u00f3\u017cko bez materaca ( mo\u017cna zakupi\u0107 u nas i transport jest tylko raz p\u0142atny\u00a0 )<\/div>\n<div>*materac preferowany jest o grubo\u015bci\u00a0 16-22cm<\/div>\n<div>*Instrukcja monta\u017cu oraz elementy monta\u017cowe do\u0142\u0105czone w\u00a0<a href=\"https:\/\/aismeble.pl\/2021\/05\/31\/wpis-1\/\">komplecie z<strong>\u00a0\u0142\u00f3\u017ckiem<\/strong><\/a>.<\/div>\n<div>*Opcja wyboru z\u00a0<a href=\"https:\/\/lozka-tapicerowane-sypialnie.pl\/produkt\/oswietlenie-rgb-multikolor-2-piloty\/\">ledem RGB<\/a> dotyczy o\u015bwietlenia w 20 zmiennych kolorach z dwoma pilotami ,dwa\u00a0 w\u0142\u0105czniki do gniazdka( jest to pod\u015bwietlenie pod \u0142\u00f3\u017ckiem z prawej i lewej strony \u0142\u00f3\u017cka\u00a0 )<\/div>\n<\/div>\n<p>&nbsp;<\/p>\n<\/div>\n<div id=\"productDescription\" class=\"content\">\n<p><strong>Po z\u0142o\u017ceniu zam\u00f3wienia prosz\u0119 okre\u015bli\u0107 kolor i rodzaj materia\u0142u, z kt\u00f3rego ma by\u0107 wykonany\u00a0mebel,<\/strong><\/p>\n<p><strong>do wyboru eko sk\u00f3ra , tkanina ,sk\u00f3ra naturalna\u00a0<\/strong><\/p>\n<p>Wybieraj\u0105c<a href=\"https:\/\/aismeble.pl\/blog\/\">\u00a0\u0142\u00f3\u017cko do sypialni<\/a>\u00a0z\u00a0<strong>eko sk\u00f3ry<\/strong>\u00a0praktycznie nie wymaga ona \u017cadnej specjalnej piel\u0119gnacji , wystarczy przetrze\u0107 szatk\u0105 z kurzu lub przemy\u0107 ciep\u0142\u0105 wod\u0105 . Jest to dobre rozwi\u0105zanie na d\u0142ugie lata dla ludzi cz\u0119sto bardzo zabieganych ,r\u00f3wnie\u017c cena tapicerowanego \u0142\u00f3zka w eko sk\u00f3rze jest atrakcyjna .Tego typu wyko\u0144czenie nie sprawia problemu tapicerka sk\u00f3rzana jednak \u0142\u00f3\u017cka w\u00a0<strong>sk\u00f3rze naturalnej<\/strong>\u00a0s\u0105 zdecydowanie dro\u017csze , piel\u0119gnacja wymaga napuszenie preparatem do sk\u00f3ry i mamy pi\u0119kny meble na wiele lat .Natomiast bardzo praktyczne jest wykonanie t<strong>kaninie velur\u00a0<\/strong>gdy\u017c jest ciep\u0142a, mi\u0142a i przyjemna w dotyku .<\/p>\n<p><strong>Wybierz kolor A \u2013 kolor g\u0142\u00f3wny , B- kolor poduszki i wn\u0119ki wezg\u0142owia<\/strong><\/p>\n<p><img src=\"https:\/\/marcusmeble.pl\/wp-content\/uploads\/2020\/07\/meble-kolory-probnik.jpg\" \/><\/p>\n<p>&nbsp;<\/p>\n<p>Na \u017cyczenie wysy\u0142amy pr\u00f3bki tkanin w celu weryfikacji koloru tkaniny (podane kolory na monitorze mog\u0105 nieznacznie r\u00f3\u017cni\u0107 si\u0119 od rzeczywistych).<\/p>\n<p>&nbsp;<\/p>\n<\/div>\n","protected":false},"excerpt":{"rendered":"<p>\u00a0 \u00a0 \u0141\u00f3\u017cko tapicerowane do sypialni HARMONY LED 2\u00a0 \u00a0 \u00a0 \u00a0 \u00a0 \u00a0 \u00a0 \u00a0 \u00a0 \u00a0 \u00a0 Sypialnia jest jednym z najwa\u017cniejszych pomieszcze\u0144 w naszym mieszkaniu lub domu. S\u0142u\u017cy nam nie tylko do spania, ale tak\u017ce do odpoczynku i codziennego relaksu. Aran\u017cacja tego pomieszczenia jest niezwykle wa\u017cna, dlatego musimy zadba\u0107, by znalaz\u0142o si\u0119 [&hellip;]<\/p>\n","protected":false},"featured_media":0,"template":"","meta":[],"_links":{"self":[{"href":"https:\/\/profitstore.pl\/index.php\/wp-json\/wp\/v2\/product\/1800"}],"collection":[{"href":"https:\/\/profitstore.pl\/index.php\/wp-json\/wp\/v2\/product"}],"about":[{"href":"https:\/\/profitstore.pl\/index.php\/wp-json\/wp\/v2\/types\/product"}],"wp:attachment":[{"href":"https:\/\/profitstore.pl\/index.php\/wp-json\/wp\/v2\/media?parent=1800"}],"curies":[{"name":"wp","href":"https:\/\/api.w.org\/{rel}","templated":true}]}}