{"id":1783,"date":"2021-03-19T07:28:19","date_gmt":"2021-03-19T07:28:19","guid":{"rendered":"https:\/\/profitstore.pl\/index.php\/produkt\/import-placeholder-for-1862\/"},"modified":"2021-03-19T07:28:22","modified_gmt":"2021-03-19T07:28:22","slug":"lozko-ramona-120x200","status":"publish","type":"product","link":"https:\/\/profitstore.pl\/index.php\/produkt\/lozko-ramona-120x200\/","title":{"rendered":"\u0141\u00d3\u017bKO  RAMONA 120X200"},"content":{"rendered":"<p><strong>\u00a0 \u00a0 \u00a0<\/strong>\u00a0 \u00a0 \u00a0 \u00a0 \u00a0 \u00a0 \u00a0 \u00a0\u00a0<strong>\u00a0 \u00a0 \u00a0 \u00a0 \u00a0 \u00a0 \u00a0 \u00a0RAMONA<\/strong><\/p>\n<div class=\"content\"><\/div>\n<div class=\"content\">Ca\u0142e\u00a0<strong>\u0142\u00f3\u017cko\u00a0<\/strong>\u00a0wykonane jest z stali malowanej proszkowo na kolor czarny.<\/div>\n<div class=\"content\"><\/div>\n<div class=\"content\"><strong>Mebel\u00a0<\/strong>\u00a0wykonany jest z najwi\u0119ksz\u0105 staranno\u015bci\u0105 i dba\u0142o\u015bci\u0105 o ka\u017cdy detal.<\/div>\n<div class=\"content\"><\/div>\n<div class=\"content\">Nowoczesny designe przyci\u0105gnie wzrok nawet najbardziej wymagaj\u0105cych.<\/div>\n<div class=\"content\"><\/div>\n<div class=\"content\"><\/div>\n<div class=\"content\">\n<div class=\"content\"><\/div>\n<div class=\"content\"><strong>\u00a0<\/strong><\/div>\n<\/div>\n<div class=\"content\"><\/div>\n<div id=\"productDescription\" class=\"content\">\n<p>\u00a0<img loading=\"lazy\" src=\"http:\/\/halmar.pl\/wp-content\/uploads\/RAMONA.jpg\" alt=\"\" width=\"855\" height=\"607\" \/><\/p>\n<p><span style=\"color: #666666; font-family: Verdana, Arial, sans-serif; font-size: 12.996px;\">\u00a0<\/span><\/p>\n<p><strong>-\u0141\u00f3\u017cko pod materac <\/strong><strong>\u00a0120&#215;200<\/strong><\/p>\n<p>WYMIARY<\/p>\n<p>SZEROKO\u015a\u0106 \u00a0&#8211; 131 \u00a0CM<\/p>\n<p>D\u0141UGO\u015a\u0106- 208 CM<\/p>\n<p>WYSOKO\u015a\u0106 &#8211; 90 CM<\/p>\n<p><strong>\u00a0<\/strong><\/p>\n<p><strong>WSZELKICH PORAD UDZIELAMY POD NUMEREM TELEFONU ; 600 335 659<\/strong><\/p>\n<p><strong>\u00a0<\/strong><\/p>\n<p>W zestawie brak materaca, kt\u00f3ry mo\u017cna dokupi\u0107 w naszym sklepie.<\/p>\n<\/div>\n","protected":false},"excerpt":{"rendered":"<p>\u00a0 \u00a0 \u00a0\u00a0 \u00a0 \u00a0 \u00a0 \u00a0 \u00a0 \u00a0 \u00a0\u00a0\u00a0 \u00a0 \u00a0 \u00a0 \u00a0 \u00a0 \u00a0 \u00a0RAMONA Ca\u0142e\u00a0\u0142\u00f3\u017cko\u00a0\u00a0wykonane jest z stali malowanej proszkowo na kolor czarny. Mebel\u00a0\u00a0wykonany jest z najwi\u0119ksz\u0105 staranno\u015bci\u0105 i dba\u0142o\u015bci\u0105 o ka\u017cdy detal. Nowoczesny designe przyci\u0105gnie wzrok nawet najbardziej wymagaj\u0105cych. \u00a0 \u00a0 \u00a0 -\u0141\u00f3\u017cko pod materac \u00a0120&#215;200 WYMIARY SZEROKO\u015a\u0106 \u00a0&#8211; 131 \u00a0CM [&hellip;]<\/p>\n","protected":false},"featured_media":0,"template":"","meta":[],"_links":{"self":[{"href":"https:\/\/profitstore.pl\/index.php\/wp-json\/wp\/v2\/product\/1783"}],"collection":[{"href":"https:\/\/profitstore.pl\/index.php\/wp-json\/wp\/v2\/product"}],"about":[{"href":"https:\/\/profitstore.pl\/index.php\/wp-json\/wp\/v2\/types\/product"}],"wp:attachment":[{"href":"https:\/\/profitstore.pl\/index.php\/wp-json\/wp\/v2\/media?parent=1783"}],"curies":[{"name":"wp","href":"https:\/\/api.w.org\/{rel}","templated":true}]}}