{"id":17781,"date":"2019-09-09T11:19:42","date_gmt":"2019-09-09T11:19:42","guid":{"rendered":"https:\/\/profitstore.pl\/index.php\/produkt\/worek-do-makita-vc-2010l-vc-2511-vc-2012l-karcher-wd-6\/"},"modified":"2022-08-25T09:33:15","modified_gmt":"2022-08-25T09:33:15","slug":"worek-do-makita-vc-2010l-vc-2511-vc-2012l-karcher-wd-6","status":"publish","type":"product","link":"https:\/\/profitstore.pl\/index.php\/produkt\/worek-do-makita-vc-2010l-vc-2511-vc-2012l-karcher-wd-6\/","title":{"rendered":"Worek do MAKITA VC 2010L, VC 2511, VC 2012L, KARCHER WD 6"},"content":{"rendered":"<p>Worek przeznaczony s\u0105 do nast\u0119puj\u0105cych modeli odkurzaczy:<\/p>\n<p>DEDRA:\u00a06602<br \/>\nDEXTER:\u00a0DXS 99P,\u00a0VQ1420SFD<br \/>\nFEIN:\u00a0Dustex 25<br \/>\nGRAPHITE:\u00a059G607<br \/>\nHAGEN:\u00a0TTD VC30<br \/>\nHAMACH:\u00a0HMV 2500,\u00a0HMV 3,\u00a0HMV 5,\u00a0HMV 7<br \/>\nK\u00c4RCHER:\u00a0MV 6,\u00a0MV 6 Premium,\u00a0WD 6 Premium,\u00a0WD 7.000-7.800<br \/>\nMAKITA:\u00a0VC 2012 L,\u00a0VC 2211 MX1,\u00a0VC 2510 LX1,\u00a0VC 2512 L,\u00a0VC 3011 L,\u00a0VC 3210 LX1,\u00a0VC 3211 HX1<br \/>\nNILFISK:\u00a0Multi 30<br \/>\nNILFISK-ALTO:\u00a0Aero 31-21<br \/>\nOBI:\u00a0NTS<br \/>\nPANSAM:\u00a0A063040 ,\u00a0A065000,\u00a0A065010,\u00a0A065020,\u00a0A065030<br \/>\nPARKSIDE:\u00a0PNTS 1500 C4<br \/>\nSPARKY:\u00a0VC 1431 MS<\/p>\n<p>Worki s\u0105 zamiennikami, nazwy marek i urz\u0105dze\u0144 zosta\u0142y u\u017cyte w celu identyfikacji produktu.<\/p>\n","protected":false},"excerpt":{"rendered":"<p>PVF-UNI30S &#8211; 1szt.<\/p>\n","protected":false},"featured_media":0,"template":"","meta":[],"_links":{"self":[{"href":"https:\/\/profitstore.pl\/index.php\/wp-json\/wp\/v2\/product\/17781"}],"collection":[{"href":"https:\/\/profitstore.pl\/index.php\/wp-json\/wp\/v2\/product"}],"about":[{"href":"https:\/\/profitstore.pl\/index.php\/wp-json\/wp\/v2\/types\/product"}],"wp:attachment":[{"href":"https:\/\/profitstore.pl\/index.php\/wp-json\/wp\/v2\/media?parent=17781"}],"curies":[{"name":"wp","href":"https:\/\/api.w.org\/{rel}","templated":true}]}}