{"id":17754,"date":"2019-09-09T11:19:30","date_gmt":"2019-09-09T11:19:30","guid":{"rendered":"https:\/\/profitstore.pl\/index.php\/produkt\/worki-do-odkurzacza-karcher-wd2-typ-6-904-322-0-5szt\/"},"modified":"2022-08-25T09:33:21","modified_gmt":"2022-08-25T09:33:21","slug":"worki-do-odkurzacza-karcher-wd2-typ-6-904-322-0-5szt","status":"publish","type":"product","link":"https:\/\/profitstore.pl\/index.php\/produkt\/worki-do-odkurzacza-karcher-wd2-typ-6-904-322-0-5szt\/","title":{"rendered":"Worki do odkurzacza KARCHER WD2 typ: 6.904.322.0 5szt."},"content":{"rendered":"<p>Worki pasuj\u0105 do nast\u0119puj\u0105cych modeli odkurzacza K\u00c4RCHER:<\/p>\n<p>6.904-322.0<br \/>\nA 2003<br \/>\nA 2004<br \/>\nA 2014 CV<br \/>\nA 2014 CarVac<br \/>\nA 2024 PT<br \/>\nA 2054 ME<br \/>\nA 2074<br \/>\nS 2500<br \/>\nMV 2<br \/>\nWD 2<br \/>\nWD 2.200<br \/>\nPTS 2500<\/p>\n<p>Worki s\u0105 zamiennikami. Nazwy urz\u0105dze\u0144, cz\u0119\u015bci i marek zosta\u0142y u\u017cyte w celu identyfikacji produktu.<\/p>\n","protected":false},"excerpt":{"rendered":"<p>PVF-K13S-2-5szt.<\/p>\n","protected":false},"featured_media":0,"template":"","meta":[],"_links":{"self":[{"href":"https:\/\/profitstore.pl\/index.php\/wp-json\/wp\/v2\/product\/17754"}],"collection":[{"href":"https:\/\/profitstore.pl\/index.php\/wp-json\/wp\/v2\/product"}],"about":[{"href":"https:\/\/profitstore.pl\/index.php\/wp-json\/wp\/v2\/types\/product"}],"wp:attachment":[{"href":"https:\/\/profitstore.pl\/index.php\/wp-json\/wp\/v2\/media?parent=17754"}],"curies":[{"name":"wp","href":"https:\/\/api.w.org\/{rel}","templated":true}]}}