{"id":17622,"date":"2019-09-09T11:18:54","date_gmt":"2019-09-09T11:18:54","guid":{"rendered":"https:\/\/profitstore.pl\/index.php\/produkt\/worki-wlokninowe-antyalergiczne-do-graphite-einhell-michelin-parkside-5szt\/"},"modified":"2022-08-25T09:33:30","modified_gmt":"2022-08-25T09:33:30","slug":"worki-wlokninowe-antyalergiczne-do-graphite-einhell-michelin-parkside-5szt","status":"publish","type":"product","link":"https:\/\/profitstore.pl\/index.php\/produkt\/worki-wlokninowe-antyalergiczne-do-graphite-einhell-michelin-parkside-5szt\/","title":{"rendered":"Worki w\u0142\u00f3kninowe, antyalergiczne do GRAPHITE, EINHELL, MICHELIN, PARKSIDE &#8211; 5szt."},"content":{"rendered":"<p>Worki przeznaczone do nast\u0119puj\u0105cych modeli odkurzaczy:<\/p>\n<p>BERYL\u00a0Beryl<br \/>\nDE LONGHI\u00a0Al = Penta, Bl = Compra, M 31, PNTS 1300, XD 100 PS Domoscout, XD 1000 EX, XD 1000 EX Domo Exe, XD 1000 PD Comp Dry, XD 1036 MV, XD 1064 MV,<br \/>\nXW 1200 PS Domoscout, XW 1200 SD W\/D Domo Penta<br \/>\nLIV\u00a0Aqua Dart 30, Bidon 20L, Bidon 30L, Extra 3000, Jazz 20 P, Jazz Extra 2000, Jazz Extra 30<br \/>\nOMEGA\u00a0Rio 1500<br \/>\nPOWERMAT\u00a01400W 20L<br \/>\nPARKSIDE\u00a0PNTS 1250, PNTS 1300, PNTS 1400, PNTS 1500<br \/>\nEINHELL\u00a0BT-VC 1250 S, TH-VC 1820\/1S, RT-VC 1500, RT-VC 1600<br \/>\nSIDEME\u00a0Techni Clean<br \/>\nSTRZELEC\u00a0JAZZ 20 P<br \/>\nMICHELIN\u00a0VCX \u00a0&#8211; 20 L<\/p>\n<p>Nazwy marek i urz\u0105dze\u0144 u\u017cyte zosta\u0142y w celu identyfikacji produktu.<\/p>\n","protected":false},"excerpt":{"rendered":"<p>PVF-4769S &#8211; 5szt.<\/p>\n","protected":false},"featured_media":0,"template":"","meta":[],"_links":{"self":[{"href":"https:\/\/profitstore.pl\/index.php\/wp-json\/wp\/v2\/product\/17622"}],"collection":[{"href":"https:\/\/profitstore.pl\/index.php\/wp-json\/wp\/v2\/product"}],"about":[{"href":"https:\/\/profitstore.pl\/index.php\/wp-json\/wp\/v2\/types\/product"}],"wp:attachment":[{"href":"https:\/\/profitstore.pl\/index.php\/wp-json\/wp\/v2\/media?parent=17622"}],"curies":[{"name":"wp","href":"https:\/\/api.w.org\/{rel}","templated":true}]}}