{"id":17608,"date":"2021-01-28T15:01:18","date_gmt":"2021-01-28T15:01:18","guid":{"rendered":"https:\/\/profitstore.pl\/index.php\/produkt\/worki-do-miele-m-3-exquisit-he-mondia-senator-s-pfiff-5szt\/"},"modified":"2022-08-25T09:33:13","modified_gmt":"2022-08-25T09:33:13","slug":"worki-do-miele-m-3-exquisit-he-mondia-senator-s-pfiff-5szt","status":"publish","type":"product","link":"https:\/\/profitstore.pl\/index.php\/produkt\/worki-do-miele-m-3-exquisit-he-mondia-senator-s-pfiff-5szt\/","title":{"rendered":"WORKI DO MIELE M-3 Exquisit HE, Mondia, Senator S, Pfiff 5szt."},"content":{"rendered":"<p>Worek przeznaczony do odkurzaczy MIELE: S 125 &#8211; S 138, \u00a0 Exquisit HE 100, \u00a0\u00a0 Meteor 100,\u00a0 \u00a0 Mondia, \u00a0\u00a0 \u00a0 Senator S 125\/B, \u00a0 Senator SE, \u00a0 Pfiff, Wymiary worka: d\u0142ugo\u015b\u0107 190 mm, szeroko\u015b\u0107 158 mm, wysoko\u015b\u0107 123 mm Wymiary tekturki: 97 mm x 73 mm (z uchwytem 97 mm), otw\u00f3r 45 mm<\/p>\n<p>Poni\u017cej przedstawiamy sprzedawany produkt:  <\/p>\n<p><img src=\"https:\/\/pureventfilters.eu\/1374-large_default\/worki-do-miele-m-3-exquisit-he-mondia-senator-s-pfiff-5szt.jpg\" alt=\"WORKI DO MIELE M-3 Exquisit HE, Mondia, Senator S, Pfiff 5szt.\" \/><\/p>\n","protected":false},"excerpt":{"rendered":"<p>Worek przeznaczony do odkurzaczy MIELE: S 125 &#8211; S 138, \u00a0 Exquisit HE 100, \u00a0\u00a0 Meteor 100,\u00a0 \u00a0 Mondia, \u00a0\u00a0 \u00a0 Senator S 125\/B, \u00a0 Senator SE, \u00a0 Pfiff, Wymiary worka: d\u0142ugo\u015b\u0107 190 mm, szeroko\u015b\u0107 158 mm, wysoko\u015b\u0107 123 mm Wymiary tekturki: 97 mm x 73 mm (z uchwytem 97 mm), otw\u00f3r 45 mm Poni\u017cej [&hellip;]<\/p>\n","protected":false},"featured_media":28410,"template":"","meta":[],"_links":{"self":[{"href":"https:\/\/profitstore.pl\/index.php\/wp-json\/wp\/v2\/product\/17608"}],"collection":[{"href":"https:\/\/profitstore.pl\/index.php\/wp-json\/wp\/v2\/product"}],"about":[{"href":"https:\/\/profitstore.pl\/index.php\/wp-json\/wp\/v2\/types\/product"}],"wp:featuredmedia":[{"embeddable":true,"href":"https:\/\/profitstore.pl\/index.php\/wp-json\/wp\/v2\/media\/28410"}],"wp:attachment":[{"href":"https:\/\/profitstore.pl\/index.php\/wp-json\/wp\/v2\/media?parent=17608"}],"curies":[{"name":"wp","href":"https:\/\/api.w.org\/{rel}","templated":true}]}}