{"id":17592,"date":"2019-09-09T11:18:49","date_gmt":"2019-09-09T11:18:49","guid":{"rendered":"https:\/\/profitstore.pl\/index.php\/produkt\/worki-do-miele-m-5-calypso-cosmos-electronic-rubin-superior-turbo-5szt\/"},"modified":"2022-08-25T09:33:34","modified_gmt":"2022-08-25T09:33:34","slug":"worki-do-miele-m-5-calypso-cosmos-electronic-rubin-superior-turbo-5szt","status":"publish","type":"product","link":"https:\/\/profitstore.pl\/index.php\/produkt\/worki-do-miele-m-5-calypso-cosmos-electronic-rubin-superior-turbo-5szt\/","title":{"rendered":"WORKI DO MIELE M-5 Calypso, Cosmos, Electronic, Rubin, Superior, Turbo 5szt."},"content":{"rendered":"<p>Worek przeznaczony do odkurzaczy MIELE:Active TeamAllergy Control S 300Alu MagicAmbienteAnniversary 100 S 250Anniversary 100 S 300Black DiamondBlue MagicBlue VertBrilliant 2400Brilliant\u00a03500CalypsoCat &#038; DogCat &#038; Dog 700CommodoreCosmosEuroclassic\u00a03500Euroclassic 2200Elna Cat\u00a0&#038; DogEspritEurostar S 300Exclusive S 300Expert S 300Expert 1500Exquisit GTIExquisit\u00a0XSElectronicElectronic 1400Electronic 2000Electronic\u00a02500Electronic 2100Electronic 3000Electronic 3100Electronic\u00a03200Electronic 3300Electronic 3400Electronic 3500Elna Cat\u00a0&#038; DogEspritEuroclassic 2200Eurostar S 250Eurostar S 300Exclusive S 250Exclusive S 300Excellent CompactExquisit CExpert S 300Expert 1500Exquisit GTIExquisit SE 250Exquisit\u00a0XSFestivalFlamenco IIFuchsiaGalaGold 2000 S 300JazzMedivac S 300Meteor CMeteor GMeteor\u00a0SMeteor GTMondia JSMondia RSMondia TSNovostarParquet\u00a0TeamPassionPeppermintPlatinumPlusPowerPower 1500Red MagicRed StarRed ZacRubin 1400 iS 300 399iSambaSenatorSenator CLSenator CSSenator SLSenator 1400 CSenator 1500 CSilverstar S 300SmaragdSolutionSpecialSunflowerSunshineSuperior 1400Superior 1450Superior 1500Superior 1550Superior\u00a01600Top ModelTopasTropicTurboTurboteamTurboteam Plus S 021Turboteam 300Weltstar 1400Weltstar 2100White Pearl 300White Star 300White Star S 250Performance 2300WELTSTAR14002100<br \/>\n\u00a0Wymiary worka: d\u0142ugo\u015b\u0107 215 mm, szeroko\u015b\u0107 195 mm, wysoko\u015b\u0107 128 mmWymiary tekturki: 94 mm x 90 mm (z uchwytem 111mm), otw\u00f3r 43 mm<\/p>\n","protected":false},"excerpt":{"rendered":"<p>PVF-1614 &#8211; 5szt.<\/p>\n","protected":false},"featured_media":0,"template":"","meta":[],"_links":{"self":[{"href":"https:\/\/profitstore.pl\/index.php\/wp-json\/wp\/v2\/product\/17592"}],"collection":[{"href":"https:\/\/profitstore.pl\/index.php\/wp-json\/wp\/v2\/product"}],"about":[{"href":"https:\/\/profitstore.pl\/index.php\/wp-json\/wp\/v2\/types\/product"}],"wp:attachment":[{"href":"https:\/\/profitstore.pl\/index.php\/wp-json\/wp\/v2\/media?parent=17592"}],"curies":[{"name":"wp","href":"https:\/\/api.w.org\/{rel}","templated":true}]}}