{"id":1740,"date":"2019-07-05T13:53:44","date_gmt":"2019-07-05T13:53:44","guid":{"rendered":"https:\/\/profitstore.pl\/index.php\/produkt\/import-placeholder-for-1843\/"},"modified":"2019-07-05T14:08:11","modified_gmt":"2019-07-05T14:08:11","slug":"zestaw-lozko-charo-materac-kieszeniowy-verona","status":"publish","type":"product","link":"https:\/\/profitstore.pl\/index.php\/produkt\/zestaw-lozko-charo-materac-kieszeniowy-verona\/","title":{"rendered":"Zestaw- \u0142\u00f3\u017cko CHARO   MATERAC KIESZENIOWY VERONA"},"content":{"rendered":"<p><strong>ZESTAW ZAWIERA:<\/strong><\/p>\n<p><strong>\u00a0\u0141\u00d3\u017bKO CHARO<\/strong><\/p>\n<p><strong>\u00a0MATERAC KIESZENIOWY SIEDMIOSTREFOWY\u00a0<\/strong><\/p>\n<p><strong>STELA\u017b POD MATERAC<\/strong><\/p>\n<div class=\"content\"><\/div>\n<div class=\"content\"><\/div>\n<div class=\"content\"><strong>\u00a0 \u00a0 \u00a0 \u00a0 \u00a0 \u00a0 \u00a0 \u00a0 \u00a0 \u00a0 \u00a0 \u00a0 \u00a0 \u00a0 \u00a0 \u00a0 \u00a0 \u00a0 \u00a0 \u00a0 CHARO<\/strong><\/div>\n<div class=\"content\"><\/div>\n<div class=\"content\">Ca\u0142e\u00a0<strong>\u0142\u00f3\u017cko\u00a0<\/strong>\u00a0wykonane jest ze sk\u00f3ry ekologicznej lub wed\u0142ug \u017cyczenia klienta\u00a0 z tkaniny .<\/div>\n<div class=\"content\"><strong>\u0141\u00d3\u017bKO W \u00a0ZESTAWIE POSIADA STOLIKI NOCNE!!!<\/strong><\/div>\n<div class=\"content\">\u00a0\u00a0<img style=\"border: 0px; cursor: default;\" src=\"http:\/\/www.tapicerowane-lozka.pl\/files\/cha-m1.jpg?t=1478018440177\" alt=\"\" \/><\/div>\n<p><img style=\"border: 0px; cursor: default;\" src=\"http:\/\/www.tapicerowane-lozka.pl\/files\/charo-m-wym-lozko.jpg?t=1478200873153\" alt=\"\" \/><\/p>\n<p><strong>MATERAC:<\/strong><\/p>\n<div id=\"productDescription\" class=\"content\">\n<p><img src=\"https:\/\/sklepmarcusmeble.pl\/files\/materacSabina P3 -lozka.jpg\" alt=\"http:\/\/www.sklepmarcusmeble.pl\/files\/materacSabina P3 -lozka.jpg\" \/><\/p>\n<p><strong>\u00a0Materac<\/strong>\u00a0zbudowany ze spr\u0119\u017cyn kieszeniowych 7-strefowych, przek\u0142adek tapicerskich, warstwy bawe\u0142ny i we\u0142ny owczej co daje wysoki komfort snu i idealne dopasowanie si\u0119 do kszta\u0142tu cia\u0142a.<\/p>\n<p><strong>Pokrowiec<\/strong>\u00a0pikowany z dzianiny, polecany r\u00f3wnie\u017c alergikom (antyalergiczny).<\/p>\n<p><strong>Materac<\/strong>\u00a0dwustronny!!! Zima-lato!<\/p>\n<p>Wysoko\u015b\u0107 20 cm.<\/p>\n<p><strong>Masywny stela\u017c dopasowany do ka\u017cdego materaca :<\/strong><\/p>\n<p><img src=\"http:\/\/projekty.rankhouse.pl\/aismeble\/img\/cms\/stela\u017cz.jpg\" \/><\/p>\n<p>N\u00f3\u017cki do\u00a0<strong>\u0142\u00f3\u017cka<\/strong>\u00a0wykonane ze stali chromowanej .<\/p>\n<p><strong>\u00a0<\/strong><\/p>\n<p><strong>WSZELKICH PORAD UDZIELAMY POD NUMEREM TELEFONU ; 600 335 659<\/strong><\/p>\n<p><strong><span style=\"text-decoration: underline;\"><em>CA\u0141KOWITE<\/em><em>\u00a0\u00a0WYMIARY \u0141\u00d3\u017bEK Z POSZCZEG\u00d3LNYMI ROZMIARAMI MATERACA:<\/em><\/span><\/strong><\/p>\n<p><strong>\u0141\u00f3\u017cko pod materac 120<\/strong><strong>\u00a0x 200 \u00a0 \u00a0 \u00a0 \u00a0 \u00a0<\/strong><strong>\u0141\u00f3\u017cko pod materac 140<\/strong><strong>\u00a0x 200 \u00a0 \u00a0 \u00a0 \u00a0 \u00a0<\/strong><strong>\u0141\u00f3\u017cko pod materac 140<\/strong><strong>\u00a0x 220 \u00a0 \u00a0 \u00a0 \u00a0\u00a0<\/strong><strong><br \/>\n<\/strong><\/p>\n<p>WYMIARY \u00a0 \u00a0 \u00a0 \u00a0 \u00a0 \u00a0 \u00a0 \u00a0 \u00a0 \u00a0 \u00a0 \u00a0 \u00a0 \u00a0 \u00a0 \u00a0 \u00a0 \u00a0 \u00a0 \u00a0 \u00a0 \u00a0 \u00a0 WYMIARY \u00a0 \u00a0 \u00a0 \u00a0 \u00a0 \u00a0 \u00a0 \u00a0 \u00a0 \u00a0 \u00a0 \u00a0 \u00a0 \u00a0 \u00a0 \u00a0 \u00a0 \u00a0 \u00a0 \u00a0 \u00a0 \u00a0 \u00a0WYMIARY<\/p>\n<p>SZEROKO\u015a\u0106 &#8211; 190 CM \u00a0 \u00a0 \u00a0 \u00a0 \u00a0 \u00a0 \u00a0 \u00a0 \u00a0 \u00a0 \u00a0 \u00a0 \u00a0 \u00a0 SZEROKO\u015a\u0106 &#8211; 210 CM \u00a0 \u00a0 \u00a0 \u00a0 \u00a0 \u00a0 \u00a0 \u00a0 \u00a0 \u00a0 \u00a0 \u00a0 \u00a0 SZEROKO\u015a\u0106 &#8211; 210 CM<\/p>\n<p>D\u0141UGO\u015a\u0106 &#8211; 220 CM \u00a0 \u00a0 \u00a0 \u00a0 \u00a0 \u00a0 \u00a0 \u00a0 \u00a0 \u00a0 \u00a0 \u00a0 \u00a0 \u00a0 \u00a0 \u00a0 \u00a0D\u0141UGO\u015a\u0106 &#8211; 220 CM \u00a0 \u00a0 \u00a0 \u00a0 \u00a0 \u00a0 \u00a0 \u00a0 \u00a0 \u00a0 \u00a0 \u00a0 \u00a0 \u00a0 \u00a0 D\u0141UGO\u015a\u0106 &#8211; 240 CM<\/p>\n<p>WYSOKO\u015a\u0106 &#8211; 100 CM \u00a0 \u00a0 \u00a0 \u00a0 \u00a0 \u00a0 \u00a0 \u00a0 \u00a0 \u00a0 \u00a0 \u00a0 \u00a0 \u00a0 \u00a0 \u00a0 WYSOKO\u015a\u0106 &#8211; 100 CM \u00a0 \u00a0 \u00a0 \u00a0 \u00a0 \u00a0 \u00a0 \u00a0 \u00a0 \u00a0 \u00a0 \u00a0 \u00a0 \u00a0 \u00a0 WYSOKO\u015a\u0106 &#8211; 100 CM<\/p>\n<p><strong>\u0141\u00f3\u017cko pod materac 160<\/strong><strong>\u00a0x 200 \u00a0 \u00a0 \u00a0 \u00a0 \u00a0<\/strong><strong>\u0141\u00f3\u017cko pod materac 160<\/strong><strong>\u00a0x 220 \u00a0 \u00a0 \u00a0 \u00a0 \u00a0<\/strong><strong>\u0141\u00f3\u017cko pod materac 180<\/strong><strong>\u00a0x 200 \u00a0 \u00a0 \u00a0 \u00a0\u00a0<\/strong><strong><br \/>\n<\/strong><\/p>\n<p>WYMIARY \u00a0 \u00a0 \u00a0 \u00a0 \u00a0 \u00a0 \u00a0 \u00a0 \u00a0 \u00a0 \u00a0 \u00a0 \u00a0 \u00a0 \u00a0 \u00a0 \u00a0 \u00a0 \u00a0 \u00a0 \u00a0 \u00a0 \u00a0 WYMIARY \u00a0 \u00a0 \u00a0 \u00a0 \u00a0 \u00a0 \u00a0 \u00a0 \u00a0 \u00a0 \u00a0 \u00a0 \u00a0 \u00a0 \u00a0 \u00a0 \u00a0 \u00a0 \u00a0 \u00a0 \u00a0 \u00a0 \u00a0WYMIARY<\/p>\n<p>SZEROKO\u015a\u0106 &#8211; 230 CM \u00a0 \u00a0 \u00a0 \u00a0 \u00a0 \u00a0 \u00a0 \u00a0 \u00a0 \u00a0 \u00a0 \u00a0 \u00a0 \u00a0 SZEROKO\u015a\u0106 &#8211; 230 CM \u00a0 \u00a0 \u00a0 \u00a0 \u00a0 \u00a0 \u00a0 \u00a0 \u00a0 \u00a0 \u00a0 \u00a0 \u00a0 SZEROKO\u015a\u0106 &#8211; 250 CM<\/p>\n<p>D\u0141UGO\u015a\u0106 &#8211; 220 CM \u00a0 \u00a0 \u00a0 \u00a0 \u00a0 \u00a0 \u00a0 \u00a0 \u00a0 \u00a0 \u00a0 \u00a0 \u00a0 \u00a0 \u00a0 \u00a0 \u00a0D\u0141UGO\u015a\u0106 &#8211; 240 CM \u00a0 \u00a0 \u00a0 \u00a0 \u00a0 \u00a0 \u00a0 \u00a0 \u00a0 \u00a0 \u00a0 \u00a0 \u00a0 \u00a0 \u00a0 D\u0141UGO\u015a\u0106 &#8211; 220 CM<\/p>\n<p>WYSOKO\u015a\u0106 &#8211; 100 CM \u00a0 \u00a0 \u00a0 \u00a0 \u00a0 \u00a0 \u00a0 \u00a0 \u00a0 \u00a0 \u00a0 \u00a0 \u00a0 \u00a0 \u00a0 \u00a0 WYSOKO\u015a\u0106 &#8211; 100 CM \u00a0 \u00a0 \u00a0 \u00a0 \u00a0 \u00a0 \u00a0 \u00a0 \u00a0 \u00a0 \u00a0 \u00a0 \u00a0 \u00a0 \u00a0 WYSOKO\u015a\u0106 &#8211; 100 CM<\/p>\n<p><strong>\u0141\u00f3\u017cko pod materac 180<\/strong><strong>\u00a0x 220 \u00a0 \u00a0 \u00a0 \u00a0 \u00a0<\/strong><strong>\u0141\u00f3\u017cko pod materac 200<\/strong><strong>\u00a0x 200 \u00a0 \u00a0 \u00a0 \u00a0 \u00a0<\/strong><strong>\u0141\u00f3\u017cko pod materac 200<\/strong><strong>\u00a0x 220 \u00a0 \u00a0 \u00a0 \u00a0\u00a0<\/strong><strong><br \/>\n<\/strong><\/p>\n<p>WYMIARY \u00a0 \u00a0 \u00a0 \u00a0 \u00a0 \u00a0 \u00a0 \u00a0 \u00a0 \u00a0 \u00a0 \u00a0 \u00a0 \u00a0 \u00a0 \u00a0 \u00a0 \u00a0 \u00a0 \u00a0 \u00a0 \u00a0 \u00a0 WYMIARY \u00a0 \u00a0 \u00a0 \u00a0 \u00a0 \u00a0 \u00a0 \u00a0 \u00a0 \u00a0 \u00a0 \u00a0 \u00a0 \u00a0 \u00a0 \u00a0 \u00a0 \u00a0 \u00a0 \u00a0 \u00a0 \u00a0 \u00a0WYMIARY<\/p>\n<p>SZEROKO\u015a\u0106 &#8211; 250 CM \u00a0 \u00a0 \u00a0 \u00a0 \u00a0 \u00a0 \u00a0 \u00a0 \u00a0 \u00a0 \u00a0 \u00a0 \u00a0 \u00a0 SZEROKO\u015a\u0106 &#8211; 270 CM \u00a0 \u00a0 \u00a0 \u00a0 \u00a0 \u00a0 \u00a0 \u00a0 \u00a0 \u00a0 \u00a0 \u00a0 \u00a0 SZEROKO\u015a\u0106 &#8211; 270 CM<\/p>\n<p>D\u0141UGO\u015a\u0106 &#8211; 240 CM \u00a0 \u00a0 \u00a0 \u00a0 \u00a0 \u00a0 \u00a0 \u00a0 \u00a0 \u00a0 \u00a0 \u00a0 \u00a0 \u00a0 \u00a0 \u00a0 \u00a0D\u0141UGO\u015a\u0106 &#8211; 220 CM \u00a0 \u00a0 \u00a0 \u00a0 \u00a0 \u00a0 \u00a0 \u00a0 \u00a0 \u00a0 \u00a0 \u00a0 \u00a0 \u00a0 \u00a0 D\u0141UGO\u015a\u0106 &#8211; 240 CM<\/p>\n<p>WYSOKO\u015a\u0106 &#8211; 100 CM \u00a0 \u00a0 \u00a0 \u00a0 \u00a0 \u00a0 \u00a0 \u00a0 \u00a0 \u00a0 \u00a0 \u00a0 \u00a0 \u00a0 \u00a0 \u00a0 \u00a0WYSOKO\u015a\u0106 &#8211; 100 CM \u00a0 \u00a0 \u00a0 \u00a0 \u00a0 \u00a0 \u00a0 \u00a0 \u00a0 \u00a0 \u00a0 \u00a0 \u00a0 \u00a0 \u00a0WYSOKO\u015a\u0106 &#8211; 100 CM<\/p>\n<p><strong>Gwarancja &#8211; 24 msc.<br \/>\n<\/strong><\/p>\n<p><strong>CZAS REALIZACJI \u00a0DO\u00a0<\/strong><strong>14 \u00a0DNI ROBOCZYCH<\/strong><\/p>\n<p><strong>Stoliki nocne mo\u017cna zakupi\u0107 w naszym sklepie.<br \/>\n<\/strong><\/p>\n<p>&nbsp;<\/p>\n<p>&nbsp;<\/p>\n<p>Po z\u0142o\u017ceniu zam\u00f3wienia prosz\u0119 okre\u015bli\u0107 kolor i rodzaj materia\u0142u, z kt\u00f3rego ma by\u0107 wykonany\u00a0<strong style=\"font-family: verdana, geneva, sans-serif;\">mebel.<\/strong><\/p>\n<p>DO WYBORU SK\u00d3RA EKOLOGICZNA LUB TKANINA W TEJ SAMEJ CENIE<\/p>\n<\/div>\n<p><img src=\"https:\/\/www.aismeble.pl\/img\/cms\/tkaniny\/probnikekt.jpg\" \/><\/p>\n<p><img src=\"https:\/\/www.aismeble.pl\/img\/cms\/tkaniny\/tkanina ARUBA.jpg\" \/><\/p>\n<div id=\"productDescription\" class=\"content\">\n<p>Na \u017cyczenie wysy\u0142amy pr\u00f3bki tkanin w celu weryfikacji koloru tkaniny (podane kolory na monitorze mog\u0105 nieznacznie r\u00f3\u017cni\u0107 si\u0119 od rzeczywistych).<\/p>\n<p>Instrukcja monta\u017cu oraz elementy monta\u017cowe do\u0142\u0105czone w komplecie z<strong>\u00a0\u0142\u00f3\u017ckiem<\/strong>.<\/p>\n<\/div>\n","protected":false},"excerpt":{"rendered":"<p>ZESTAW ZAWIERA: \u00a0\u0141\u00d3\u017bKO CHARO \u00a0MATERAC KIESZENIOWY SIEDMIOSTREFOWY\u00a0 STELA\u017b POD MATERAC \u00a0 \u00a0 \u00a0 \u00a0 \u00a0 \u00a0 \u00a0 \u00a0 \u00a0 \u00a0 \u00a0 \u00a0 \u00a0 \u00a0 \u00a0 \u00a0 \u00a0 \u00a0 \u00a0 \u00a0 CHARO Ca\u0142e\u00a0\u0142\u00f3\u017cko\u00a0\u00a0wykonane jest ze sk\u00f3ry ekologicznej lub wed\u0142ug \u017cyczenia klienta\u00a0 z tkaniny . \u0141\u00d3\u017bKO W \u00a0ZESTAWIE POSIADA STOLIKI NOCNE!!! \u00a0\u00a0 MATERAC: \u00a0Materac\u00a0zbudowany ze spr\u0119\u017cyn kieszeniowych [&hellip;]<\/p>\n","protected":false},"featured_media":1770,"template":"","meta":[],"_links":{"self":[{"href":"https:\/\/profitstore.pl\/index.php\/wp-json\/wp\/v2\/product\/1740"}],"collection":[{"href":"https:\/\/profitstore.pl\/index.php\/wp-json\/wp\/v2\/product"}],"about":[{"href":"https:\/\/profitstore.pl\/index.php\/wp-json\/wp\/v2\/types\/product"}],"wp:featuredmedia":[{"embeddable":true,"href":"https:\/\/profitstore.pl\/index.php\/wp-json\/wp\/v2\/media\/1770"}],"wp:attachment":[{"href":"https:\/\/profitstore.pl\/index.php\/wp-json\/wp\/v2\/media?parent=1740"}],"curies":[{"name":"wp","href":"https:\/\/api.w.org\/{rel}","templated":true}]}}