{"id":1689,"date":"2019-07-05T13:53:23","date_gmt":"2019-07-05T13:53:23","guid":{"rendered":"https:\/\/profitstore.pl\/index.php\/produkt\/import-placeholder-for-1823\/"},"modified":"2019-07-05T14:08:11","modified_gmt":"2019-07-05T14:08:11","slug":"zestaw-lozko-stilo-2-lux-materac-kieszeniowy-verona","status":"publish","type":"product","link":"https:\/\/profitstore.pl\/index.php\/produkt\/zestaw-lozko-stilo-2-lux-materac-kieszeniowy-verona\/","title":{"rendered":"Zestaw &#8211; \u0142\u00f3\u017cko STILO 2 LUX  MATERAC KIESZENIOWY VERONA"},"content":{"rendered":"<div class=\"content\"><\/div>\n<div class=\"content\"><strong>ZESTAW ZAWIERA:<\/strong><\/div>\n<div class=\"content\"><\/div>\n<div class=\"content\"><strong>\u0141\u00d3\u017bKO STILO 2 LUX<\/strong><\/div>\n<div class=\"content\"><\/div>\n<div class=\"content\"><strong>MATERAC KIESZENIOWY SIEDMIOSTREFOWY\u00a0<\/strong><\/div>\n<div class=\"content\"><\/div>\n<div class=\"content\"><strong>STELA\u017b POD MATERAC<\/strong><\/div>\n<div class=\"content\"><\/div>\n<div class=\"content\"><\/div>\n<div class=\"content\"><\/div>\n<div class=\"content\"><strong>Stilo 2 lux\u00a0<\/strong>to wersja<strong>\u00a0Stilo 2 \u00a0<\/strong>w wydaniu z jedn\u0105 poduch\u0105 w oparciu.<\/div>\n<div class=\"content\"><\/div>\n<div class=\"content\">Ca\u0142e\u00a0<strong>\u0142\u00f3\u017cko\u00a0<\/strong>\u00a0wykonane jest ze sk\u00f3ry ekologicznej lub wed\u0142ug \u017cyczenia klienta\u00a0 z tkaniny .<\/div>\n<div><img src=\"https:\/\/tapicerowane-lozka.pl\/files\/stilo2lux-lozko-czerwone.jpg?t=1543932507676\" \/><\/div>\n<div class=\"content\">\n<p>&nbsp;<\/p>\n<p>&nbsp;<\/p>\n<p><img style=\"border: 0px; cursor: default;\" src=\"http:\/\/www.tapicerowane-lozka.pl\/files\/stilo2luxslim.gif\" alt=\"design3d\" \/><\/p>\n<\/div>\n<div id=\"productDescription\" class=\"content\">\n<p><strong>MATERAC:\u00a0<\/strong><\/p>\n<p><img src=\"https:\/\/sklepmarcusmeble.pl\/files\/materacSabina P3 -lozka.jpg\" alt=\"http:\/\/www.sklepmarcusmeble.pl\/files\/materacSabina P3 -lozka.jpg\" \/><\/p>\n<p><strong>\u00a0Materac<\/strong>\u00a0zbudowany ze spr\u0119\u017cyn kieszeniowych 7-strefowych, przek\u0142adek tapicerskich, warstwy bawe\u0142ny i we\u0142ny owczej co daje wysoki komfort snu i idealne dopasowanie si\u0119 do kszta\u0142tu cia\u0142a.<\/p>\n<p><strong>Pokrowiec<\/strong>\u00a0pikowany z dzianiny, polecany r\u00f3wnie\u017c alergikom (antyalergiczny).<\/p>\n<p><strong>Materac<\/strong>\u00a0dwustronny<\/p>\n<p>Zima-lato!<\/p>\n<p>Wysoko\u015b\u0107 20 cm.<\/p>\n<p><strong>Masywny stela\u017c dopasowany do ka\u017cdego materaca :<\/strong><\/p>\n<p><img src=\"http:\/\/projekty.rankhouse.pl\/aismeble\/img\/cms\/stela\u017cz.jpg\" \/><\/p>\n<p>N\u00f3\u017cki do\u00a0<strong>\u0142\u00f3\u017cka<\/strong>\u00a0wykonane ze stali chromowanej .<\/p>\n<p><strong>\u00a0<\/strong><\/p>\n<p><strong>\u00a0<\/strong><\/p>\n<p><strong>WSZELKICH PORAD UDZIELAMY POD NUMEREM TELEFONU ; 600 335 659<\/strong><\/p>\n<p><strong>-\u0141\u00f3\u017cko pod materac 12<\/strong><strong>0<\/strong><strong>\u00a0x 200<\/strong><\/p>\n<p>WYMIARY<\/p>\n<p>SZEROKO\u015a\u0106 &#8211; 144 CM<\/p>\n<p>D\u0141UGO\u015a\u0106 &#8211; 265 CM<\/p>\n<p>WYSOKO\u015a\u0106 &#8211; 70 CM<\/p>\n<p style=\"margin: 0px; padding: 0px 0px 10px; border: 0px; color: #666666; font-family: Verdana, Arial, sans-serif; font-size: 12.996px;\"><strong style=\"color: #000000; font-family: Verdana, Arial, Helvetica, sans-serif; font-size: 12px;\">-\u0141\u00f3\u017cko pod materac 140<\/strong><strong style=\"color: #000000; font-family: Verdana, Arial, Helvetica, sans-serif; font-size: 12px;\">\u00a0x 200<\/strong><\/p>\n<p style=\"margin: 0px; padding: 0px 0px 10px; border: 0px; color: #666666; font-family: Verdana, Arial, sans-serif; font-size: 12.996px;\"><img loading=\"lazy\" style=\"margin: 0px; padding: 0px; border: 0px;\" src=\"http:\/\/www.tapicerowane-lozka.pl\/files\/stilo2-lux140-lozko.jpg\" alt=\"\u0142\u00f3\u017cko lozko Stilo 2 lux 140x200 cm\" width=\"620\" height=\"345\" \/><\/p>\n<p><strong>-\u0141\u00f3\u017cko pod materac 140<\/strong><strong>\u00a0x 220<\/strong><\/p>\n<p>WYMIARY<\/p>\n<p>SZEROKO\u015a\u0106 \u00a0&#8211; 164 CM<\/p>\n<p>D\u0141UGO\u015a\u0106- 285 CM<\/p>\n<p>WYSOKO\u015a\u0106 &#8211; 70 CM<\/p>\n<p style=\"margin: 0px; padding: 0px 0px 10px; border: 0px; color: #666666; font-family: Verdana, Arial, sans-serif; font-size: 12.996px;\"><strong style=\"color: #000000; font-family: Verdana, Arial, Helvetica, sans-serif; font-size: 12px;\">-\u0141\u00f3\u017cko pod materac 160<\/strong><strong style=\"color: #000000; font-family: Verdana, Arial, Helvetica, sans-serif; font-size: 12px;\">\u00a0x 200<\/strong><\/p>\n<p style=\"margin: 0px; padding: 0px 0px 10px; border: 0px; color: #666666; font-family: Verdana, Arial, sans-serif; font-size: 12.996px;\"><img loading=\"lazy\" style=\"margin: 0px; padding: 0px; border: 0px;\" src=\"http:\/\/www.tapicerowane-lozka.pl\/files\/stilo2lux-lozko-160x200cm.jpg\" alt=\"\u0142\u00f3\u017cko Stilo 2 lux 160x200 cm\" width=\"620\" height=\"345\" \/><\/p>\n<p><strong>-\u0141\u00f3\u017cko pod materac 160<\/strong><strong>\u00a0x 220<\/strong><\/p>\n<p>WYMIARY<\/p>\n<p>SZEROKO\u015a\u0106 \u00a0&#8211; 184 CM<\/p>\n<p>D\u0141UGO\u015a\u0106- 285 CM<\/p>\n<p>WYSOKO\u015a\u0106 &#8211; 70 CM<\/p>\n<p style=\"margin: 0px; padding: 0px 0px 10px; border: 0px; color: #666666; font-family: Verdana, Arial, sans-serif; font-size: 12.996px;\"><strong style=\"color: #000000; font-family: Verdana, Arial, Helvetica, sans-serif; font-size: 12px;\">-\u0141\u00f3\u017cko pod materac 180<\/strong><strong style=\"color: #000000; font-family: Verdana, Arial, Helvetica, sans-serif; font-size: 12px;\">\u00a0x 200<\/strong><\/p>\n<p style=\"margin: 0px; padding: 0px 0px 10px; border: 0px; color: #666666; font-family: Verdana, Arial, sans-serif; font-size: 12.996px;\"><img loading=\"lazy\" style=\"margin: 0px; padding: 0px; border: 0px;\" src=\"http:\/\/www.tapicerowane-lozka.pl\/files\/stilo2lux-lozko-180x200cm.jpg\" alt=\"\u0142\u00f3\u017cko Stilo 2 lux 180x200 cm\" width=\"620\" height=\"345\" \/><\/p>\n<p><strong>-\u0141\u00f3\u017cko pod materac 180<\/strong><strong>\u00a0x 220<\/strong><\/p>\n<p>WYMIARY<\/p>\n<p>SZEROKO\u015a\u0106 \u00a0&#8211; 204 CM<\/p>\n<p>D\u0141UGO\u015a\u0106- 285 CM<\/p>\n<p>WYSOKO\u015a\u0106 &#8211; 70 CM<\/p>\n<p style=\"margin: 0px; padding: 0px 0px 10px; border: 0px; color: #666666; font-family: Verdana, Arial, sans-serif; font-size: 12.996px;\"><strong style=\"color: #000000; font-family: Verdana, Arial, Helvetica, sans-serif; font-size: 12px;\">-\u0141\u00f3\u017cko pod materac 200<\/strong><strong style=\"color: #000000; font-family: Verdana, Arial, Helvetica, sans-serif; font-size: 12px;\">\u00a0x 200<\/strong><\/p>\n<p style=\"margin: 0px; padding: 0px 0px 10px; border: 0px; color: #666666; font-family: Verdana, Arial, sans-serif; font-size: 12.996px;\"><img loading=\"lazy\" style=\"margin: 0px; padding: 0px; border: 0px;\" src=\"http:\/\/www.tapicerowane-lozka.pl\/files\/stilo2lux-lozko-200x200cm.jpg\" alt=\"\u0142\u00f3\u017cko Stilo 2 lux 200x200 cm\" width=\"620\" height=\"345\" \/><\/p>\n<p><strong>-\u0141\u00f3\u017cko pod materac 200<\/strong><strong>\u00a0x 220<\/strong><\/p>\n<p>WYMIARY<\/p>\n<p>SZEROKO\u015a\u0106 \u00a0&#8211; 224 CM<\/p>\n<p>D\u0141UGO\u015a\u0106- 285 CM<\/p>\n<p>WYSOKO\u015a\u0106 &#8211; 70 CM<\/p>\n<p><strong>Gwarancja &#8211; 24 msc.<br \/>\n<\/strong><\/p>\n<p><strong>CZAS REALIZACJI \u00a0DO\u00a0<\/strong><strong>14 \u00a0DNI ROBOCZYCH<\/strong><\/p>\n<p><strong>Stoliki nocne mo\u017cna zakupi\u0107 w naszym sklepie.<br \/>\n<\/strong><\/p>\n<p><img src=\"https:\/\/www.aismeble.pl\/img\/cms\/tkaniny\/probnikekt.jpg\" \/><\/p>\n<p><img src=\"https:\/\/www.aismeble.pl\/img\/cms\/tkaniny\/tkanina ARUBA.jpg\" \/><\/p>\n<p>&nbsp;<\/p>\n<p>Po z\u0142o\u017ceniu zam\u00f3wienia prosz\u0119 okre\u015bli\u0107 kolor i rodzaj materia\u0142u, z kt\u00f3rego ma by\u0107 wykonany\u00a0<strong style=\"font-family: verdana, geneva, sans-serif;\">mebel.<\/strong><\/p>\n<p>DO WYBORU SK\u00d3RA EKOLOGICZNA LUB TKANINA W TEJ SAMEJ CENIE<\/p>\n<p>Na \u017cyczenie wysy\u0142amy pr\u00f3bki tkanin w celu weryfikacji koloru tkaniny (podane kolory na monitorze mog\u0105 nieznacznie r\u00f3\u017cni\u0107 si\u0119 od rzeczywistych).<\/p>\n<p>Instrukcja monta\u017cu oraz elementy monta\u017cowe do\u0142\u0105czone w komplecie z<strong>\u00a0\u0142\u00f3\u017ckiem<\/strong>.<\/p>\n<\/div>\n","protected":false},"excerpt":{"rendered":"<p>ZESTAW ZAWIERA: \u0141\u00d3\u017bKO STILO 2 LUX MATERAC KIESZENIOWY SIEDMIOSTREFOWY\u00a0 STELA\u017b POD MATERAC Stilo 2 lux\u00a0to wersja\u00a0Stilo 2 \u00a0w wydaniu z jedn\u0105 poduch\u0105 w oparciu. Ca\u0142e\u00a0\u0142\u00f3\u017cko\u00a0\u00a0wykonane jest ze sk\u00f3ry ekologicznej lub wed\u0142ug \u017cyczenia klienta\u00a0 z tkaniny . &nbsp; &nbsp; MATERAC:\u00a0 \u00a0Materac\u00a0zbudowany ze spr\u0119\u017cyn kieszeniowych 7-strefowych, przek\u0142adek tapicerskich, warstwy bawe\u0142ny i we\u0142ny owczej co daje wysoki komfort [&hellip;]<\/p>\n","protected":false},"featured_media":1720,"template":"","meta":[],"_links":{"self":[{"href":"https:\/\/profitstore.pl\/index.php\/wp-json\/wp\/v2\/product\/1689"}],"collection":[{"href":"https:\/\/profitstore.pl\/index.php\/wp-json\/wp\/v2\/product"}],"about":[{"href":"https:\/\/profitstore.pl\/index.php\/wp-json\/wp\/v2\/types\/product"}],"wp:featuredmedia":[{"embeddable":true,"href":"https:\/\/profitstore.pl\/index.php\/wp-json\/wp\/v2\/media\/1720"}],"wp:attachment":[{"href":"https:\/\/profitstore.pl\/index.php\/wp-json\/wp\/v2\/media?parent=1689"}],"curies":[{"name":"wp","href":"https:\/\/api.w.org\/{rel}","templated":true}]}}