{"id":1578,"date":"2019-07-05T13:52:45","date_gmt":"2019-07-05T13:52:45","guid":{"rendered":"https:\/\/profitstore.pl\/index.php\/produkt\/import-placeholder-for-1758\/"},"modified":"2019-07-05T13:52:57","modified_gmt":"2019-07-05T13:52:57","slug":"zestaw-wypoczynkowy-casino-sofa-2-fotele","status":"publish","type":"product","link":"https:\/\/profitstore.pl\/index.php\/produkt\/zestaw-wypoczynkowy-casino-sofa-2-fotele\/","title":{"rendered":"ZESTAW WYPOCZYNKOWY CASINO &#8211; SOFA 2 FOTELE"},"content":{"rendered":"<p>Luksusowy, elegancki\u00a0<strong>komplet wypoczynkowy Casino 3 1 1\u00a0<\/strong>(sofa 2 fotele)\u00a0idealnie wkomponuje si\u0119 w wystr\u00f3j nowoczesnego salonu!<\/p>\n<p>Mebel wykonany z dba\u0142o\u015bci\u0105 o ka\u017cdy detal.<\/p>\n<p>Zbudowany z p\u0142yty meblowej, spr\u0119\u017cyn falistych i wysokiej jako\u015bci pianki tapicerskiej. Osadzony na pi\u0119knych metalowych n\u00f3\u017ckach.<\/p>\n<p>Sofa nie rozk\u0142ada si\u0119.<\/p>\n<p><img style=\"border: 0px; cursor: default;\" src=\"http:\/\/tapicerowane-meble.pl\/files\/casino-m-zestaw-mebli.jpg?t=1481189495522?t=1481189945118\" alt=\"\" \/><\/p>\n<p><img style=\"border: 0px; cursor: default;\" src=\"http:\/\/tapicerowane-meble.pl\/files\/casino-m-sofa3-1-meble-wypoczynkowe.jpg?t=1481190283746\" alt=\"\" \/><img style=\"border: 0px; cursor: default;\" src=\"http:\/\/tapicerowane-meble.pl\/files\/wmcas3-meble.jpg?t=1481189977974?t=1481189984031?t=1481190001030?t=1481190025839?t=1481190096054?t=1481190175760?t=1481190185280?t=1481190205721\" alt=\"\" \/><\/p>\n<p><img style=\"border: 0px; cursor: default;\" src=\"http:\/\/tapicerowane-meble.pl\/files\/casino-m-fotel.jpg?t=1481190260818\" alt=\"\" \/><img style=\"border: 0px; cursor: default;\" src=\"http:\/\/tapicerowane-meble.pl\/files\/wmcasf-wypoczynki.jpg?t=1481190097464?t=1481190201633?t=1481190222201\" alt=\"\" \/><\/p>\n<p><span style=\"text-decoration: underline;\">Do wyboru<strong>\u00a0tka<\/strong><\/span><strong><span style=\"text-decoration: underline;\">ni<\/span><span style=\"text-decoration: underline;\">n<\/span><\/strong><span style=\"text-decoration: underline;\"><strong>a<\/strong>\u00a0lub\u00a0<strong>eco sk\u00f3ra<\/strong>\u00a0w tej samej cenie!<\/span><\/p>\n<p>Dost\u0119pne kolory i rodzaje materia\u0142\u00f3w w pr\u00f3bnikach poni\u017cej.<\/p>\n<p><strong>\u00a0 \u00a0 \u00a0 \u00a0 \u00a0 \u00a0 \u00a0 \u00a0 \u00a0 \u00a0 \u00a0 \u00a0 \u00a0 \u00a0 \u00a0 \u00a0 \u00a0 \u00a0 \u00a0 \u00a0 \u00a0\u00a0<span style=\"text-decoration: underline;\">TKANINA<\/span><\/strong><span style=\"text-decoration: underline;\">\u00a0<strong>NANOFLOCK MINEWA<\/strong><\/span><\/p>\n<p>to tkaniny do produkcji ktorych wykorzystano najnowsze technologie. Formu\u0142a<strong>\u00a0Easy Clean<\/strong>\u00a0gwarantuje ochron\u0119 przed zabrudzeniami. To\u00a0<strong>tkanina hydrofobowa<\/strong>&#8211; nie wch\u0142aniaj\u0105ca p\u0142yn\u00f3w (kawy, wody, herbaty itp.), polecana dla os\u00f3b maj\u0105cych dzieci, zwierz\u0119ta, a tak\u017ce os\u00f3b, kt\u00f3re chc\u0105 cieszy\u0107 sie przez d\u0142ugie lata wspania\u0142\u0105 kolorystyk\u0105 i czysto\u015bci\u0105 swoich mebli. \u00a0Kolorystyka jest niezwykle bogata, a kolory \u017cywe i wyraziste.<\/p>\n<table class=\"mceItemTable\" style=\"cursor: default; border: 1px dashed #bbbbbb;\" border=\"0\">\n<tbody>\n<tr>\n<td style=\"font-size: 12px; margin: 8px; cursor: text; border: 1px dashed #bbbbbb;\">Tkanina Mineva:<\/td>\n<td style=\"font-size: 12px; margin: 8px; cursor: text; border: 1px dashed #bbbbbb;\"><img style=\"border: 0px; cursor: default;\" src=\"http:\/\/www.tapicerowane-meble.pl\/images\/stories\/mi1.jpg\" alt=\"\" border=\"0\" \/><\/p>\n<p>mineva1<\/td>\n<td style=\"font-size: 12px; margin: 8px; cursor: text; border: 1px dashed #bbbbbb;\"><img style=\"border: 0px; cursor: default;\" src=\"http:\/\/www.tapicerowane-meble.pl\/images\/stories\/mi10.jpg\" alt=\"\" border=\"0\" \/><\/p>\n<p>mineva10<\/td>\n<\/tr>\n<tr>\n<td style=\"font-size: 12px; margin: 8px; cursor: text; border: 1px dashed #bbbbbb;\"><img style=\"border: 0px; cursor: default;\" src=\"http:\/\/www.tapicerowane-meble.pl\/images\/stories\/mi11.jpg\" alt=\"\" border=\"0\" \/><\/p>\n<p>mineva11<\/td>\n<td style=\"font-size: 12px; margin: 8px; cursor: text; border: 1px dashed #bbbbbb;\"><img style=\"border: 0px; cursor: default;\" src=\"http:\/\/www.tapicerowane-meble.pl\/images\/stories\/mi12.jpg\" alt=\"\" border=\"0\" \/><\/p>\n<p>mineva12<\/td>\n<td style=\"font-size: 12px; margin: 8px; cursor: text; border: 1px dashed #bbbbbb;\"><img style=\"border: 0px; cursor: default;\" src=\"http:\/\/www.tapicerowane-meble.pl\/images\/stories\/mi13.jpg\" alt=\"\" border=\"0\" \/><\/p>\n<p>mineva13<\/td>\n<\/tr>\n<tr>\n<td style=\"font-size: 12px; margin: 8px; cursor: text; border: 1px dashed #bbbbbb;\"><img style=\"border: 0px; cursor: default;\" src=\"http:\/\/www.tapicerowane-meble.pl\/images\/stories\/mi14.jpg\" alt=\"\" border=\"0\" \/><\/p>\n<p>mineva14<\/td>\n<td style=\"font-size: 12px; margin: 8px; cursor: text; border: 1px dashed #bbbbbb;\"><img style=\"border: 0px; cursor: default;\" src=\"http:\/\/www.tapicerowane-meble.pl\/images\/stories\/mi15.jpg\" alt=\"\" border=\"0\" \/><\/p>\n<p>mineva15<\/td>\n<td style=\"font-size: 12px; margin: 8px; cursor: text; border: 1px dashed #bbbbbb;\"><img style=\"border: 0px; cursor: default;\" src=\"http:\/\/www.tapicerowane-meble.pl\/images\/stories\/mi16.jpg\" alt=\"\" border=\"0\" \/><\/p>\n<p>mineva16<\/td>\n<\/tr>\n<tr>\n<td style=\"font-size: 12px; margin: 8px; cursor: text; border: 1px dashed #bbbbbb;\"><img style=\"border: 0px; cursor: default;\" src=\"http:\/\/www.tapicerowane-meble.pl\/images\/stories\/mi17.jpg\" alt=\"\" border=\"0\" \/><\/p>\n<p>mineva17<\/td>\n<td style=\"font-size: 12px; margin: 8px; cursor: text; border: 1px dashed #bbbbbb;\"><img style=\"border: 0px; cursor: default;\" src=\"http:\/\/www.tapicerowane-meble.pl\/images\/stories\/mi18.jpg\" alt=\"\" border=\"0\" \/><\/p>\n<p>mineva18<\/td>\n<td style=\"font-size: 12px; margin: 8px; cursor: text; border: 1px dashed #bbbbbb;\"><img style=\"border: 0px; cursor: default;\" src=\"http:\/\/www.tapicerowane-meble.pl\/images\/stories\/mi19.jpg\" alt=\"\" border=\"0\" \/><\/p>\n<p>mineva19<\/td>\n<\/tr>\n<tr>\n<td style=\"font-size: 12px; margin: 8px; cursor: text; border: 1px dashed #bbbbbb;\"><img style=\"border: 0px; cursor: default;\" src=\"http:\/\/www.tapicerowane-meble.pl\/images\/stories\/mi2.jpg\" alt=\"\" border=\"0\" \/><\/p>\n<p>mineva2<\/td>\n<td style=\"font-size: 12px; margin: 8px; cursor: text; border: 1px dashed #bbbbbb;\"><img style=\"border: 0px; cursor: default;\" src=\"http:\/\/www.tapicerowane-meble.pl\/images\/stories\/mi20.jpg\" alt=\"\" border=\"0\" \/><\/p>\n<p>mineva20<\/td>\n<td style=\"font-size: 12px; margin: 8px; cursor: text; border: 1px dashed #bbbbbb;\"><img style=\"border: 0px; cursor: default;\" src=\"http:\/\/www.tapicerowane-meble.pl\/images\/stories\/mi21.jpg\" alt=\"\" border=\"0\" \/><\/p>\n<p>mineva21<\/td>\n<\/tr>\n<tr>\n<td style=\"font-size: 12px; margin: 8px; cursor: text; border: 1px dashed #bbbbbb;\"><img style=\"border: 0px; cursor: default;\" src=\"http:\/\/www.tapicerowane-meble.pl\/images\/stories\/mi22.jpg\" alt=\"\" border=\"0\" \/><\/p>\n<p>mineva22<\/td>\n<td style=\"font-size: 12px; margin: 8px; cursor: text; border: 1px dashed #bbbbbb;\"><img style=\"border: 0px; cursor: default;\" src=\"http:\/\/www.tapicerowane-meble.pl\/images\/stories\/mi23.jpg\" alt=\"\" border=\"0\" \/><\/p>\n<p>mineva23<\/td>\n<td style=\"font-size: 12px; margin: 8px; cursor: text; border: 1px dashed #bbbbbb;\"><img style=\"border: 0px; cursor: default;\" src=\"http:\/\/www.tapicerowane-meble.pl\/images\/stories\/mi3.jpg\" alt=\"\" border=\"0\" \/><\/p>\n<p>mineva3<\/td>\n<\/tr>\n<tr>\n<td style=\"font-size: 12px; margin: 8px; cursor: text; border: 1px dashed #bbbbbb;\"><img style=\"border: 0px; cursor: default;\" src=\"http:\/\/www.tapicerowane-meble.pl\/images\/stories\/mi4.jpg\" alt=\"\" border=\"0\" \/><\/p>\n<p>mineva4<\/td>\n<td style=\"font-size: 12px; margin: 8px; cursor: text; border: 1px dashed #bbbbbb;\"><img style=\"border: 0px; cursor: default;\" src=\"http:\/\/www.tapicerowane-meble.pl\/images\/stories\/mi5.jpg\" alt=\"\" border=\"0\" \/><\/p>\n<p>mieva5<\/td>\n<td style=\"font-size: 12px; margin: 8px; cursor: text; border: 1px dashed #bbbbbb;\"><img style=\"border: 0px; cursor: default;\" src=\"http:\/\/www.tapicerowane-meble.pl\/images\/stories\/mi6.jpg\" alt=\"\" border=\"0\" \/><\/p>\n<p>mineva6<\/td>\n<\/tr>\n<tr>\n<td style=\"font-size: 12px; margin: 8px; cursor: text; border: 1px dashed #bbbbbb;\"><img style=\"border: 0px; cursor: default;\" src=\"http:\/\/www.tapicerowane-meble.pl\/images\/stories\/mi7.jpg\" alt=\"\" border=\"0\" \/><\/p>\n<p>mineva7<\/td>\n<td style=\"font-size: 12px; margin: 8px; cursor: text; border: 1px dashed #bbbbbb;\"><img style=\"border: 0px; cursor: default;\" src=\"http:\/\/www.tapicerowane-meble.pl\/images\/stories\/mi8.jpg\" alt=\"\" border=\"0\" \/><\/p>\n<p>mineva8<\/td>\n<td style=\"font-size: 12px; margin: 8px; cursor: text; border: 1px dashed #bbbbbb;\"><img style=\"border: 0px; cursor: default;\" src=\"http:\/\/www.tapicerowane-meble.pl\/images\/stories\/mi9.jpg\" alt=\"\" border=\"0\" \/><\/p>\n<p>mineva9<\/td>\n<\/tr>\n<\/tbody>\n<\/table>\n<table class=\"mceItemTable\" style=\"height: 566px;\" border=\"0\" width=\"835\">\n<tbody>\n<tr>\n<td style=\"font-size: 12px; margin: 8px; cursor: text; border: 1px dashed #bbbbbb;\"><\/td>\n<\/tr>\n<tr>\n<td style=\"font-size: 12px; margin: 8px; cursor: text; border: 1px dashed #bbbbbb;\"><\/td>\n<\/tr>\n<tr>\n<td style=\"font-size: 12px; margin: 8px; cursor: text; border: 1px dashed #bbbbbb;\"><img style=\"border: 0px; cursor: default;\" src=\"http:\/\/www.tapicerowane-meble.pl\/images\/stories\/bn.jpg\" alt=\"\" border=\"0\" \/><\/td>\n<\/tr>\n<tr>\n<td style=\"font-size: 12px; margin: 8px; cursor: text; border: 1px dashed #bbbbbb;\"><\/td>\n<\/tr>\n<tr>\n<td style=\"font-size: 12px; margin: 8px; cursor: text; border: 1px dashed #bbbbbb;\"><\/td>\n<\/tr>\n<\/tbody>\n<\/table>\n<p><strong><span style=\"text-decoration: underline;\">\u00a0TKANINA PENTA!!!<\/span><\/strong><\/p>\n<p>To\u00a0<strong>tkanina \u0142atwoczyszcz\u0105ca<\/strong>. Jej struktura pozwala na usuwanie plam za pomoc\u0105 wody z myd\u0142em.<strong>\u00a0Materia\u0142<\/strong>\u00a0spe\u0142nia normy zwi\u0105zane z intensywnym u\u017cytkowaniem, jest odporny na przetarcia i \u015bcieranie. Bardzo przyjemny w dotyku. Gwarantuje ochron\u0119 zdrowia i \u015brodowiska cz\u0142owieka (zgodno\u015b\u0107 z europejskim rozporz\u0105dzeniem\u00a0<strong>REACH<\/strong>).<\/p>\n<p><img style=\"border: 0px; cursor: default;\" src=\"http:\/\/www.tapicerowane-lozka.pl\/files\/penta-marcus.jpg\" alt=\"\u0142\u00f3\u017cko tkanina\" \/><\/p>\n<p><strong><span style=\"text-decoration: underline;\">\u00a0SK\u00d3RA PERFECT LINE!!!<\/span><\/strong><\/p>\n<p><strong>Perfect Line<\/strong>\u00a0<strong>(<\/strong><strong>PL)<\/strong>\u00a0to wysokiej jako\u015bci\u00a0<strong>sztuczna sk\u00f3ra<\/strong>. Posiada ona wiele zalet. Struktur\u0105 imituje\u00a0<strong>sk\u00f3r\u0119 naturaln\u0105<\/strong>. Technologia produkcji\u00a0<strong>eko sk\u00f3ry<\/strong>\u00a0serii PL zosta\u0142a oparta o najnowsz\u0105 technologi\u0119 i komponenty o wysokich wymaganiach wytrzyma\u0142o\u015bciowych. \u00a0Doskona\u0142y podk\u0142ad bawe\u0142niany w po\u0142\u0105czeniu z delikatn\u0105 struktur\u0105 powleczenia zapewnia wysokie parametry\u00a0<strong>tkaniny meblowej<\/strong>\u00a0(klasa produktu A). Posiada atest trudnopalno\u015bci i higieniczno\u015bci.<\/p>\n<p><img loading=\"lazy\" style=\"border: 0px; cursor: default;\" src=\"http:\/\/www.tapicerowane-meble.pl\/images\/stories\/mmpl.jpg\" alt=\"\" width=\"590\" height=\"1366\" \/><\/p>\n<p><span style=\"text-decoration: underline;\"><strong>SK\u00d3RA VIENNA!!!<\/strong><\/span><\/p>\n<p><strong>Vienna<\/strong>\u00a0wysokogatunkowa\u00a0<strong>sk\u00f3ra sztuczna<\/strong>\u00a0z kolekcji\u00a0<strong>Magic Home<\/strong>\u00a0cechuje si\u0119 du\u017c\u0105 odporno\u015bci\u0105 \u00a0na \u015bcieranie i zabrudzenia. Technologia<strong>\u00a0Easy Clean<\/strong>\u00a0pozwala na szybkie wyczyszczenie mebla (wystarczy tylko \u015bciereczka nas\u0105czona wod\u0105). Swoj\u0105 struktura imituje\u00a0<strong>sk\u00f3r\u0119 naturaln\u0105<\/strong>. Pozwala na cyrkulacj\u0119 powietrza.<\/p>\n<p><img style=\"border: 0px; cursor: default;\" src=\"http:\/\/www.tapicerowane-lozka.pl\/files\/vienna-marcus.jpg\" alt=\"\u0142\u00f3\u017cko sypialniane kolor\" \/><\/p>\n<p>Na \u017cyczenie wysy\u0142amy pr\u00f3bki \u00a0w celu weryfikacji koloru eko sk\u00f3ry (podane kolory na monitorze mog\u0105 nieznacznie r\u00f3\u017cni\u0107 si\u0119 od rzeczywistych).<\/p>\n<p>Instrukcja monta\u017cu oraz elementy monta\u017cowe do\u0142\u0105czone w komplecie z<strong>\u00a0\u0142\u00f3\u017ckiem<\/strong>.<\/p>\n<p>Gwarancja &#8211; 24 msc.<\/p>\n<p>CZAS REALIZACJI \u00a0DO 21\u00a0 DNI ROBOCZYCH.<\/p>\n","protected":false},"excerpt":{"rendered":"<p>Luksusowy, elegancki\u00a0komplet wypoczynkowy Casino 3 1 1\u00a0(sofa 2 fotele)\u00a0idealnie wkomponuje si\u0119 w wystr\u00f3j nowoczesnego salonu! Mebel wykonany z dba\u0142o\u015bci\u0105 o ka\u017cdy detal. Zbudowany z p\u0142yty meblowej, spr\u0119\u017cyn falistych i wysokiej jako\u015bci pianki tapicerskiej. Osadzony na pi\u0119knych metalowych n\u00f3\u017ckach. Sofa nie rozk\u0142ada si\u0119. Do wyboru\u00a0tkanina\u00a0lub\u00a0eco sk\u00f3ra\u00a0w tej samej cenie! Dost\u0119pne kolory i rodzaje materia\u0142\u00f3w w pr\u00f3bnikach [&hellip;]<\/p>\n","protected":false},"featured_media":1597,"template":"","meta":[],"_links":{"self":[{"href":"https:\/\/profitstore.pl\/index.php\/wp-json\/wp\/v2\/product\/1578"}],"collection":[{"href":"https:\/\/profitstore.pl\/index.php\/wp-json\/wp\/v2\/product"}],"about":[{"href":"https:\/\/profitstore.pl\/index.php\/wp-json\/wp\/v2\/types\/product"}],"wp:featuredmedia":[{"embeddable":true,"href":"https:\/\/profitstore.pl\/index.php\/wp-json\/wp\/v2\/media\/1597"}],"wp:attachment":[{"href":"https:\/\/profitstore.pl\/index.php\/wp-json\/wp\/v2\/media?parent=1578"}],"curies":[{"name":"wp","href":"https:\/\/api.w.org\/{rel}","templated":true}]}}