{"id":1573,"date":"2021-03-19T07:30:11","date_gmt":"2021-03-19T07:30:11","guid":{"rendered":"https:\/\/profitstore.pl\/index.php\/produkt\/import-placeholder-for-1753\/"},"modified":"2021-03-19T07:30:26","modified_gmt":"2021-03-19T07:30:26","slug":"zestaw-promocyjny-stilo-2-slim-led-stelaz-materac-kieszeniowy-ledy-rgb-multicolor","status":"publish","type":"product","link":"https:\/\/profitstore.pl\/index.php\/produkt\/zestaw-promocyjny-stilo-2-slim-led-stelaz-materac-kieszeniowy-ledy-rgb-multicolor\/","title":{"rendered":"ZESTAW PROMOCYJNY ,, STILO 2  SLIM  LED &#8221;  STELA\u017b  MATERAC KIESZENIOWY   LEDY RGB MULTICOLOR"},"content":{"rendered":"<div id=\"productDescription\" class=\"content\">\n<div id=\"productDescription\" class=\"content\">\n<p><strong>ZESTAW &#8211; <\/strong><\/p>\n<p><strong>NOWOCZESNE \u0141\u00d3\u017bKO STILO 2 SLIM\u00a0 LED <\/strong><\/p>\n<p><strong> STELA\u017b <\/strong><\/p>\n<p><strong> MATERAC KIESZENIOWY SIEDMIOSTREFOWY<\/strong><\/p>\n<p><img src=\"https:\/\/tapicerowane-lozka.pl\/files\/st2smled1-lozko.jpg\" alt=\"\u00c5\u0082\u00c3\u00b3\u00c5\u00bcko stilo 2 slim sk\u00c3\u00b3ra eko czarna\" \/><\/p>\n<p><img src=\"http:\/\/www.tapicerowane-lozka.pl\/files\/st2slim3d.gif\" alt=\"design3d\" \/><\/p>\n<p><strong>STYL ORAZ ELEGANCJA TO CECHY CHARAKTERYSTYCZNE NASZYCH MODELI .<\/strong><strong>\u00a0 <\/strong><\/p>\n<p style=\"text-align: left;\"><strong>Cechuje je wzornictwo na najwy\u017cszym poziomie\u00a0 , przeznaczone s\u0105 dla os\u00f3b, kt\u00f3re ceni\u0105 sobie wygod\u0119.<\/strong><\/p>\n<p><strong>\u0141\u00f3\u017cko po bokach posiada o\u015bwietlenie led RGB (w zestawie z zasilaczami i dwoma pilotami do sterowania).<br \/>\nLED MULTIKOLOR: bia\u0142e, niebieskie, zielone, czerwone, \u017c\u00f3\u0142te, fioletowe, pomara\u0144czowe itp.<\/strong><\/p>\n<p><strong><span style=\"color: #000000; font-family: Verdana,Arial,Helvetica,sans-serif; font-size: medium;\">Nowo\u015b\u0107 z naszej kolekcji 2014 &#8211; \u0141\u00d3\u017bKO STILO 2 SLIM\u00a0( JEST TO MNIEJSZA WERSJA \u0141\u00d3ZKA STILO 2, KT\u00d3RA IDEALNIE PASUJE DO MNIEJSZEJ SYPIALNI))<\/span><\/strong><\/p>\n<p style=\"text-align: left;\"><strong>\u00a0<\/strong><\/p>\n<p style=\"text-align: left;\"><strong>\u00a0<\/strong><\/p>\n<p style=\"text-align: left;\"><strong>Nogi \u0142\u00f3\u017cka wykonane ze stali chromowanej .<\/strong><\/p>\n<p>Materace kieszeniowe siedmiostrefowe , to materace\u00a0 spr\u0119\u017cynowe kt\u00f3re zbudowane s\u0105 ze spr\u0119\u017cyn w kszta\u0142cie walca o ma\u0142ej \u015brednicy\u00a0umieszczonych w specjalnych &#8222;kieszonkach&#8221; z tkaniny.<\/p>\n<p>Taka konstrukcja powoduje, \u017ce spr\u0119\u017cyny nie s\u0105 ze sob\u0105 po\u0142\u0105czone i ka\u017cda z nich pracuje niezale\u017cnie<\/p>\n<p>Materac jest bardzo elastyczny i idealnie dopasowuje si\u0119 do kszta\u0142tu cia\u0142a osoby \u015bpi\u0105cej.<\/p>\n<p>Materace o 7 strefach twardo\u015bci przeznaczone s\u0105 dla wszystkich\u00a0 os\u00f3b, zapewniaj\u0105c im wy\u017cszy komfort i lepsze dopasowanie materaca.<\/p>\n<p>Punktowa spr\u0119\u017cysto\u015b\u0107 sprawia i\u017c materac idealnie dostosowuje si\u0119 do kszta\u0142tu cia\u0142a i wymaga\u0144 kr\u0119gos\u0142upa.<\/p>\n<p>Wk\u0142ady<\/p>\n<p>-spr\u0119\u017cyny kieszeniowe siedmiostrefowe<\/p>\n<p>&#8211;<span style=\"color: #000000;\"><span style=\"font-family: verdana,geneva,sans-serif;\"><span style=\"font-size: 12px;\">p\u0142yty z pianki poliuretanowej o wi\u0119kszej g\u0119sto\u015bci <\/span><\/span><\/span><\/p>\n<p><span style=\"color: #000000;\"><span style=\"font-family: verdana,geneva,sans-serif;\"><span style=\"font-size: 12px;\">&#8211; warstw\u0119 bawe\u0142ny oraz we\u0142ny owczej<\/span><\/span><\/span><\/p>\n<p><span style=\"color: #000000;\"><span style=\"font-family: verdana,geneva,sans-serif;\"><span style=\"font-size: 12px;\">-przek\u0142adki tapicerskie<\/span><\/span><\/span><\/p>\n<p><span style=\"color: #000000;\"><span style=\"font-family: verdana,geneva,sans-serif;\"><span style=\"font-size: 12px;\">Wysoko\u015b\u0107 &#8211; 20 cm<\/span><\/span><\/span><\/p>\n<p><span style=\"color: #000000;\"><span style=\"font-family: verdana,geneva,sans-serif;\"><span style=\"font-size: 12px;\">Materac dwustronny zima &#8211; lato .<\/span><\/span><\/span><\/p>\n<p><span style=\"color: #000000;\"><span style=\"font-family: verdana,geneva,sans-serif;\"><span style=\"font-size: 12px;\">Pokrowiec &#8211; tkanina materacowa kt\u00f3ry mozna pra\u0107 chemicznie .<\/span><\/span><\/span><\/p>\n<p style=\"text-align: left;\"><img src=\"http:\/\/projekty.rankhouse.pl\/aismeble\/img\/cms\/materacverona.jpg\" \/><\/p>\n<p style=\"text-align: left;\"><strong>\u00a0<\/strong><strong>Zestaw zawiera masywny stela\u017c dostosowany do ka\u017cdego rodzaju materaca oraz dodatkowe nogi od spodu .<\/strong><\/p>\n<p style=\"text-align: left;\"><strong>WSZELKICH PORAD UDZIELAMY POD NUMEREM TELEFONU ; 600 335 659<\/strong><\/p>\n<p style=\"text-align: left;\"><img src=\"https:\/\/tapicerowane-lozka.pl\/files\/s2sm140.jpg\" alt=\"\u00c5\u0082\u00c3\u00b3\u00c5\u00bcko lozko Stilo 2 slim 140x200 cm\" \/><\/p>\n<p><img src=\"https:\/\/tapicerowane-lozka.pl\/files\/s2sm160.jpg\" alt=\"\u00c5\u0082\u00c3\u00b3\u00c5\u00bcko Stilo 2 slim 160x200 cm\" \/><\/p>\n<p><img src=\"https:\/\/tapicerowane-lozka.pl\/files\/s2sm180.jpg\" alt=\"\u00c5\u0082\u00c3\u00b3\u00c5\u00bcko Stilo 2 slim 180x200 cm\" \/><\/p>\n<p><img src=\"https:\/\/tapicerowane-lozka.pl\/files\/s2sm200.jpg\" alt=\"\u00c5\u0082\u00c3\u00b3\u00c5\u00bcko Stilo 2 slim 200x200 cm\" \/><\/p>\n<p><img src=\"https:\/\/tapicerowane-lozka.pl\/files\/s2sm220.jpg\" alt=\"\u00c5\u0082\u00c3\u00b3\u00c5\u00bcko Stilo 2 slim 200x220 cm\" \/><\/p>\n<p style=\"text-align: left;\"><strong>CZAS REALIZACJI\u00a014 &#8211; 21 DNI ROBOCZYCH <\/strong><\/p>\n<p style=\"text-align: left;\"><strong>\u00a0<\/strong><\/p>\n<p style=\"text-align: left;\"><strong>\u0141\u00f3\u017cko wykonane jest w ca\u0142o\u015bci ze sk\u00f3ry ekologicznej. <\/strong><\/p>\n<p><strong>Kolorystyka dowolna wed\u0142ug\u00a0 przedstawionych pr\u00f3bnik\u00f3w.<\/strong><\/p>\n<p>Prosz\u0119 wybra\u0107<\/p>\n<p>KOLOR G\u0141\u00d3WNY ( oparcie , boki \u0142\u00f3\u017cka , prz\u00f3d \u0142\u00f3\u017cka )<\/p>\n<p>KOLOR DODATKOWY ( mi\u0119dzy poduszkami , \u0142ezka boczna dolna )<\/p>\n<p><img src=\"https:\/\/www.aismeble.pl\/img\/cms\/tkaniny\/probnikekt.jpg\" \/><\/p>\n<p><img src=\"https:\/\/www.aismeble.pl\/img\/cms\/tkaniny\/tkanina%20ARUBA.jpg\" \/><\/p>\n<p style=\"text-align: left;\">\u00a0<span style=\"color: #000000;\"><span style=\"font-family: verdana,geneva,sans-serif;\"><span style=\"font-size: 12px;\">Po z\u0142o\u017ceniu zam\u00f3wienia prosz\u0119 okre\u015bli\u0107 kolor z kt\u00f3rej ma by\u0107 wykonany mebel.<\/span><\/span><\/span><\/p>\n<p style=\"text-align: left;\"><span style=\"color: #000000;\"><span style=\"font-family: verdana,geneva,sans-serif;\"><span style=\"font-size: 12px;\">Na \u017cyczenie wysy\u0142amy pr\u00f3bki tkanin w celu weryfikacji koloru tkaniny (podane kolory na monitorze mog\u0105 nieznacznie r\u00f3\u017cni\u0107 si\u0119 od rzeczywistych).<\/span>\u00a0<\/span><\/span><\/p>\n<p><span style=\"color: #000000;\"><span style=\"font-family: verdana,geneva,sans-serif;\"> Instrukcja monta\u017cu oraz elementy monta\u017cowe do\u0142\u0105czone w komplecie z \u0142\u00f3\u017ckiem.<\/span><\/span><\/p>\n<\/div>\n<\/div>\n","protected":false},"excerpt":{"rendered":"<p>ZESTAW &#8211; NOWOCZESNE \u0141\u00d3\u017bKO STILO 2 SLIM\u00a0 LED STELA\u017b MATERAC KIESZENIOWY SIEDMIOSTREFOWY STYL ORAZ ELEGANCJA TO CECHY CHARAKTERYSTYCZNE NASZYCH MODELI .\u00a0 Cechuje je wzornictwo na najwy\u017cszym poziomie\u00a0 , przeznaczone s\u0105 dla os\u00f3b, kt\u00f3re ceni\u0105 sobie wygod\u0119. \u0141\u00f3\u017cko po bokach posiada o\u015bwietlenie led RGB (w zestawie z zasilaczami i dwoma pilotami do sterowania). LED MULTIKOLOR: bia\u0142e, [&hellip;]<\/p>\n","protected":false},"featured_media":0,"template":"","meta":[],"_links":{"self":[{"href":"https:\/\/profitstore.pl\/index.php\/wp-json\/wp\/v2\/product\/1573"}],"collection":[{"href":"https:\/\/profitstore.pl\/index.php\/wp-json\/wp\/v2\/product"}],"about":[{"href":"https:\/\/profitstore.pl\/index.php\/wp-json\/wp\/v2\/types\/product"}],"wp:attachment":[{"href":"https:\/\/profitstore.pl\/index.php\/wp-json\/wp\/v2\/media?parent=1573"}],"curies":[{"name":"wp","href":"https:\/\/api.w.org\/{rel}","templated":true}]}}