{"id":1568,"date":"2021-03-19T07:30:28","date_gmt":"2021-03-19T07:30:28","guid":{"rendered":"https:\/\/profitstore.pl\/index.php\/produkt\/import-placeholder-for-1747\/"},"modified":"2021-03-19T07:30:30","modified_gmt":"2021-03-19T07:30:30","slug":"tapicerowany-stolik-nocny-a01-eko-skora","status":"publish","type":"product","link":"https:\/\/profitstore.pl\/index.php\/produkt\/tapicerowany-stolik-nocny-a01-eko-skora\/","title":{"rendered":"Tapicerowany stolik nocny A01  &#8211; eko sk\u00f3ra"},"content":{"rendered":"<p>Nowoczesny stolik nocny tapicerowany w ca\u0142o\u015bci ze sk\u00f3ry ekologicznej lub tkaniny<\/p>\n<p>Wymiar dotyczy modelu A01<\/p>\n<p><img src=\"https:\/\/tapicerowane-lozka.pl\/files\/stolik-nocny-tapicerowany-a01.jpg\" alt=\"Stolik nocny tapicerowany A01\" \/><\/p>\n<p>rozmiar blatu &#8211; 50cm . x 35 cm .<\/p>\n<p>wysoko\u015b\u0107 &#8211; 40 cm .<\/p>\n<p>Gwarancja 2 lata .<\/p>\n<p>Cena stolika dotyczy 1 sztuki .<\/p>\n<p>Kolory do wyboru wed\u0142ug pr\u00f3bnika przedstawionego poni\u017cej\u00a0 w eko sk\u00f3rze lub tkaninie aruba .<\/p>\n<p>Po z\u0142o\u017ceniu zam\u00f3wienia prosz\u0119 okre\u015bli\u0107<\/p>\n<p>KOLOR BLAT\u00d3W<\/p>\n<p>KOLOR BOK\u00d3W<\/p>\n<p><img src=\"https:\/\/www.aismeble.pl\/img\/cms\/tkaniny\/probnikekt.jpg\" \/><\/p>\n<p><img src=\"https:\/\/www.aismeble.pl\/img\/cms\/tkaniny\/tkanina%20ARUBA.jpg\" \/><\/p>\n<p>&nbsp;<\/p>\n","protected":false},"excerpt":{"rendered":"<p>Nowoczesny stolik nocny tapicerowany w ca\u0142o\u015bci ze sk\u00f3ry ekologicznej lub tkaniny Wymiar dotyczy modelu A01 rozmiar blatu &#8211; 50cm . x 35 cm . wysoko\u015b\u0107 &#8211; 40 cm . Gwarancja 2 lata . Cena stolika dotyczy 1 sztuki . Kolory do wyboru wed\u0142ug pr\u00f3bnika przedstawionego poni\u017cej\u00a0 w eko sk\u00f3rze lub tkaninie aruba . Po z\u0142o\u017ceniu [&hellip;]<\/p>\n","protected":false},"featured_media":0,"template":"","meta":[],"_links":{"self":[{"href":"https:\/\/profitstore.pl\/index.php\/wp-json\/wp\/v2\/product\/1568"}],"collection":[{"href":"https:\/\/profitstore.pl\/index.php\/wp-json\/wp\/v2\/product"}],"about":[{"href":"https:\/\/profitstore.pl\/index.php\/wp-json\/wp\/v2\/types\/product"}],"wp:attachment":[{"href":"https:\/\/profitstore.pl\/index.php\/wp-json\/wp\/v2\/media?parent=1568"}],"curies":[{"name":"wp","href":"https:\/\/api.w.org\/{rel}","templated":true}]}}