{"id":1556,"date":"2021-04-21T06:21:37","date_gmt":"2021-04-21T06:21:37","guid":{"rendered":"https:\/\/profitstore.pl\/index.php\/produkt\/import-placeholder-for-1733\/"},"modified":"2021-04-21T06:21:40","modified_gmt":"2021-04-21T06:21:40","slug":"stilo-2-premium-lux-120-x200-lozko-mlodziezowe","status":"publish","type":"product","link":"https:\/\/profitstore.pl\/index.php\/produkt\/stilo-2-premium-lux-120-x200-lozko-mlodziezowe\/","title":{"rendered":"Stilo 2 Premium lux 120 x200 -\u0142\u00f3\u017cko m\u0142odzie\u017cowe"},"content":{"rendered":"<p style=\"margin: 0px; padding: 0px 0px 10px; border: 0px; color: #666666; font-family: Verdana, Arial, sans-serif; font-size: 12.996px;\"><strong>\u00a0STILO 2 PREMIUM LUX<\/strong><\/p>\n<div class=\"content\" style=\"clear: left; padding: 10px 0px; font-size: 1.083em; line-height: 1.5em; color: #666666; font-family: Verdana, Arial, sans-serif;\">Ca\u0142e\u00a0<strong>\u0142\u00f3\u017cko\u00a0<\/strong>\u00a0wykonane jest ze sk\u00f3ry ekologicznej.<\/div>\n<div class=\"content\" style=\"clear: left; padding: 10px 0px; font-size: 1.083em; line-height: 1.5em; color: #666666; font-family: Verdana, Arial, sans-serif;\">\u00a0<strong>Mebel\u00a0<\/strong>\u00a0wykonany jest z najwi\u0119ksz\u0105 staranno\u015bci\u0105 i dba\u0142o\u015bci\u0105 o ka\u017cdy detal.<\/div>\n<div class=\"content\" style=\"clear: left; padding: 10px 0px; font-size: 1.083em; line-height: 1.5em; color: #666666; font-family: Verdana, Arial, sans-serif;\">\u00a0<strong>\u0141\u00f3\u017cka<\/strong>\u00a0wykonywane s\u0105 od podstaw przez wykwalifikowanych pracownik\u00f3w naszej firmy produkowane w Polsce .<\/div>\n<div class=\"content\" style=\"clear: left; padding: 10px 0px; font-size: 1.083em; line-height: 1.5em; color: #666666; font-family: Verdana, Arial, sans-serif;\">\u00a0Ka\u017cdy klient ma mo\u017cliwo\u015b\u0107 do indywidualnego wyboru kolor\u00f3w<strong>\u00a0\u0142\u00f3\u017cka<\/strong>\u00a0i jego rozmiaru.<\/div>\n<div class=\"content\" style=\"clear: left; padding: 10px 0px; font-size: 1.083em; line-height: 1.5em; color: #666666; font-family: Verdana, Arial, sans-serif;\"><\/div>\n<div class=\"content\" style=\"clear: left; padding: 10px 0px; font-size: 1.083em; line-height: 1.5em; color: #666666; font-family: Verdana, Arial, sans-serif;\">\u00a0Wysy\u0142ka w 2 dni robocze dotyczy \u0142\u00f3\u017cek w podstawowych kolorach ( czarno-bia\u0142e, bia\u0142o- czarne, czerwono-czarne i czarno-czerwone). Inne kolory realizacja 14-21 dni roboczych.<strong style=\"font-size: 12.996px;\"><span style=\"font-family: verdana, geneva, sans-serif;\"><span style=\"font-size: 12px;\"><span style=\"color: #ff0000;\"><br \/>\n<\/span><\/span><\/span><\/strong><\/div>\n<div class=\"content\" style=\"clear: left; padding: 10px 0px; font-size: 1.083em; line-height: 1.5em; color: #666666; font-family: Verdana, Arial, sans-serif;\"><\/div>\n<div class=\"content\" style=\"clear: left; padding: 10px 0px; font-size: 1.083em; line-height: 1.5em; color: #666666; font-family: Verdana, Arial, sans-serif;\"><img loading=\"lazy\" style=\"margin: 0px; padding: 0px; border: 0px;\" src=\"https:\/\/www.tapicerowane-lozka.pl\/files\/rui1n435n6fnn.jpg?t=1515514143192\" alt=\"\" width=\"787\" height=\"443\" \/><\/div>\n<div id=\"productDescription\" class=\"content\" style=\"clear: left; padding: 10px 0px; font-size: 1.083em; line-height: 1.5em; color: #666666; font-family: Verdana, Arial, sans-serif;\">\n<p style=\"margin: 0px; padding: 0px 0px 10px; border: 0px;\">\u00a0<img loading=\"lazy\" style=\"margin: 0px; padding: 0px; border: 0px;\" src=\"https:\/\/www.tapicerowane-lozka.pl\/files\/rui1n435nb6fnnbnb65.jpg?t=1515514215754\" alt=\"\" width=\"792\" height=\"446\" \/><\/p>\n<p style=\"margin: 0px; padding: 0px 0px 10px; border: 0px;\">\u00a0<img loading=\"lazy\" style=\"margin: 0px; padding: 0px; border: 0px;\" src=\"https:\/\/www.tapicerowane-lozka.pl\/files\/rui1n4nbn.jpg?t=1515514231497\" alt=\"\" width=\"801\" height=\"451\" \/><\/p>\n<p style=\"margin: 0px; padding: 0px 0px 10px; border: 0px;\"><img loading=\"lazy\" style=\"margin: 0px; padding: 0px; border: 0px;\" src=\"https:\/\/www.tapicerowane-lozka.pl\/files\/un56666ky-lozko.jpg?t=1515514247633\" alt=\"\" width=\"803\" height=\"452\" \/><\/p>\n<p style=\"margin: 0px; padding: 0px 0px 10px; border: 0px;\"><img loading=\"lazy\" style=\"margin: 0px; padding: 0px; border: 0px;\" src=\"https:\/\/www.tapicerowane-lozka.pl\/files\/rui1n.jpg?t=1515514273376\" alt=\"\" width=\"800\" height=\"450\" \/><\/p>\n<p style=\"margin: 0px; padding: 0px 0px 10px; border: 0px;\">\u00a0<img loading=\"lazy\" style=\"margin: 0px; padding: 0px; border: 0px;\" src=\"https:\/\/www.tapicerowane-lozka.pl\/files\/rui1n435.jpg?t=1515514301226\" alt=\"\" width=\"785\" height=\"442\" \/><\/p>\n<p style=\"margin: 0px; padding: 0px 0px 10px; border: 0px;\">\u00a0 \u00a0 \u00a0 \u00a0 \u00a0 \u00a0 \u00a0 \u00a0 \u00a0 \u00a0 \u00a0 \u00a0 \u00a0 \u00a0 \u00a0 \u00a0 \u00a0 \u00a0 \u00a0 \u00a0 \u00a0 \u00a0 \u00a0 \u00a0 \u00a0Zestaw zawiera masywny\u00a0<strong>stela\u017c<\/strong>\u00a0dopasowany do ka\u017cdego<strong>\u00a0materaca<\/strong>\u00a0.<\/p>\n<p style=\"margin: 0px; padding: 0px 0px 10px; border: 0px;\"><img loading=\"lazy\" style=\"margin: 0px; padding: 0px; border: 0px;\" src=\"https:\/\/www.tapicerowane-lozka.pl\/files\/stellm.jpg\" alt=\"\u0142\u00f3\u017cko stilo 2 stelaz\" width=\"764\" height=\"659\" \/><\/p>\n<p><strong>\u00a0<\/strong><\/p>\n<p style=\"margin: 0px; padding: 0px 0px 10px; border: 0px;\"><strong>\u00a0<\/strong><\/p>\n<p style=\"margin: 0px; padding: 0px 0px 10px; border: 0px;\"><strong>WSZELKICH PORAD UDZIELAMY POD NUMEREM TELEFONU ; 600 335 659<\/strong><\/p>\n<p style=\"margin: 0px; padding: 0px 0px 10px; border: 0px;\">WYMIARY<\/p>\n<p style=\"margin: 0px; padding: 0px 0px 10px; border: 0px;\">\u00a0<img loading=\"lazy\" style=\"margin: 0px; padding: 0px; border: 0px;\" src=\"https:\/\/www.tapicerowane-lozka.pl\/files\/text191m.jpg?t=1515514315442\" alt=\"\" width=\"721\" height=\"406\" \/><\/p>\n<p style=\"margin: 0px; padding: 0px 0px 10px; border: 0px;\"><strong>Gwarancja &#8211; 24 msc.<br \/>\n<\/strong><\/p>\n<p style=\"margin: 0px; padding: 0px 0px 10px; border: 0px;\"><strong>CZAS REALIZACJI \u00a0DO\u00a0<\/strong><strong>14 \u00a0DNI ROBOCZYCH<\/strong><\/p>\n<p style=\"margin: 0px; padding: 0px 0px 10px; border: 0px;\"><strong>\u0141\u00f3zko\u00a0 bez materaca , materace oraz stoliki nocne mo\u017cna zakupi\u0107 w naszym sklepie.<br \/>\n<\/strong><\/p>\n<p style=\"margin: 0px; padding: 0px 0px 10px; border: 0px;\"><img style=\"margin: 0px; padding: 0px; border: 0px;\" src=\"https:\/\/www.tapicerowane-lozka.pl\/files\/ekoskorm.jpg\" alt=\"\u0142\u00f3\u017cko sk\u00f3ra ekologiczna\" \/><\/p>\n<p><img src=\"https:\/\/lozka-tapicerowane-sypialnie.pl\/wp-content\/uploads\/2018\/10\/focus.jpg\" \/><\/p>\n<p style=\"margin: 0px; padding: 0px 0px 10px; border: 0px;\">Po z\u0142o\u017ceniu zam\u00f3wienia prosz\u0119 okre\u015bli\u0107 kolor, z kt\u00f3rego ma by\u0107 wykonany\u00a0<strong style=\"font-family: verdana, geneva, sans-serif;\">mebel.<\/strong><\/p>\n<p style=\"margin: 0px; padding: 0px 0px 10px; border: 0px;\">Na \u017cyczenie wysy\u0142amy pr\u00f3bki tkanin w celu weryfikacji koloru tkaniny (podane kolory na monitorze mog\u0105 nieznacznie r\u00f3\u017cni\u0107 si\u0119 od rzeczywistych).<\/p>\n<p style=\"margin: 0px; padding: 0px 0px 10px; border: 0px;\">Instrukcja monta\u017cu oraz elementy monta\u017cowe do\u0142\u0105czone w komplecie z<strong>\u00a0\u0142\u00f3\u017ckiem<\/strong>.<\/p>\n<\/div>\n","protected":false},"excerpt":{"rendered":"<p>\u00a0STILO 2 PREMIUM LUX Ca\u0142e\u00a0\u0142\u00f3\u017cko\u00a0\u00a0wykonane jest ze sk\u00f3ry ekologicznej. \u00a0Mebel\u00a0\u00a0wykonany jest z najwi\u0119ksz\u0105 staranno\u015bci\u0105 i dba\u0142o\u015bci\u0105 o ka\u017cdy detal. \u00a0\u0141\u00f3\u017cka\u00a0wykonywane s\u0105 od podstaw przez wykwalifikowanych pracownik\u00f3w naszej firmy produkowane w Polsce . \u00a0Ka\u017cdy klient ma mo\u017cliwo\u015b\u0107 do indywidualnego wyboru kolor\u00f3w\u00a0\u0142\u00f3\u017cka\u00a0i jego rozmiaru. \u00a0Wysy\u0142ka w 2 dni robocze dotyczy \u0142\u00f3\u017cek w podstawowych kolorach ( czarno-bia\u0142e, bia\u0142o- [&hellip;]<\/p>\n","protected":false},"featured_media":0,"template":"","meta":[],"_links":{"self":[{"href":"https:\/\/profitstore.pl\/index.php\/wp-json\/wp\/v2\/product\/1556"}],"collection":[{"href":"https:\/\/profitstore.pl\/index.php\/wp-json\/wp\/v2\/product"}],"about":[{"href":"https:\/\/profitstore.pl\/index.php\/wp-json\/wp\/v2\/types\/product"}],"wp:attachment":[{"href":"https:\/\/profitstore.pl\/index.php\/wp-json\/wp\/v2\/media?parent=1556"}],"curies":[{"name":"wp","href":"https:\/\/api.w.org\/{rel}","templated":true}]}}