{"id":1518,"date":"2021-03-19T07:30:42","date_gmt":"2021-03-19T07:30:42","guid":{"rendered":"https:\/\/profitstore.pl\/index.php\/produkt\/import-placeholder-for-1721\/"},"modified":"2021-03-19T07:30:45","modified_gmt":"2021-03-19T07:30:45","slug":"szafka-nocna-prima","status":"publish","type":"product","link":"https:\/\/profitstore.pl\/index.php\/produkt\/szafka-nocna-prima\/","title":{"rendered":"SZAFKA NOCNA PRIMA"},"content":{"rendered":"<p><strong>\u00a0SZAFKA PRIMO<\/strong><\/p>\n<p>Szafeczka w kolorze bia\u0142ym,czarnym lub ciemny br\u0105z wykonana z wysokiej jako\u015bci eco sk\u00f3ry.<\/p>\n<p><img src=\"https:\/\/zamowienia.halmar.pl\/Upload\/d41d8cd98f00b204e9800998ecf8427e\/f31f3feb5c326e19d23351fdc31a79d4.jpeg?132101958491326969\" \/><\/p>\n<p>&nbsp;<\/p>\n<p><img src=\"http:\/\/halmar.pl\/wp-content\/uploads\/PRIMA.jpg\" alt=\"\" \/><\/p>\n<p>WYMIARY:<\/p>\n<p>wysoko\u015b\u0107- 54 cm<\/p>\n<p>szeroko\u015b\u0107- 48 cm<\/p>\n<p>g\u0142\u0119boko\u015b\u0107- 41 cm<\/p>\n","protected":false},"excerpt":{"rendered":"<p>\u00a0SZAFKA PRIMO Szafeczka w kolorze bia\u0142ym,czarnym lub ciemny br\u0105z wykonana z wysokiej jako\u015bci eco sk\u00f3ry. &nbsp; WYMIARY: wysoko\u015b\u0107- 54 cm szeroko\u015b\u0107- 48 cm g\u0142\u0119boko\u015b\u0107- 41 cm<\/p>\n","protected":false},"featured_media":0,"template":"","meta":[],"_links":{"self":[{"href":"https:\/\/profitstore.pl\/index.php\/wp-json\/wp\/v2\/product\/1518"}],"collection":[{"href":"https:\/\/profitstore.pl\/index.php\/wp-json\/wp\/v2\/product"}],"about":[{"href":"https:\/\/profitstore.pl\/index.php\/wp-json\/wp\/v2\/types\/product"}],"wp:attachment":[{"href":"https:\/\/profitstore.pl\/index.php\/wp-json\/wp\/v2\/media?parent=1518"}],"curies":[{"name":"wp","href":"https:\/\/api.w.org\/{rel}","templated":true}]}}