{"id":1517,"date":"2021-03-19T07:30:42","date_gmt":"2021-03-19T07:30:42","guid":{"rendered":"https:\/\/profitstore.pl\/index.php\/produkt\/import-placeholder-for-1720\/"},"modified":"2021-03-19T07:30:46","modified_gmt":"2021-03-19T07:30:46","slug":"szafka-nocna-molda-sn-1","status":"publish","type":"product","link":"https:\/\/profitstore.pl\/index.php\/produkt\/szafka-nocna-molda-sn-1\/","title":{"rendered":"SZAFKA NOCNA MOLDA SN-1"},"content":{"rendered":"<p><strong>\u00a0SZAFKA NOCNA MOLDA SN-1<\/strong><\/p>\n<p>Szafeczka w kolorze d\u0105b sonoma i bia\u0142ym, wykonana z wysokiej jako\u015bci p\u0142yty meblowej laminowanej i drewna litego .<\/p>\n<p><img src=\"http:\/\/halmar.pl\/wp-content\/uploads\/MOLDA-SN-1.jpg\" alt=\"\" \/><\/p>\n<p>WYMIARY:<\/p>\n<p>wysoko\u015b\u0107- 53 cm<\/p>\n<p>szeroko\u015b\u0107- 47 cm<\/p>\n<p>g\u0142\u0119boko\u015b\u0107- 40 cm<\/p>\n","protected":false},"excerpt":{"rendered":"<p>\u00a0SZAFKA NOCNA MOLDA SN-1 Szafeczka w kolorze d\u0105b sonoma i bia\u0142ym, wykonana z wysokiej jako\u015bci p\u0142yty meblowej laminowanej i drewna litego . WYMIARY: wysoko\u015b\u0107- 53 cm szeroko\u015b\u0107- 47 cm g\u0142\u0119boko\u015b\u0107- 40 cm<\/p>\n","protected":false},"featured_media":0,"template":"","meta":[],"_links":{"self":[{"href":"https:\/\/profitstore.pl\/index.php\/wp-json\/wp\/v2\/product\/1517"}],"collection":[{"href":"https:\/\/profitstore.pl\/index.php\/wp-json\/wp\/v2\/product"}],"about":[{"href":"https:\/\/profitstore.pl\/index.php\/wp-json\/wp\/v2\/types\/product"}],"wp:attachment":[{"href":"https:\/\/profitstore.pl\/index.php\/wp-json\/wp\/v2\/media?parent=1517"}],"curies":[{"name":"wp","href":"https:\/\/api.w.org\/{rel}","templated":true}]}}