{"id":1514,"date":"2019-07-05T13:52:22","date_gmt":"2019-07-05T13:52:22","guid":{"rendered":"https:\/\/profitstore.pl\/index.php\/produkt\/import-placeholder-for-1717\/"},"modified":"2019-07-05T14:13:48","modified_gmt":"2019-07-05T14:13:48","slug":"szafka-nocna-eskimo-sn-1","status":"publish","type":"product","link":"https:\/\/profitstore.pl\/index.php\/produkt\/szafka-nocna-eskimo-sn-1\/","title":{"rendered":"SZAFKA NOCNA ESKIMO SN-1"},"content":{"rendered":"<p><strong> SZAFKA NOCNA ESKIMO SN-1<\/strong><\/p>\n<p>Szafeczka w kolorze bia\u0142ym, wykonana z wysokiej jako\u015bci p\u0142yty meblowej laminowanej i MDF-u lakierowanego. Obrze\u017ca ABS oraz prowadnice szuflad z funkcj\u0105 cichego domykania.<\/p>\n<p><img src=\"http:\/\/halmar.pl\/wp-content\/uploads\/ESKIMO-SN-1.jpg\" alt=\"\" \/><\/p>\n<p>WYMIARY:<\/p>\n<p>wysoko\u015b\u0107- 52 cm<\/p>\n<p>szeroko\u015b\u0107- 40 cm<\/p>\n<p>g\u0142\u0119boko\u015b\u0107- 44 cm<\/p>\n","protected":false},"excerpt":{"rendered":"<p>SZAFKA NOCNA ESKIMO SN-1 Szafeczka w kolorze bia\u0142ym, wykonana z wysokiej jako\u015bci p\u0142yty meblowej laminowanej i MDF-u lakierowanego. Obrze\u017ca ABS oraz prowadnice szuflad z funkcj\u0105 cichego domykania. WYMIARY: wysoko\u015b\u0107- 52 cm szeroko\u015b\u0107- 40 cm g\u0142\u0119boko\u015b\u0107- 44 cm<\/p>\n","protected":false},"featured_media":1543,"template":"","meta":[],"_links":{"self":[{"href":"https:\/\/profitstore.pl\/index.php\/wp-json\/wp\/v2\/product\/1514"}],"collection":[{"href":"https:\/\/profitstore.pl\/index.php\/wp-json\/wp\/v2\/product"}],"about":[{"href":"https:\/\/profitstore.pl\/index.php\/wp-json\/wp\/v2\/types\/product"}],"wp:featuredmedia":[{"embeddable":true,"href":"https:\/\/profitstore.pl\/index.php\/wp-json\/wp\/v2\/media\/1543"}],"wp:attachment":[{"href":"https:\/\/profitstore.pl\/index.php\/wp-json\/wp\/v2\/media?parent=1514"}],"curies":[{"name":"wp","href":"https:\/\/api.w.org\/{rel}","templated":true}]}}