{"id":1454,"date":"2021-02-15T15:21:30","date_gmt":"2021-02-15T15:21:30","guid":{"rendered":"https:\/\/profitstore.pl\/index.php\/produkt\/import-placeholder-for-1675\/"},"modified":"2021-02-15T15:21:35","modified_gmt":"2021-02-15T15:21:35","slug":"stol-elbert-4-krzesla","status":"publish","type":"product","link":"https:\/\/profitstore.pl\/index.php\/produkt\/stol-elbert-4-krzesla\/","title":{"rendered":"ST\u00d3\u0141 ELBERT  4 KRZES\u0141A"},"content":{"rendered":"<p>\u00a0<\/p>\n<p><strong>\u00a0 \u00a0 \u00a0 \u00a0<\/strong><\/p>\n<p><strong>\u00a0 \u00a0 \u00a0 \u00a0 \u00a0 \u00a0 \u00a0 \u00a0 \u00a0 \u00a0 \u00a0 \u00a0 \u00a0 ST\u00d3\u0141 ELBERT  4 KRZES\u0141A\u00a0<\/strong><\/p>\n<p>\u00a0<\/p>\n<p>St\u00f3\u0142 i krzes\u0142a wykonane z p\u0142yty MDF laminowanej \u00a0w kolorze buk i stali malowanej proszkowo.<\/p>\n<p>\u00a0<img loading=\"lazy\" style=\"border: 0px; cursor: default;\" src=\"http:\/\/www.halmar.pl\/images\/stories\/virtuemart\/product\/zestaw-elbert.jpg\" alt=\"\" width=\"844\" height=\"638\" \/><\/p>\n<p>\u00a0<\/p>\n<p><strong>Wymiary sto\u0142u:<\/strong><\/p>\n<p>d\u0142ugo\u015b\u0107- 117 cm<\/p>\n<p>szeroko\u015b\u0107- 77 cm<\/p>\n<p>wysoko\u015b\u0107- 75 cm<\/p>\n<p><strong>Wymiary krzes\u0142a:<\/strong><\/p>\n<p>szeroko\u015b\u0107- 46 cm<\/p>\n<p>wysoko\u015b\u0107- 90 cm<\/p>\n<p>\u00a0<\/p>\n<p>Kolory mog\u0105 \u00a0nieznacznie odbiega\u0107 od rzeczywistych, ze wzgledu na r\u00f3\u017cne parametry monitor\u00f3w.<\/p>\n","protected":false},"excerpt":{"rendered":"<p>\u00a0 \u00a0 \u00a0 \u00a0 \u00a0 \u00a0 \u00a0 \u00a0 \u00a0 \u00a0 \u00a0 \u00a0 \u00a0 \u00a0 \u00a0 \u00a0 \u00a0 \u00a0 ST\u00d3\u0141 ELBERT 4 KRZES\u0141A\u00a0 \u00a0 St\u00f3\u0142 i krzes\u0142a wykonane z p\u0142yty MDF laminowanej \u00a0w kolorze buk i stali malowanej proszkowo. \u00a0 \u00a0 Wymiary sto\u0142u: d\u0142ugo\u015b\u0107- 117 cm szeroko\u015b\u0107- 77 cm wysoko\u015b\u0107- 75 cm Wymiary krzes\u0142a: szeroko\u015b\u0107- 46 [&hellip;]<\/p>\n","protected":false},"featured_media":0,"template":"","meta":[],"_links":{"self":[{"href":"https:\/\/profitstore.pl\/index.php\/wp-json\/wp\/v2\/product\/1454"}],"collection":[{"href":"https:\/\/profitstore.pl\/index.php\/wp-json\/wp\/v2\/product"}],"about":[{"href":"https:\/\/profitstore.pl\/index.php\/wp-json\/wp\/v2\/types\/product"}],"wp:attachment":[{"href":"https:\/\/profitstore.pl\/index.php\/wp-json\/wp\/v2\/media?parent=1454"}],"curies":[{"name":"wp","href":"https:\/\/api.w.org\/{rel}","templated":true}]}}