{"id":1401,"date":"2021-09-21T06:26:06","date_gmt":"2021-09-21T06:26:06","guid":{"rendered":"https:\/\/profitstore.pl\/index.php\/produkt\/import-placeholder-for-1632\/"},"modified":"2021-09-21T06:26:11","modified_gmt":"2021-09-21T06:26:11","slug":"nowoczesne-lozko-tapicerowane-lazurro-2-slim","status":"publish","type":"product","link":"https:\/\/profitstore.pl\/index.php\/produkt\/nowoczesne-lozko-tapicerowane-lazurro-2-slim\/","title":{"rendered":"Nowoczesne \u0142\u00f3\u017cko tapicerowane LAZURRO 2 SLIM"},"content":{"rendered":"<div id=\"productDescription\" class=\"content\">\n<p>Luksusowe &#8211; <a href=\"http:\/\/www.lozka-tapicerowane-sypialnie.pl\/\">nowoczesne sypialnie\u00a0<\/a> .<\/p>\n<p style=\"text-align: left;\">Wyj\u0105tkowa kolekcja solidnych ,praktycznych a przy tym\u00a0 pe\u0142nych uroku nowoczesnych \u0142\u00f3\u017cek .<\/p>\n<p style=\"text-align: left;\"><a href=\"http:\/\/www.lozka-tapicerowane-sypialnie.pl\/\">\u00a0Styl oraz elegancja\u00a0 to cechy charakterystyczne naszych modeli.<\/a><\/p>\n<p style=\"text-align: left;\">Cechuje je wzornictwo\u00a0 na najwy\u017cszym poziomie\u00a0 , przeznaczone s\u0105 dla os\u00f3b<\/p>\n<p style=\"text-align: left;\">kt\u00f3re ceni\u0105 sobie wygod\u0119 .<\/p>\n<p style=\"text-align: left;\">Nowoczesny wz\u00f3r \u0142\u00f3\u017cka LAZURRO 2 SLIM , z ciekawymi przeszyciami na bokach oraz wezg\u0142owiu oparcia .<\/p>\n<p style=\"text-align: left;\">Oparcie jest mi\u0119kkie i bardzo wygodne<\/p>\n<p style=\"text-align: left;\"><strong>SERDECZNIE POLECAMY\u00a0<\/strong><\/p>\n<p><img src=\"https:\/\/tapicerowane-lozka.pl\/files\/lazurro2slim3d.gif\" alt=\"design3d\" \/><\/p>\n<p>&nbsp;<\/p>\n<p style=\"text-align: left;\"><img src=\"https:\/\/tapicerowane-lozka.pl\/files\/l2s-m-lozko.jpg\" alt=\"\u00c5\u0082\u00c3\u00b3\u00c5\u00bcko Lazurro 2 slim sk\u00c3\u00b3ra ekologiczna\" \/><\/p>\n<p><img src=\"https:\/\/tapicerowane-lozka.pl\/files\/l2s-m2-lozko.jpg\" alt=\"\u00c5\u0082\u00c3\u00b3\u00c5\u00bcko Lazurro 2 slim sk\u00c3\u00b3ra ekologiczna\" \/><\/p>\n<p style=\"text-align: left;\">\u0141\u00f3\u017cko wykonane jest w ca\u0142o\u015bci ze sk\u00f3ry ekologicznej\u00a0 .<\/p>\n<p style=\"text-align: left;\">Kolorystyka dowolna wed\u0142ug\u00a0 przedstawionych pr\u00f3bnik\u00f3w .<\/p>\n<p style=\"text-align: left;\">Zestaw zawiera masywny stela\u017c dostosowany do ka\u017cdego rodzaju materaca oraz dodatkowe nogi od spodu .<\/p>\n<p>&nbsp;<\/p>\n<p style=\"text-align: left;\">Nogi \u0142\u00f3\u017cka wykonane ze stali chromowanej .<\/p>\n<p style=\"text-align: left;\">WSZELKICH PORAD UDZIELAMY POD NUMEREM TELEFONU ; 600 335 659<\/p>\n<p style=\"text-align: left;\"><img src=\"https:\/\/tapicerowane-lozka.pl\/files\/l2s-m140-lozko.jpg\" alt=\"\u00c5\u0082\u00c3\u00b3\u00c5\u00bcko lozko Lazurro 2 140x200 cm\" \/><\/p>\n<p><img src=\"https:\/\/tapicerowane-lozka.pl\/files\/l2s-m160-lozko.jpg\" alt=\"\u00c5\u0082\u00c3\u00b3\u00c5\u00bcko Lazurro 2 160x200 cm\" \/><\/p>\n<p><img src=\"https:\/\/tapicerowane-lozka.pl\/files\/l2s-m180-lozko.jpg\" alt=\"\u00c5\u0082\u00c3\u00b3\u00c5\u00bcko Lazurro 2 180x200 cm\" \/><\/p>\n<p><img src=\"https:\/\/tapicerowane-lozka.pl\/files\/l2s-m200-lozko.jpg\" alt=\"\u00c5\u0082\u00c3\u00b3\u00c5\u00bcko Lazurro 2 200x200 cm\" \/><\/p>\n<p><img src=\"https:\/\/tapicerowane-lozka.pl\/files\/l2s-m220-lozko.jpg\" alt=\"\u00c5\u0082\u00c3\u00b3\u00c5\u00bcko Lazurro 2 200x200 cm\" \/><\/p>\n<p style=\"text-align: left;\"><strong>Gwarancja &#8211; 24 msc.<br \/>\n<\/strong><\/p>\n<p style=\"text-align: left;\"><strong>CZAS REALIZACJI\u00a0 14 &#8211; 21 DNI ROBOCZYCH <\/strong><\/p>\n<p style=\"text-align: left;\"><strong>\u0141\u00f3zko\u00a0 bez materaca , materace oraz stoliki nocne mo\u017cna zakupi\u0107 w naszym sklepie.<br \/>\n<\/strong><\/p>\n<p><img src=\"https:\/\/marcusmeble.pl\/wp-content\/uploads\/2020\/07\/meble-kolory-probnik.jpg\" \/><\/p>\n<p style=\"text-align: left;\">\u00a0<span style=\"color: #000000;\"><span style=\"font-family: verdana,geneva,sans-serif;\"><span style=\"font-size: 12px;\">Po z\u0142o\u017ceniu zam\u00f3wienia prosz\u0119 okre\u015bli\u0107 kolor z kt\u00f3rej ma by\u0107 wykonany mebel.<\/span><\/span><\/span><\/p>\n<p style=\"text-align: left;\"><span style=\"color: #000000;\"><span style=\"font-family: verdana,geneva,sans-serif;\"><span style=\"font-size: 12px;\">Na \u017cyczenie wysy\u0142amy pr\u00f3bki tkanin w celu weryfikacji koloru tkaniny (podane kolory na monitorze mog\u0105 nieznacznie r\u00f3\u017cni\u0107 si\u0119 od rzeczywistych).<\/span>\u00a0<\/span><\/span><\/p>\n<p><span style=\"color: #000000;\"><span style=\"font-family: verdana,geneva,sans-serif;\"> Instrukcja monta\u017cu oraz elementy monta\u017cowe do\u0142\u0105czone w komplecie z \u0142\u00f3\u017ckiem<\/span><\/span><\/p>\n<\/div>\n","protected":false},"excerpt":{"rendered":"<p>Luksusowe &#8211; nowoczesne sypialnie\u00a0 . Wyj\u0105tkowa kolekcja solidnych ,praktycznych a przy tym\u00a0 pe\u0142nych uroku nowoczesnych \u0142\u00f3\u017cek . \u00a0Styl oraz elegancja\u00a0 to cechy charakterystyczne naszych modeli. Cechuje je wzornictwo\u00a0 na najwy\u017cszym poziomie\u00a0 , przeznaczone s\u0105 dla os\u00f3b kt\u00f3re ceni\u0105 sobie wygod\u0119 . Nowoczesny wz\u00f3r \u0142\u00f3\u017cka LAZURRO 2 SLIM , z ciekawymi przeszyciami na bokach oraz wezg\u0142owiu [&hellip;]<\/p>\n","protected":false},"featured_media":0,"template":"","meta":[],"_links":{"self":[{"href":"https:\/\/profitstore.pl\/index.php\/wp-json\/wp\/v2\/product\/1401"}],"collection":[{"href":"https:\/\/profitstore.pl\/index.php\/wp-json\/wp\/v2\/product"}],"about":[{"href":"https:\/\/profitstore.pl\/index.php\/wp-json\/wp\/v2\/types\/product"}],"wp:attachment":[{"href":"https:\/\/profitstore.pl\/index.php\/wp-json\/wp\/v2\/media?parent=1401"}],"curies":[{"name":"wp","href":"https:\/\/api.w.org\/{rel}","templated":true}]}}