{"id":1396,"date":"2021-03-19T07:31:24","date_gmt":"2021-03-19T07:31:24","guid":{"rendered":"https:\/\/profitstore.pl\/index.php\/produkt\/import-placeholder-for-1608\/"},"modified":"2021-03-19T07:31:28","modified_gmt":"2021-03-19T07:31:28","slug":"nowoczesne-lozko-tapicerowane-aurora-led-rgb-skora-ekologiczna","status":"publish","type":"product","link":"https:\/\/profitstore.pl\/index.php\/produkt\/nowoczesne-lozko-tapicerowane-aurora-led-rgb-skora-ekologiczna\/","title":{"rendered":"Nowoczesne \u0142\u00f3\u017cko tapicerowane   AURORA  LED RGB   &#8211; sk\u00f3ra ekologiczna"},"content":{"rendered":"<p>Nowoczesne \u0142\u00f3\u017cko do sypialni tapicerowane Aurora Led ze sk\u00f3ry ekologicznej<\/p>\n<p><strong>STYL ORAZ ELEGANCJA TO CECHY CHARAKTERYSTYCZNE NASZYCH MODELI .<\/strong><\/p>\n<p style=\"text-align: left;\"><strong>Cechuje je wzornictwo\u00a0na najwy\u017cszym poziomie, przeznaczone s\u0105 dla os\u00f3b<br \/>\n<\/strong><\/p>\n<p style=\"text-align: left;\"><strong>kt\u00f3re ceni\u0105 sobie wygod\u0119.<\/strong><\/p>\n<p><strong>\u00a0\u0141\u00f3\u017cko po bokach posiada o\u015bwietlenie led RGB (w zestawie z zasilaczami i dwoma pilotami do sterowania).<br \/>\nLED MULTIKOLOR: bia\u0142e, niebieskie, zielone, czerwone, \u017c\u00f3\u0142te, fioletowe, pomara\u0144czowe itp.<\/strong><\/p>\n<p><img src=\"https:\/\/tapicerowane-lozka.pl\/files\/aumled1.jpg?t=1543514742728?t=1543514849625\" \/><\/p>\n<p><img src=\"https:\/\/tapicerowane-lozka.pl\/files\/tapicerowane-lozko-aurora.jpg\" alt=\"\u00c5\u0082\u00c3\u00b3\u00c5\u00bcko aurora sk\u00c3\u00b3ra ekologiczna\" \/><\/p>\n<p style=\"text-align: left;\"><img src=\"https:\/\/tapicerowane-lozka.pl\/files\/lozko-aurora-biale.jpg\" alt=\"\u00c5\u0082\u00c3\u00b3\u00c5\u00bcko aurora sk\u00c3\u00b3ra ekologiczna\" \/><\/p>\n<p style=\"text-align: left;\"><strong>Nogi \u0142\u00f3\u017cka wykonane ze stali chromowanej .<\/strong><\/p>\n<p><img src=\"https:\/\/tapicerowane-lozka.pl\/files\/lozko-rozmiar-aurora-140x200cm.jpg\" alt=\"\u00c5\u0082\u00c3\u00b3\u00c5\u00bcko lozko aurora 140x200 cm\" \/><\/p>\n<p><img src=\"https:\/\/tapicerowane-lozka.pl\/files\/lozko-aurora-160x200cm.jpg\" alt=\"\u00c5\u0082\u00c3\u00b3\u00c5\u00bcko aurora  160x200 cm\" \/><\/p>\n<p><img src=\"https:\/\/tapicerowane-lozka.pl\/files\/lozka-rozmair-aurora-180x200cm.jpg\" alt=\"\u00c5\u0082\u00c3\u00b3\u00c5\u00bcko aurora 180x200 cm\" \/><\/p>\n<p><img src=\"https:\/\/tapicerowane-lozka.pl\/files\/lozko-rozmiar-aurora-200x200cm.jpg\" alt=\"\u00c5\u0082\u00c3\u00b3\u00c5\u00bcko aurora 200x200 cm\" \/><\/p>\n<p>&nbsp;<\/p>\n<p>&nbsp;<\/p>\n<p><img src=\"https:\/\/tapicerowane-lozka.pl\/files\/lozka-rozmiar-aurora-200x220cm.jpg\" alt=\"\u00c5\u0082\u00c3\u00b3\u00c5\u00bcko Aurora 200x220 cm\" \/><\/p>\n<p>&nbsp;<\/p>\n<p>Mo\u017cliwo\u015b\u0107 wyboru kolorystki z eko sk\u00f3ry lub z tkaniny<\/p>\n<p><img src=\"https:\/\/www.aismeble.pl\/img\/cms\/tkaniny\/probnikekt.jpg\" \/><\/p>\n<p><img src=\"https:\/\/www.aismeble.pl\/img\/cms\/tkaniny\/tkanina%20ARUBA.jpg\" \/><\/p>\n<p>&nbsp;<\/p>\n<p>Stela\u017c w zestawie<\/p>\n<p><img src=\"http:\/\/projekty.rankhouse.pl\/aismeble\/img\/cms\/stela%C5%BCz.jpg\" \/><\/p>\n<p>&nbsp;<\/p>\n<p>Gwarancja 24 miesi\u0105ce<\/p>\n<p>Prosty intuicyjny monta\u017c , instrukcja do\u0142\u0105czona do zestawu .<\/p>\n<p>&nbsp;<\/p>\n<p>&nbsp;<\/p>\n<p>&nbsp;<\/p>\n<p>&nbsp;<\/p>\n","protected":false},"excerpt":{"rendered":"<p>Nowoczesne \u0142\u00f3\u017cko do sypialni tapicerowane Aurora Led ze sk\u00f3ry ekologicznej STYL ORAZ ELEGANCJA TO CECHY CHARAKTERYSTYCZNE NASZYCH MODELI . Cechuje je wzornictwo\u00a0na najwy\u017cszym poziomie, przeznaczone s\u0105 dla os\u00f3b kt\u00f3re ceni\u0105 sobie wygod\u0119. \u00a0\u0141\u00f3\u017cko po bokach posiada o\u015bwietlenie led RGB (w zestawie z zasilaczami i dwoma pilotami do sterowania). LED MULTIKOLOR: bia\u0142e, niebieskie, zielone, czerwone, \u017c\u00f3\u0142te, [&hellip;]<\/p>\n","protected":false},"featured_media":0,"template":"","meta":[],"_links":{"self":[{"href":"https:\/\/profitstore.pl\/index.php\/wp-json\/wp\/v2\/product\/1396"}],"collection":[{"href":"https:\/\/profitstore.pl\/index.php\/wp-json\/wp\/v2\/product"}],"about":[{"href":"https:\/\/profitstore.pl\/index.php\/wp-json\/wp\/v2\/types\/product"}],"wp:attachment":[{"href":"https:\/\/profitstore.pl\/index.php\/wp-json\/wp\/v2\/media?parent=1396"}],"curies":[{"name":"wp","href":"https:\/\/api.w.org\/{rel}","templated":true}]}}