{"id":123306,"date":"2026-04-14T06:00:13","date_gmt":"2026-04-14T06:00:13","guid":{"rendered":"https:\/\/profitstore.pl\/index.php\/produkt\/kalibracja-fitalco-grafit\/"},"modified":"2026-04-14T06:00:23","modified_gmt":"2026-04-14T06:00:23","slug":"kalibracja-fitalco-grafit","status":"publish","type":"product","link":"https:\/\/profitstore.pl\/index.php\/produkt\/kalibracja-fitalco-grafit\/","title":{"rendered":"Kalibracja FITALCO GRAFIT"},"content":{"rendered":"<p>Kalibracja alkomatu FitAlco Grafit z certyfikatem Kalibracja alkomatu FitAlco Grafit to us\u0142uga serwisowa zapewniaj\u0105ca poprawno\u015b\u0107 wskaza\u0144 tego kompaktowego alkomatu osobistego. Regularna adiustacja sensora gwarantuje, \u017ce wyniki pomiar\u00f3w b\u0119d\u0105 precyzyjne i zgodne z rzeczywistym st\u0119\u017ceniem alkoholu w wydychanym powietrzu. Dzi\u0119ki profesjonalnej kalibracji zyskujesz pewno\u015b\u0107, \u017ce Tw\u00f3j alkomat dzia\u0142a bezb\u0142\u0119dnie. Us\u0142uga kalibracji realizowana jest w profesjonalnym laboratorium serwisowym wyposa\u017conym w certyfikowany sprz\u0119t pomiarowy. Kalibracj\u0119 przeprowadzaj\u0105 do\u015bwiadczeni technicy posiadaj\u0105cy wieloletnie do\u015bwiadczenie w serwisowaniu analizator\u00f3w wydechu. Kalibracja alkomatu FitAlco Grafit Kalibracja FitAlco Grafit polega na poddaniu urz\u0105dzenia dzia\u0142aniu wzorcowych pr\u00f3bek alkoholu o znanych st\u0119\u017ceniach (0,20\u2030, 0,50\u2030, 1,00\u2030) i ewentualnej korekcji wskaza\u0144 w oprogramowaniu. Jest to czynno\u015b\u0107 wymagaj\u0105ca specjalistycznego sprz\u0119tu i fachowej wiedzy serwisowej. Specyfika sensora FitAlco Grafit FitAlco Grafit wyposa\u017cony jest w sensor pomiarowy przeznaczony do detekcji alkoholu etylowego w wydychanym powietrzu. Kompaktowa konstrukcja i elegancki design czyni\u0105 z Grafita wygodne narz\u0119dzie do codziennych pomiar\u00f3w. Regularna kalibracja jest niezb\u0119dna, poniewa\u017c czujnik z czasem traci czu\u0142o\u015b\u0107 i wymaga okresowej adiustacji. Zalecana cz\u0119stotliwo\u015b\u0107 kalibracji alkomatu FitAlco Grafit Cz\u0119stotliwo\u015b\u0107 kalibracji zale\u017cy od typu sensora zastosowanego w urz\u0105dzeniu. Alkomaty z sensorem elektrochemicznym wymagaj\u0105 kalibracji co 12 miesi\u0119cy lub po 500 pomiarach, natomiast modele z sensorem p\u00f3\u0142przewodnikowym &#8211; co 6 miesi\u0119cy lub po 200 pomiarach. Zalecamy sprawdzenie instrukcji obs\u0142ugi lub kontakt z naszym serwisem w celu ustalenia w\u0142a\u015bciwego interwa\u0142u dla Twojego egzemplarza. Co sprawdzamy podczas kalibracji FitAlco Grafit Weryfikacja wskaza\u0144 sensora przy u\u017cyciu wzorcowych roztwor\u00f3w alkoholu o st\u0119\u017ceniach 0,20\u2030, 0,50\u2030 i 1,00\u2030 Korekcja ewentualnych odchyle\u0144 odczyt\u00f3w poprzez rekonfiguracj\u0119 oprogramowania urz\u0105dzenia Sprawdzenie prawid\u0142owo\u015bci dzia\u0142ania systemu pobierania pr\u00f3bki powietrza i ustnika Test og\u00f3lnej sprawno\u015bci elektroniki alkomatu, w tym wy\u015bwietlacza i sygnalizacji d\u017awi\u0119kowej Kontrola stanu baterii oraz poprawno\u015bci zasilania urz\u0105dzenia Czas realizacji kalibracji FitAlco Grafit Realizacja us\u0142ugi kalibracji alkomatu FitAlco Grafit trwa 2 do 5 dni roboczych od momentu dostarczenia urz\u0105dzenia do serwisu. Po zako\u0144czeniu procesu adiustacji alkomat przechodzi dodatkowe testy kontrolne potwierdzaj\u0105ce prawid\u0142owo\u015b\u0107 wskaza\u0144 przed odes\u0142aniem do klienta. Certyfikat kalibracji FitAlco Grafit &#8211; co zawiera Po zako\u0144czeniu kalibracji wystawiany jest oficjalny Certyfikat Kalibracji potwierdzaj\u0105cy prawid\u0142owo\u015b\u0107 wskaza\u0144 alkomatu. Dokument zawiera dat\u0119 wykonania us\u0142ugi, dane identyfikacyjne urz\u0105dzenia (model, numer seryjny), zakres przeprowadzonych bada\u0144 wzorcowych oraz dat\u0119 wa\u017cno\u015bci certyfikatu. Jak wys\u0142a\u0107 alkomat FitAlco Grafit do kalibracji Wype\u0142nij formularz serwisowy dost\u0119pny na naszej stronie internetowej. Zapakuj bezpiecznie alkomat, do\u0142\u0105czaj\u0105c do paczki wydrukowany formularz. Wy\u015blij urz\u0105dzenie na adres naszego autoryzowanego centrum serwisowego. Odbierz skalibrowany alkomat z certyfikatem potwierdzaj\u0105cym jego sprawno\u015b\u0107. Je\u017celi masz w\u0105tpliwo\u015bci co do poprawnego dzia\u0142ania Twojego alkomatu, lub wskazuje wynik 0,00 po spo\u017cyciu alkoholu nie kupuj us\u0142ugi kalibracji. Mo\u017ce to \u015bwiadczy\u0107 o zu\u017cyciu sensora w alkomacie. Wy\u015blij go do nas na DARMOW\u0104 ekspertyz\u0119. Wycenimy koszty ewentualnej naprawy i wska\u017cemy, czy ma ona uzasadnienie i czy jest op\u0142acalna. Alkomat mo\u017cna r\u00f3wnie\u017c dostarczy\u0107 do nas osobi\u015bcie i zostawi\u0107 celem wykonania precyzyjnej kalibracji. Cz\u0119sto zadawane pytania &#8211; kalibracja FitAlco Grafit Czy FitAlco Grafit i Neon maj\u0105 ten sam typ sensora? Oba modele FitAlco kalibrowane s\u0105 w identyczny spos\u00f3b. R\u00f3\u017cni\u0105 si\u0119 g\u0142\u00f3wnie designem i funkcjami dodatkowymi, ale proces kalibracji sensora jest taki sam dla obu modeli. Jak cz\u0119sto kalibrowa\u0107 FitAlco Grafit? Cz\u0119stotliwo\u015b\u0107 kalibracji zale\u017cy od typu sensora w urz\u0105dzeniu. Sprawd\u017a instrukcj\u0119 obs\u0142ugi lub skontaktuj si\u0119 z naszym serwisem &#8211; pomo\u017cemy ustali\u0107 w\u0142a\u015bciwy interwa\u0142. Czy po kalibracji Grafit jest r\u00f3wnie dok\u0142adny jak nowy? Kalibracja przywraca precyzj\u0119 wskaza\u0144 do poziomu zbli\u017conego do fabrycznego. Nie wp\u0142ywa na mechaniczne zu\u017cycie urz\u0105dzenia, ale sensor po prawid\u0142owej adiustacji pracuje z pe\u0142n\u0105 dok\u0142adno\u015bci\u0105. Powi\u0105zane modele &#8211; inne kalibracje Kalibrujemy r\u00f3wnie\u017c FitAlco Neon z tej samej serii. W naszej ofercie znajdziesz tak\u017ce kalibracje AlcoSafe Ethylec, AlcoSafe Ethyway i innych popularnych alkomat\u00f3w osobistych. Gdzie kalibrujemy alkomaty? Serwis Alkomat\u00f3w \u015al\u0105sk Kupuj\u0105c us\u0142ug\u0119 kalibracji op\u0142acasz w zam\u00f3wieniu przesy\u0142k\u0119 zwrotn\u0105 po wykonaniu us\u0142ugi. Alkomat wy\u015blij na sw\u00f3j koszt dowolnym przewo\u017anikiem ( kurier, poczta) na nasz adres: Serwis Alkomat\u00f3w ul. Raciborska 323 44-280 Rydu\u0142towy tel. 515 515 012 Do \u015brodka w\u0142\u00f3\u017c karteczk\u0119 z numerem zam\u00f3wienia lub twoje dane. Jak co\u015b jest niejasne, zadzwo\u0144 +48 515 515 012 lub napisz<\/p>\n","protected":false},"excerpt":{"rendered":"<p>Kalibracja alkomatu FitAlco Grafit z certyfikatem Kalibracja alkomatu FitAlco Grafit to us\u0142uga serwisowa zapewniaj\u0105ca poprawno\u015b\u0107 wskaza\u0144 tego kompaktowego alkomatu osobistego. Regularna adiustacja sensora gwarantuje, \u017ce wyniki pomiar\u00f3w b\u0119d\u0105 precyzyjne i zgodne z rzeczywistym st\u0119\u017ceniem alkoholu w wydychanym powietrzu. Dzi\u0119ki profesjonalnej kalibracji zyskujesz pewno\u015b\u0107, \u017ce Tw\u00f3j alkomat dzia\u0142a bezb\u0142\u0119dnie. Us\u0142uga kalibracji realizowana jest w profesjonalnym laboratorium [&hellip;]<\/p>\n","protected":false},"featured_media":123307,"template":"","meta":[],"_links":{"self":[{"href":"https:\/\/profitstore.pl\/index.php\/wp-json\/wp\/v2\/product\/123306"}],"collection":[{"href":"https:\/\/profitstore.pl\/index.php\/wp-json\/wp\/v2\/product"}],"about":[{"href":"https:\/\/profitstore.pl\/index.php\/wp-json\/wp\/v2\/types\/product"}],"wp:featuredmedia":[{"embeddable":true,"href":"https:\/\/profitstore.pl\/index.php\/wp-json\/wp\/v2\/media\/123307"}],"wp:attachment":[{"href":"https:\/\/profitstore.pl\/index.php\/wp-json\/wp\/v2\/media?parent=123306"}],"curies":[{"name":"wp","href":"https:\/\/api.w.org\/{rel}","templated":true}]}}