{"id":123294,"date":"2026-04-14T06:00:13","date_gmt":"2026-04-14T06:00:13","guid":{"rendered":"https:\/\/profitstore.pl\/index.php\/produkt\/kalibracja-drager-alcotest-5820\/"},"modified":"2026-04-14T06:00:17","modified_gmt":"2026-04-14T06:00:17","slug":"kalibracja-drager-alcotest-5820","status":"publish","type":"product","link":"https:\/\/profitstore.pl\/index.php\/produkt\/kalibracja-drager-alcotest-5820\/","title":{"rendered":"Kalibracja Dr\u00e4ger Alcotest 5820"},"content":{"rendered":"<p>Kalibracja alkomatu Dr\u00e4ger Alcotest 5820 z certyfikatem Kalibracja alkomatu Dr\u00e4ger Alcotest 5820 to us\u0142uga serwisowa przywracaj\u0105ca pe\u0142n\u0105 precyzj\u0119 wskaza\u0144 tego zaawansowanego alkomatu Dr\u00e4ger. Regularna adiustacja sensora gwarantuje, \u017ce wyniki pomiar\u00f3w b\u0119d\u0105 precyzyjne i zgodne z rzeczywistym st\u0119\u017ceniem alkoholu w wydychanym powietrzu. Dzi\u0119ki profesjonalnej kalibracji zyskujesz pewno\u015b\u0107, \u017ce Tw\u00f3j alkomat dzia\u0142a bezb\u0142\u0119dnie. Us\u0142uga kalibracji realizowana jest w profesjonalnym laboratorium serwisowym wyposa\u017conym w certyfikowany sprz\u0119t pomiarowy. Kalibracj\u0119 przeprowadzaj\u0105 do\u015bwiadczeni technicy posiadaj\u0105cy wieloletnie do\u015bwiadczenie w serwisowaniu analizator\u00f3w wydechu. Kalibracja alkomatu Dr\u00e4ger Alcotest 5820 Kalibracja Dr\u00e4ger Alcotest 5820 polega na poddaniu urz\u0105dzenia dzia\u0142aniu wzorcowych pr\u00f3bek alkoholu o znanych st\u0119\u017ceniach (0,20\u2030, 0,50\u2030, 1,00\u2030) i ewentualnej korekcji wskaza\u0144 w oprogramowaniu. Jest to czynno\u015b\u0107 wymagaj\u0105ca specjalistycznego sprz\u0119tu i fachowej wiedzy serwisowej. Specyfika sensora Dr\u00e4ger Alcotest 5820 Dr\u00e4ger Alcotest 5820 wyposa\u017cony jest w zaawansowany sensor elektrochemiczny nowej generacji, kt\u00f3ry zapewnia jeszcze wy\u017csz\u0105 precyzj\u0119 i powtarzalno\u015b\u0107 pomiar\u00f3w w por\u00f3wnaniu do modelu 5510. Czujnik Dr\u00e4ger charakteryzuje si\u0119 wyj\u0105tkow\u0105 stabilno\u015bci\u0105 wskaza\u0144 i d\u0142ug\u0105 \u017cywotno\u015bci\u0105, co jest standardem dla urz\u0105dze\u0144 tego niemieckiego producenta. Zalecana cz\u0119stotliwo\u015b\u0107 kalibracji alkomatu Dr\u00e4ger Alcotest 5820 Producent zaleca przeprowadzanie kalibracji alkomatu Dr\u00e4ger Alcotest 5820 co 12 miesi\u0119cy lub po wykonaniu 500 pomiar\u00f3w &#8211; w zale\u017cno\u015bci od tego, co nast\u0105pi wcze\u015bniej. Regularne przestrzeganie tych interwa\u0142\u00f3w jest kluczowe dla utrzymania precyzji wskaza\u0144. Intensywne u\u017cytkowanie urz\u0105dzenia mo\u017ce wymaga\u0107 cz\u0119stszej kalibracji. Co sprawdzamy podczas kalibracji Dr\u00e4ger Alcotest 5820 Weryfikacja wskaza\u0144 sensora elektrochemicznego przy u\u017cyciu wzorcowych roztwor\u00f3w alkoholu o st\u0119\u017ceniach 0,20\u2030, 0,50\u2030 i 1,00\u2030 Korekcja ewentualnych odchyle\u0144 odczyt\u00f3w poprzez rekonfiguracj\u0119 oprogramowania urz\u0105dzenia Sprawdzenie prawid\u0142owo\u015bci dzia\u0142ania systemu pobierania pr\u00f3bki powietrza i ustnika Test og\u00f3lnej sprawno\u015bci elektroniki alkomatu, w tym wy\u015bwietlacza i sygnalizacji d\u017awi\u0119kowej Kontrola stanu baterii oraz poprawno\u015bci zasilania urz\u0105dzenia Czas realizacji kalibracji Dr\u00e4ger Alcotest 5820 Realizacja us\u0142ugi kalibracji alkomatu Dr\u00e4ger Alcotest 5820 trwa 2 do 5 dni roboczych od momentu dostarczenia urz\u0105dzenia do serwisu. Po zako\u0144czeniu procesu adiustacji alkomat przechodzi dodatkowe testy kontrolne potwierdzaj\u0105ce prawid\u0142owo\u015b\u0107 wskaza\u0144 przed odes\u0142aniem do klienta. Certyfikat kalibracji Dr\u00e4ger Alcotest 5820 &#8211; co zawiera Po zako\u0144czeniu kalibracji wystawiany jest oficjalny Certyfikat Kalibracji potwierdzaj\u0105cy prawid\u0142owo\u015b\u0107 wskaza\u0144 alkomatu. Dokument zawiera dat\u0119 wykonania us\u0142ugi, dane identyfikacyjne urz\u0105dzenia (model, numer seryjny), zakres przeprowadzonych bada\u0144 wzorcowych oraz dat\u0119 wa\u017cno\u015bci certyfikatu. Jak wys\u0142a\u0107 alkomat Dr\u00e4ger Alcotest 5820 do kalibracji Wype\u0142nij formularz serwisowy dost\u0119pny na naszej stronie internetowej. Zapakuj bezpiecznie alkomat, do\u0142\u0105czaj\u0105c do paczki wydrukowany formularz. Wy\u015blij urz\u0105dzenie na adres naszego autoryzowanego centrum serwisowego. Odbierz skalibrowany alkomat z certyfikatem potwierdzaj\u0105cym jego sprawno\u015b\u0107. Je\u017celi masz w\u0105tpliwo\u015bci co do poprawnego dzia\u0142ania Twojego alkomatu, lub wskazuje wynik 0,00 po spo\u017cyciu alkoholu nie kupuj us\u0142ugi kalibracji. Mo\u017ce to \u015bwiadczy\u0107 o zu\u017cyciu sensora w alkomacie. Wy\u015blij go do nas na DARMOW\u0104 ekspertyz\u0119. Wycenimy koszty ewentualnej naprawy i wska\u017cemy, czy ma ona uzasadnienie i czy jest op\u0142acalna. Alkomat mo\u017cna r\u00f3wnie\u017c dostarczy\u0107 do nas osobi\u015bcie i zostawi\u0107 celem wykonania precyzyjnej kalibracji. Cz\u0119sto zadawane pytania &#8211; kalibracja Dr\u00e4ger Alcotest 5820 Czym 5820 r\u00f3\u017cni si\u0119 od 5510 pod k\u0105tem kalibracji? Proces kalibracji jest analogiczny &#8211; oba modele wykorzystuj\u0105 sensory elektrochemiczne kalibrowane na tych samych wzorcach. 5820 posiada jednak nowszy sensor, kt\u00f3ry mo\u017ce oferowa\u0107 lepsz\u0105 stabilno\u015b\u0107 po adiustacji. Czy 5820 wymaga specjalistycznych wzorc\u00f3w do kalibracji? Kalibracja przeprowadzana jest na standardowych wzorcach alkoholu o st\u0119\u017ceniach 0,20\u2030, 0,50\u2030 i 1,00\u2030 przy u\u017cyciu certyfikowanych symulator\u00f3w wydechu. S\u0105 to te same wzorce u\u017cywane dla wszystkich alkomat\u00f3w elektrochemicznych. Jak d\u0142ugo wa\u017cny jest certyfikat kalibracji 5820? Certyfikat jest wa\u017cny przez 12 miesi\u0119cy od daty kalibracji lub do wykonania 500 pomiar\u00f3w &#8211; w zale\u017cno\u015bci od tego, co nast\u0105pi wcze\u015bniej. Powi\u0105zane modele &#8211; inne kalibracje Kalibrujemy wszystkie modele Dr\u00e4ger Alcotest &#8211; w tym 3820, 5510, 6820, 7410 i 7510. Gdzie kalibrujemy alkomaty? Serwis Alkomat\u00f3w \u015al\u0105sk Kupuj\u0105c us\u0142ug\u0119 kalibracji op\u0142acasz w zam\u00f3wieniu przesy\u0142k\u0119 zwrotn\u0105 po wykonaniu us\u0142ugi. Alkomat wy\u015blij na sw\u00f3j koszt dowolnym przewo\u017anikiem ( kurier, poczta) na nasz adres: Serwis Alkomat\u00f3w ul. Raciborska 323 44-280 Rydu\u0142towy tel. 515 515 012 Do \u015brodka w\u0142\u00f3\u017c karteczk\u0119 z numerem zam\u00f3wienia lub twoje dane. Jak co\u015b jest niejasne, zadzwo\u0144 +48 515 515 012 lub napis<\/p>\n","protected":false},"excerpt":{"rendered":"<p>Kalibracja alkomatu Dr\u00e4ger Alcotest 5820 z certyfikatem Kalibracja alkomatu Dr\u00e4ger Alcotest 5820 to us\u0142uga serwisowa przywracaj\u0105ca pe\u0142n\u0105 precyzj\u0119 wskaza\u0144 tego zaawansowanego alkomatu Dr\u00e4ger. Regularna adiustacja sensora gwarantuje, \u017ce wyniki pomiar\u00f3w b\u0119d\u0105 precyzyjne i zgodne z rzeczywistym st\u0119\u017ceniem alkoholu w wydychanym powietrzu. Dzi\u0119ki profesjonalnej kalibracji zyskujesz pewno\u015b\u0107, \u017ce Tw\u00f3j alkomat dzia\u0142a bezb\u0142\u0119dnie. Us\u0142uga kalibracji realizowana jest [&hellip;]<\/p>\n","protected":false},"featured_media":123295,"template":"","meta":[],"_links":{"self":[{"href":"https:\/\/profitstore.pl\/index.php\/wp-json\/wp\/v2\/product\/123294"}],"collection":[{"href":"https:\/\/profitstore.pl\/index.php\/wp-json\/wp\/v2\/product"}],"about":[{"href":"https:\/\/profitstore.pl\/index.php\/wp-json\/wp\/v2\/types\/product"}],"wp:featuredmedia":[{"embeddable":true,"href":"https:\/\/profitstore.pl\/index.php\/wp-json\/wp\/v2\/media\/123295"}],"wp:attachment":[{"href":"https:\/\/profitstore.pl\/index.php\/wp-json\/wp\/v2\/media?parent=123294"}],"curies":[{"name":"wp","href":"https:\/\/api.w.org\/{rel}","templated":true}]}}