{"id":123284,"date":"2026-04-11T06:00:34","date_gmt":"2026-04-11T06:00:34","guid":{"rendered":"https:\/\/profitstore.pl\/index.php\/produkt\/kalibracja-da-8000\/"},"modified":"2026-04-11T06:00:36","modified_gmt":"2026-04-11T06:00:36","slug":"kalibracja-da-8000","status":"publish","type":"product","link":"https:\/\/profitstore.pl\/index.php\/produkt\/kalibracja-da-8000\/","title":{"rendered":"Kalibracja DA-8000"},"content":{"rendered":"<p>Kalibracja alkomatu AlcoFind DA-7100 z certyfikatem Kalibracja alkomatu AlcoFind DA-7100 zapewnia dok\u0142adno\u015b\u0107 pomiar\u00f3w tego sprawdzonego alkomatu korea\u0144skiej firmy Da-Tech z sensorem elektrochemicznym. Regularna adiustacja sensora gwarantuje, \u017ce wyniki pomiar\u00f3w b\u0119d\u0105 precyzyjne i zgodne z rzeczywistym st\u0119\u017ceniem alkoholu w wydychanym powietrzu. Dzi\u0119ki profesjonalnej kalibracji zyskujesz pewno\u015b\u0107, \u017ce Tw\u00f3j alkomat dzia\u0142a bezb\u0142\u0119dnie. Us\u0142uga kalibracji realizowana jest w profesjonalnym laboratorium serwisowym wyposa\u017conym w certyfikowany sprz\u0119t pomiarowy. Kalibracj\u0119 przeprowadzaj\u0105 do\u015bwiadczeni technicy posiadaj\u0105cy wieloletnie do\u015bwiadczenie w serwisowaniu analizator\u00f3w wydechu. Kalibracja alkomatu AlcoFind DA-7100 Kalibracja AlcoFind DA-7100 polega na poddaniu urz\u0105dzenia dzia\u0142aniu wzorcowych pr\u00f3bek alkoholu o znanych st\u0119\u017ceniach (0,20\u2030, 0,50\u2030, 1,00\u2030) i ewentualnej korekcji wskaza\u0144 w oprogramowaniu. Jest to czynno\u015b\u0107 wymagaj\u0105ca specjalistycznego sprz\u0119tu i fachowej wiedzy serwisowej. Specyfika sensora AlcoFind DA-7100 AlcoFind DA-7100 wyposa\u017cony jest w sensor elektrochemiczny zapewniaj\u0105cy selektywn\u0105 detekcj\u0119 alkoholu etylowego. Czujnik reaguje wy\u0142\u0105cznie na etanol, eliminuj\u0105c wp\u0142yw innych substancji lotnych na wynik pomiaru. DA-7100 to sprawdzony model z serii AlcoFind, ceniony za niezawodno\u015b\u0107 i stabilno\u015b\u0107 wskaza\u0144. Zalecana cz\u0119stotliwo\u015b\u0107 kalibracji alkomatu AlcoFind DA-7100 Producent zaleca przeprowadzanie kalibracji alkomatu AlcoFind DA-7100 co 12 miesi\u0119cy lub po wykonaniu 500 pomiar\u00f3w &#8211; w zale\u017cno\u015bci od tego, co nast\u0105pi wcze\u015bniej. Regularne przestrzeganie tych interwa\u0142\u00f3w jest kluczowe dla utrzymania precyzji wskaza\u0144. Intensywne u\u017cytkowanie urz\u0105dzenia mo\u017ce wymaga\u0107 cz\u0119stszej kalibracji. Co sprawdzamy podczas kalibracji AlcoFind DA-7100 Weryfikacja wskaza\u0144 sensora elektrochemicznego przy u\u017cyciu wzorcowych roztwor\u00f3w alkoholu o st\u0119\u017ceniach 0,20\u2030, 0,50\u2030 i 1,00\u2030 Korekcja ewentualnych odchyle\u0144 odczyt\u00f3w poprzez rekonfiguracj\u0119 oprogramowania urz\u0105dzenia Sprawdzenie prawid\u0142owo\u015bci dzia\u0142ania systemu pobierania pr\u00f3bki powietrza i ustnika Test og\u00f3lnej sprawno\u015bci elektroniki alkomatu, w tym wy\u015bwietlacza i sygnalizacji d\u017awi\u0119kowej Kontrola stanu baterii oraz poprawno\u015bci zasilania urz\u0105dzenia Czas realizacji kalibracji AlcoFind DA-7100 Realizacja us\u0142ugi kalibracji alkomatu AlcoFind DA-7100 trwa 2 do 5 dni roboczych od momentu dostarczenia urz\u0105dzenia do serwisu. Po zako\u0144czeniu procesu adiustacji alkomat przechodzi dodatkowe testy kontrolne potwierdzaj\u0105ce prawid\u0142owo\u015b\u0107 wskaza\u0144 przed odes\u0142aniem do klienta. Certyfikat kalibracji AlcoFind DA-7100 &#8211; co zawiera Po zako\u0144czeniu kalibracji wystawiany jest oficjalny Certyfikat Kalibracji potwierdzaj\u0105cy prawid\u0142owo\u015b\u0107 wskaza\u0144 alkomatu. Dokument zawiera dat\u0119 wykonania us\u0142ugi, dane identyfikacyjne urz\u0105dzenia (model, numer seryjny), zakres przeprowadzonych bada\u0144 wzorcowych oraz dat\u0119 wa\u017cno\u015bci certyfikatu. Jak wys\u0142a\u0107 alkomat AlcoFind DA-7100 do kalibracji Wype\u0142nij formularz serwisowy dost\u0119pny na naszej stronie internetowej. Zapakuj bezpiecznie alkomat, do\u0142\u0105czaj\u0105c do paczki wydrukowany formularz. Wy\u015blij urz\u0105dzenie na adres naszego autoryzowanego centrum serwisowego. Odbierz skalibrowany alkomat z certyfikatem potwierdzaj\u0105cym jego sprawno\u015b\u0107. Je\u017celi masz w\u0105tpliwo\u015bci co do poprawnego dzia\u0142ania Twojego alkomatu, lub wskazuje wynik 0,00 po spo\u017cyciu alkoholu nie kupuj us\u0142ugi kalibracji. Mo\u017ce to \u015bwiadczy\u0107 o zu\u017cyciu sensora w alkomacie. Wy\u015blij go do nas na DARMOW\u0104 ekspertyz\u0119. Wycenimy koszty ewentualnej naprawy i wska\u017cemy, czy ma ona uzasadnienie i czy jest op\u0142acalna. Alkomat mo\u017cna r\u00f3wnie\u017c dostarczy\u0107 do nas osobi\u015bcie i zostawi\u0107 celem wykonania precyzyjnej kalibracji. Cz\u0119sto zadawane pytania &#8211; kalibracja AlcoFind DA-7100 Czy AlcoFind DA-7100 to dobry alkomat mimo starszej generacji? DA-7100 to sprawdzony model, kt\u00f3ry przy regularnej kalibracji dostarcza wiarygodnych wynik\u00f3w. Sensor elektrochemiczny zapewnia wysok\u0105 selektywno\u015b\u0107 i precyzj\u0119. Dop\u00f3ki czujnik jest w dobrym stanie, nie ma powodu do wymiany urz\u0105dzenia. Jak cz\u0119sto kalibrowa\u0107 DA-7100 przy intensywnym u\u017cytkowaniu? Przy standardowym u\u017cytkowaniu kalibracja co 12 miesi\u0119cy jest wystarczaj\u0105ca. Przy intensywnym u\u017cytkowaniu (np. kilkana\u015bcie pomiar\u00f3w dziennie) limit 500 pomiar\u00f3w mo\u017ce zosta\u0107 osi\u0105gni\u0119ty wcze\u015bniej &#8211; wtedy kalibracj\u0119 nale\u017cy wykona\u0107 niezw\u0142ocznie. Czy cz\u0119\u015bci do DA-7100 s\u0105 nadal dost\u0119pne? Serwis dysponuje cz\u0119\u015bciami zamiennymi do modeli z serii AlcoFind DA. Je\u015bli podczas kalibracji oka\u017ce si\u0119, \u017ce sensor wymaga wymiany, serwisant wyceni napraw\u0119 i poinformuje o dost\u0119pno\u015bci komponent\u00f3w. Powi\u0105zane modele &#8211; inne kalibracje Kalibrujemy r\u00f3wnie\u017c inne modele AlcoFind &#8211; w tym DA-8000, DA-8500 i DA-8500E z sensorami elektrochemicznymi, a tak\u017ce AlcoFind AF 35C i AlcoFind Elite \/ Elite 2.0. Gdzie kalibrujemy alkomaty? Serwis Alkomat\u00f3w \u015al\u0105sk Kupuj\u0105c us\u0142ug\u0119 kalibracji op\u0142acasz w zam\u00f3wieniu przesy\u0142k\u0119 zwrotn\u0105 po wykonaniu us\u0142ugi. Alkomat wy\u015blij na sw\u00f3j koszt dowolnym przewo\u017anikiem ( kurier, poczta) na nasz adres: Serwis Alkomat\u00f3w ul. Raciborska 323 44-280 Rydu\u0142towy tel. 515 515<\/p>\n","protected":false},"excerpt":{"rendered":"<p>Kalibracja alkomatu AlcoFind DA-7100 z certyfikatem Kalibracja alkomatu AlcoFind DA-7100 zapewnia dok\u0142adno\u015b\u0107 pomiar\u00f3w tego sprawdzonego alkomatu korea\u0144skiej firmy Da-Tech z sensorem elektrochemicznym. Regularna adiustacja sensora gwarantuje, \u017ce wyniki pomiar\u00f3w b\u0119d\u0105 precyzyjne i zgodne z rzeczywistym st\u0119\u017ceniem alkoholu w wydychanym powietrzu. Dzi\u0119ki profesjonalnej kalibracji zyskujesz pewno\u015b\u0107, \u017ce Tw\u00f3j alkomat dzia\u0142a bezb\u0142\u0119dnie. Us\u0142uga kalibracji realizowana jest w [&hellip;]<\/p>\n","protected":false},"featured_media":123285,"template":"","meta":[],"_links":{"self":[{"href":"https:\/\/profitstore.pl\/index.php\/wp-json\/wp\/v2\/product\/123284"}],"collection":[{"href":"https:\/\/profitstore.pl\/index.php\/wp-json\/wp\/v2\/product"}],"about":[{"href":"https:\/\/profitstore.pl\/index.php\/wp-json\/wp\/v2\/types\/product"}],"wp:featuredmedia":[{"embeddable":true,"href":"https:\/\/profitstore.pl\/index.php\/wp-json\/wp\/v2\/media\/123285"}],"wp:attachment":[{"href":"https:\/\/profitstore.pl\/index.php\/wp-json\/wp\/v2\/media?parent=123284"}],"curies":[{"name":"wp","href":"https:\/\/api.w.org\/{rel}","templated":true}]}}