{"id":123276,"date":"2026-04-11T06:00:17","date_gmt":"2026-04-11T06:00:17","guid":{"rendered":"https:\/\/profitstore.pl\/index.php\/produkt\/kalibracja-alkomatu-blowing\/"},"modified":"2026-04-11T06:00:31","modified_gmt":"2026-04-11T06:00:31","slug":"kalibracja-alkomatu-blowing","status":"publish","type":"product","link":"https:\/\/profitstore.pl\/index.php\/produkt\/kalibracja-alkomatu-blowing\/","title":{"rendered":"Kalibracja alkomatu BLOWING"},"content":{"rendered":"<p>Kalibracja alkomatu Blowing z certyfikatem Kalibracja alkomatu Blowing zapewnia prawid\u0142owe dzia\u0142anie tego kompaktowego testera alkoholu z sensorem p\u00f3\u0142przewodnikowym. Regularna adiustacja sensora gwarantuje, \u017ce wyniki pomiar\u00f3w b\u0119d\u0105 precyzyjne i zgodne z rzeczywistym st\u0119\u017ceniem alkoholu w wydychanym powietrzu. Dzi\u0119ki profesjonalnej kalibracji zyskujesz pewno\u015b\u0107, \u017ce Tw\u00f3j alkomat dzia\u0142a bezb\u0142\u0119dnie. Us\u0142uga kalibracji realizowana jest w profesjonalnym laboratorium serwisowym wyposa\u017conym w certyfikowany sprz\u0119t pomiarowy. Kalibracj\u0119 przeprowadzaj\u0105 do\u015bwiadczeni technicy posiadaj\u0105cy wieloletnie do\u015bwiadczenie w serwisowaniu analizator\u00f3w wydechu. Kalibracja alkomatu Blowing Kalibracja Blowing polega na poddaniu urz\u0105dzenia dzia\u0142aniu wzorcowych pr\u00f3bek alkoholu o znanych st\u0119\u017ceniach (0,20\u2030, 0,50\u2030, 1,00\u2030) i ewentualnej korekcji wskaza\u0144 w oprogramowaniu. Jest to czynno\u015b\u0107 wymagaj\u0105ca specjalistycznego sprz\u0119tu i fachowej wiedzy serwisowej. Specyfika sensora Blowing Blowing wyposa\u017cony jest w stabilny czujnik p\u00f3\u0142przewodnikowy przeznaczony do szybkich pomiar\u00f3w orientacyjnych. Sensor reaguje na obecno\u015b\u0107 alkoholu etylowego zmian\u0105 rezystancji materia\u0142u czujnika. Ze wzgl\u0119du na charakter pracy sensora p\u00f3\u0142przewodnikowego, regularna kalibracja co 6 miesi\u0119cy jest niezb\u0119dna do utrzymania wiarygodno\u015bci wynik\u00f3w. Zalecana cz\u0119stotliwo\u015b\u0107 kalibracji alkomatu Blowing Producent zaleca przeprowadzanie kalibracji alkomatu Blowing co 6 miesi\u0119cy lub po wykonaniu 200 pomiar\u00f3w &#8211; w zale\u017cno\u015bci od tego, co nast\u0105pi wcze\u015bniej. Regularne przestrzeganie tych interwa\u0142\u00f3w jest kluczowe dla utrzymania precyzji wskaza\u0144. Intensywne u\u017cytkowanie urz\u0105dzenia mo\u017ce wymaga\u0107 cz\u0119stszej kalibracji. Co sprawdzamy podczas kalibracji Blowing Weryfikacja czu\u0142o\u015bci sensora p\u00f3\u0142przewodnikowego na wzorcowych st\u0119\u017ceniach alkoholu (0,20\u2030, 0,50\u2030, 1,00\u2030) Korekcja parametr\u00f3w oprogramowania i prog\u00f3w detekcji w przypadku odchyle\u0144 Sprawdzenie czasu reakcji sensora i stabilno\u015bci odczyt\u00f3w w kolejnych pomiarach Test og\u00f3lnej sprawno\u015bci elektroniki &#8211; wy\u015bwietlacz, przyciski, sygnalizacja d\u017awi\u0119kowa Kontrola stanu baterii oraz poprawno\u015bci zasilania urz\u0105dzenia Czas realizacji kalibracji Blowing Realizacja us\u0142ugi kalibracji alkomatu Blowing trwa 2 do 5 dni roboczych od momentu dostarczenia urz\u0105dzenia do serwisu. Po zako\u0144czeniu procesu adiustacji alkomat przechodzi dodatkowe testy kontrolne potwierdzaj\u0105ce prawid\u0142owo\u015b\u0107 wskaza\u0144 przed odes\u0142aniem do klienta. Certyfikat kalibracji Blowing &#8211; co zawiera Po zako\u0144czeniu kalibracji wystawiany jest oficjalny Certyfikat Kalibracji potwierdzaj\u0105cy prawid\u0142owo\u015b\u0107 wskaza\u0144 alkomatu. Dokument zawiera dat\u0119 wykonania us\u0142ugi, dane identyfikacyjne urz\u0105dzenia (model, numer seryjny), zakres przeprowadzonych bada\u0144 wzorcowych oraz dat\u0119 wa\u017cno\u015bci certyfikatu. Jak wys\u0142a\u0107 alkomat Blowing do kalibracji Wype\u0142nij formularz serwisowy dost\u0119pny na naszej stronie internetowej. Zapakuj bezpiecznie alkomat, do\u0142\u0105czaj\u0105c do paczki wydrukowany formularz. Wy\u015blij urz\u0105dzenie na adres naszego autoryzowanego centrum serwisowego. Odbierz skalibrowany alkomat z certyfikatem potwierdzaj\u0105cym jego sprawno\u015b\u0107. Je\u017celi masz w\u0105tpliwo\u015bci co do poprawnego dzia\u0142ania Twojego alkomatu, lub wskazuje wynik 0,00 po spo\u017cyciu alkoholu nie kupuj us\u0142ugi kalibracji. Mo\u017ce to \u015bwiadczy\u0107 o zu\u017cyciu sensora w alkomacie. Wy\u015blij go do nas na DARMOW\u0104 ekspertyz\u0119. Wycenimy koszty ewentualnej naprawy i wska\u017cemy, czy ma ona uzasadnienie i czy jest op\u0142acalna. Alkomat mo\u017cna r\u00f3wnie\u017c dostarczy\u0107 do nas osobi\u015bcie i zostawi\u0107 celem wykonania precyzyjnej kalibracji. Cz\u0119sto zadawane pytania &#8211; kalibracja Blowing Czy Blowing wymaga ustnik\u00f3w do pomiar\u00f3w? Zale\u017cy od wariantu modelu. Niezale\u017cnie od sposobu pomiaru, kalibracja przeprowadzana jest w serwisie przy u\u017cyciu specjalistycznych symulator\u00f3w wydechu zapewniaj\u0105cych precyzyjne podanie wzorcowej pr\u00f3bki alkoholu. Dlaczego Blowing wymaga kalibracji cz\u0119\u015bciej ni\u017c co rok? Blowing wyposa\u017cony jest w sensor p\u00f3\u0142przewodnikowy, kt\u00f3ry degraduje si\u0119 szybciej ni\u017c czujniki elektrochemiczne. Interwa\u0142 6 miesi\u0119cy lub 200 pomiar\u00f3w jest standardowy dla tego typu sensor\u00f3w. Czy po kalibracji Blowing jest r\u00f3wnie dok\u0142adny jak alkomat elektrochemiczny? Kalibracja przywraca precyzj\u0119 sensora do poziomu fabrycznego, ale alkomaty p\u00f3\u0142przewodnikowe z natury maj\u0105 ni\u017csz\u0105 dok\u0142adno\u015b\u0107 ni\u017c modele elektrochemiczne. Blowing nadaje si\u0119 do pomiar\u00f3w orientacyjnych, nie do precyzyjnych odczyt\u00f3w. Powi\u0105zane modele &#8211; inne kalibracje Oferujemy kalibracje innych bud\u017cetowych alkomat\u00f3w &#8211; w tym AT-9000, AT8050 i CA2000 z sensorami p\u00f3\u0142przewodnikowymi, a tak\u017ce CA-9000 z sensorem elektrochemicznym. Gdzie kalibrujemy alkomaty? Serwis Alkomat\u00f3w \u015al\u0105sk Kupuj\u0105c us\u0142ug\u0119 kalibracji op\u0142acasz w zam\u00f3wieniu przesy\u0142k\u0119 zwrotn\u0105 po wykonaniu us\u0142ugi. Alkomat wy\u015blij na sw\u00f3j koszt dowolnym przewo\u017anikiem ( kurier, poczta) na nasz adres: Serwis Alkomat\u00f3w ul. Raciborska 323 44-280 Rydu\u0142towy tel. 515 515 012 Do \u015brodka w\u0142\u00f3\u017c karteczk\u0119 z numerem zam\u00f3wienia lub twoje dane. Jak co\u015b jest niejasne, zadzwo\u0144 +48 515 515 012 lub napisz na: biuro@alkomaty-sklep.eu<\/p>\n","protected":false},"excerpt":{"rendered":"<p>Kalibracja alkomatu Blowing z certyfikatem Kalibracja alkomatu Blowing zapewnia prawid\u0142owe dzia\u0142anie tego kompaktowego testera alkoholu z sensorem p\u00f3\u0142przewodnikowym. Regularna adiustacja sensora gwarantuje, \u017ce wyniki pomiar\u00f3w b\u0119d\u0105 precyzyjne i zgodne z rzeczywistym st\u0119\u017ceniem alkoholu w wydychanym powietrzu. Dzi\u0119ki profesjonalnej kalibracji zyskujesz pewno\u015b\u0107, \u017ce Tw\u00f3j alkomat dzia\u0142a bezb\u0142\u0119dnie. Us\u0142uga kalibracji realizowana jest w profesjonalnym laboratorium serwisowym wyposa\u017conym [&hellip;]<\/p>\n","protected":false},"featured_media":123277,"template":"","meta":[],"_links":{"self":[{"href":"https:\/\/profitstore.pl\/index.php\/wp-json\/wp\/v2\/product\/123276"}],"collection":[{"href":"https:\/\/profitstore.pl\/index.php\/wp-json\/wp\/v2\/product"}],"about":[{"href":"https:\/\/profitstore.pl\/index.php\/wp-json\/wp\/v2\/types\/product"}],"wp:featuredmedia":[{"embeddable":true,"href":"https:\/\/profitstore.pl\/index.php\/wp-json\/wp\/v2\/media\/123277"}],"wp:attachment":[{"href":"https:\/\/profitstore.pl\/index.php\/wp-json\/wp\/v2\/media?parent=123276"}],"curies":[{"name":"wp","href":"https:\/\/api.w.org\/{rel}","templated":true}]}}