{"id":123272,"date":"2026-04-11T06:00:17","date_gmt":"2026-04-11T06:00:17","guid":{"rendered":"https:\/\/profitstore.pl\/index.php\/produkt\/kalibracja-alkomatu-at8050\/"},"modified":"2026-04-11T06:00:29","modified_gmt":"2026-04-11T06:00:29","slug":"kalibracja-alkomatu-at8050","status":"publish","type":"product","link":"https:\/\/profitstore.pl\/index.php\/produkt\/kalibracja-alkomatu-at8050\/","title":{"rendered":"Kalibracja alkomatu AT8050"},"content":{"rendered":"<p>Kalibracja alkomatu AT8050 z certyfikatem Kalibracja alkomatu AT8050 zapewnia dok\u0142adno\u015b\u0107 i wiarygodno\u015b\u0107 pomiar\u00f3w tego popularnego alkomatu osobistego. Regularna adiustacja sensora gwarantuje, \u017ce wyniki pomiar\u00f3w b\u0119d\u0105 precyzyjne i zgodne z rzeczywistym st\u0119\u017ceniem alkoholu w wydychanym powietrzu. Dzi\u0119ki profesjonalnej kalibracji zyskujesz pewno\u015b\u0107, \u017ce Tw\u00f3j alkomat dzia\u0142a bezb\u0142\u0119dnie. Us\u0142uga kalibracji realizowana jest w profesjonalnym laboratorium serwisowym wyposa\u017conym w certyfikowany sprz\u0119t pomiarowy. Kalibracj\u0119 przeprowadzaj\u0105 do\u015bwiadczeni technicy posiadaj\u0105cy wieloletnie do\u015bwiadczenie w serwisowaniu analizator\u00f3w wydechu. Kalibracja alkomatu AT8050 Kalibracja AT8050 polega na poddaniu urz\u0105dzenia dzia\u0142aniu wzorcowych pr\u00f3bek alkoholu o znanych st\u0119\u017ceniach (0,20\u2030, 0,50\u2030, 1,00\u2030) i ewentualnej korekcji wskaza\u0144 w oprogramowaniu. Jest to czynno\u015b\u0107 wymagaj\u0105ca specjalistycznego sprz\u0119tu i fachowej wiedzy serwisowej. Specyfika sensora AT8050 AT8050 wyposa\u017cony jest w sensor pomiarowy reaguj\u0105cy na obecno\u015b\u0107 alkoholu etylowego w wydychanym powietrzu. Czujnik zapewnia szybkie wyniki, jednak z czasem traci czu\u0142o\u015b\u0107 i wymaga regularnej kalibracji. Podczas adiustacji sensor jest wzorcowany przy u\u017cyciu pr\u00f3bek alkoholu o znanych st\u0119\u017ceniach, przywracaj\u0105c prawid\u0142owo\u015b\u0107 wskaza\u0144. Zalecana cz\u0119stotliwo\u015b\u0107 kalibracji alkomatu AT8050 Cz\u0119stotliwo\u015b\u0107 kalibracji zale\u017cy od typu sensora zastosowanego w urz\u0105dzeniu. Alkomaty z sensorem elektrochemicznym wymagaj\u0105 kalibracji co 12 miesi\u0119cy lub po 500 pomiarach, natomiast modele z sensorem p\u00f3\u0142przewodnikowym &#8211; co 6 miesi\u0119cy lub po 200 pomiarach. Zalecamy sprawdzenie instrukcji obs\u0142ugi lub kontakt z naszym serwisem w celu ustalenia w\u0142a\u015bciwego interwa\u0142u dla Twojego egzemplarza. Co sprawdzamy podczas kalibracji AT8050 Weryfikacja wskaza\u0144 sensora przy u\u017cyciu wzorcowych roztwor\u00f3w alkoholu o st\u0119\u017ceniach 0,20\u2030, 0,50\u2030 i 1,00\u2030 Korekcja ewentualnych odchyle\u0144 odczyt\u00f3w poprzez rekonfiguracj\u0119 oprogramowania urz\u0105dzenia Sprawdzenie prawid\u0142owo\u015bci dzia\u0142ania systemu pobierania pr\u00f3bki powietrza i ustnika Test og\u00f3lnej sprawno\u015bci elektroniki alkomatu, w tym wy\u015bwietlacza i sygnalizacji d\u017awi\u0119kowej Kontrola stanu baterii oraz poprawno\u015bci zasilania urz\u0105dzenia Czas realizacji kalibracji AT8050 Realizacja us\u0142ugi kalibracji alkomatu AT8050 trwa 2 do 5 dni roboczych od momentu dostarczenia urz\u0105dzenia do serwisu. Po zako\u0144czeniu procesu adiustacji alkomat przechodzi dodatkowe testy kontrolne potwierdzaj\u0105ce prawid\u0142owo\u015b\u0107 wskaza\u0144 przed odes\u0142aniem do klienta. Certyfikat kalibracji AT8050 &#8211; co zawiera Po zako\u0144czeniu kalibracji wystawiany jest oficjalny Certyfikat Kalibracji potwierdzaj\u0105cy prawid\u0142owo\u015b\u0107 wskaza\u0144 alkomatu. Dokument zawiera dat\u0119 wykonania us\u0142ugi, dane identyfikacyjne urz\u0105dzenia (model, numer seryjny), zakres przeprowadzonych bada\u0144 wzorcowych oraz dat\u0119 wa\u017cno\u015bci certyfikatu. Jak wys\u0142a\u0107 alkomat AT8050 do kalibracji Wype\u0142nij formularz serwisowy dost\u0119pny na naszej stronie internetowej. Zapakuj bezpiecznie alkomat, do\u0142\u0105czaj\u0105c do paczki wydrukowany formularz. Wy\u015blij urz\u0105dzenie na adres naszego autoryzowanego centrum serwisowego. Odbierz skalibrowany alkomat z certyfikatem potwierdzaj\u0105cym jego sprawno\u015b\u0107. Je\u017celi masz w\u0105tpliwo\u015bci co do poprawnego dzia\u0142ania Twojego alkomatu, lub wskazuje wynik 0,00 po spo\u017cyciu alkoholu nie kupuj us\u0142ugi kalibracji. Mo\u017ce to \u015bwiadczy\u0107 o zu\u017cyciu sensora w alkomacie. Wy\u015blij go do nas na DARMOW\u0104 ekspertyz\u0119. Wycenimy koszty ewentualnej naprawy i wska\u017cemy, czy ma ona uzasadnienie i czy jest op\u0142acalna. Alkomat mo\u017cna r\u00f3wnie\u017c dostarczy\u0107 do nas osobi\u015bcie i zostawi\u0107 celem wykonania precyzyjnej kalibracji. Cz\u0119sto zadawane pytania &#8211; kalibracja AT8050 Dlaczego AT8050 wymaga regularnej kalibracji? Sensor w ka\u017cdym alkomacie z czasem traci czu\u0142o\u015b\u0107 &#8211; to naturalny proces degradacji czujnika. Kalibracja przywraca prawid\u0142owo\u015b\u0107 wskaza\u0144 i zapewnia wiarygodno\u015b\u0107 wynik\u00f3w pomiar\u00f3w. Czy mog\u0119 samodzielnie skalibrowa\u0107 AT8050? Nie, kalibracja wymaga specjalistycznego sprz\u0119tu &#8211; symulator\u00f3w wydechu z wzorcowymi roztworami alkoholu &#8211; oraz dost\u0119pu do trybu serwisowego. Pr\u00f3ba samodzielnej kalibracji mo\u017ce uszkodzi\u0107 sensor. Co si\u0119 stanie, je\u015bli nie skalibrowuj\u0119 AT8050 w terminie? Alkomat b\u0119dzie dzia\u0142a\u0142, ale wskazania mog\u0105 by\u0107 coraz mniej precyzyjne. Sensor traci czu\u0142o\u015b\u0107 z czasem, co mo\u017ce prowadzi\u0107 do zani\u017conych lub zawy\u017conych wynik\u00f3w. Powi\u0105zane modele &#8211; inne kalibracje Kalibrujemy r\u00f3wnie\u017c AT-9000, CA2000, Blowing, a tak\u017ce CA20F \/ CA20FL \/ CA20FS i CA-9000. Gdzie kalibrujemy alkomaty? Serwis Alkomat\u00f3w \u015al\u0105sk Kupuj\u0105c us\u0142ug\u0119 kalibracji op\u0142acasz w zam\u00f3wieniu przesy\u0142k\u0119 zwrotn\u0105 po wykonaniu us\u0142ugi. Alkomat wy\u015blij na sw\u00f3j koszt dowolnym przewo\u017anikiem ( kurier, poczta) na nasz adres: Serwis Alkomat\u00f3w ul. Raciborska 323 44-280 Rydu\u0142towy tel. 515 515 012 Do \u015brodka w\u0142\u00f3\u017c karteczk\u0119 z numerem zam\u00f3wienia lub twoje dane. Jak co\u015b jest niejasne, zadzwo\u0144 +48 515 515 012 lub napisz na: biuro@alkomaty-sklep.eu<\/p>\n","protected":false},"excerpt":{"rendered":"<p>Kalibracja alkomatu AT8050 z certyfikatem Kalibracja alkomatu AT8050 zapewnia dok\u0142adno\u015b\u0107 i wiarygodno\u015b\u0107 pomiar\u00f3w tego popularnego alkomatu osobistego. Regularna adiustacja sensora gwarantuje, \u017ce wyniki pomiar\u00f3w b\u0119d\u0105 precyzyjne i zgodne z rzeczywistym st\u0119\u017ceniem alkoholu w wydychanym powietrzu. Dzi\u0119ki profesjonalnej kalibracji zyskujesz pewno\u015b\u0107, \u017ce Tw\u00f3j alkomat dzia\u0142a bezb\u0142\u0119dnie. Us\u0142uga kalibracji realizowana jest w profesjonalnym laboratorium serwisowym wyposa\u017conym w [&hellip;]<\/p>\n","protected":false},"featured_media":123273,"template":"","meta":[],"_links":{"self":[{"href":"https:\/\/profitstore.pl\/index.php\/wp-json\/wp\/v2\/product\/123272"}],"collection":[{"href":"https:\/\/profitstore.pl\/index.php\/wp-json\/wp\/v2\/product"}],"about":[{"href":"https:\/\/profitstore.pl\/index.php\/wp-json\/wp\/v2\/types\/product"}],"wp:featuredmedia":[{"embeddable":true,"href":"https:\/\/profitstore.pl\/index.php\/wp-json\/wp\/v2\/media\/123273"}],"wp:attachment":[{"href":"https:\/\/profitstore.pl\/index.php\/wp-json\/wp\/v2\/media?parent=123272"}],"curies":[{"name":"wp","href":"https:\/\/api.w.org\/{rel}","templated":true}]}}