{"id":123254,"date":"2026-04-01T06:00:32","date_gmt":"2026-04-01T06:00:32","guid":{"rendered":"https:\/\/profitstore.pl\/index.php\/produkt\/kalibracja-alkomatu-alcolife-f3\/"},"modified":"2026-04-01T06:00:42","modified_gmt":"2026-04-01T06:00:42","slug":"kalibracja-alkomatu-alcolife-f3","status":"publish","type":"product","link":"https:\/\/profitstore.pl\/index.php\/produkt\/kalibracja-alkomatu-alcolife-f3\/","title":{"rendered":"Kalibracja alkomatu AlcoLife F3"},"content":{"rendered":"<p>Kalibracja alkomatu AlcoLife F3 z certyfikatem Kalibracja alkomatu AlcoLife F3 to us\u0142uga serwisowa zapewniaj\u0105ca prawid\u0142owe dzia\u0142anie i wiarygodne wyniki pomiar\u00f3w tego popularnego testera alkoholu. Model F3 wymaga regularnej adiustacji sensora, aby dok\u0142adnie wykrywa\u0142 st\u0119\u017cenie alkoholu w wydychanym powietrzu. Profesjonalna kalibracja przywraca pe\u0142n\u0105 precyzj\u0119 wskaza\u0144 i gwarantuje bezpiecze\u0144stwo u\u017cytkowania. Kalibracj\u0119 wykonujemy w profesjonalnym laboratorium serwisowym na certyfikowanym sprz\u0119cie pomiarowym. Us\u0142ug\u0119 realizuj\u0105 do\u015bwiadczeni technicy, a ka\u017cda kalibracja potwierdzona jest Certyfikatem Kalibracji. Kalibracja alkomatu AlcoLife F3 AlcoLife F3 to kompaktowy alkomat osobisty, ceniony za przyst\u0119pn\u0105 cen\u0119 i \u0142atwo\u015b\u0107 obs\u0142ugi. Kalibracja tego modelu to proces wykonywany w trybie serwisowym alkomatu &#8211; polega na ponownym ustawieniu wskaza\u0144 urz\u0105dzenia tak, aby odpowiada\u0142y wzorcowym warto\u015bciom st\u0119\u017cenia alkoholu. Zabieg wymaga specjalistycznego sprz\u0119tu i nie mo\u017ce by\u0107 przeprowadzony samodzielnie przez u\u017cytkownika. Specyfika sensora AlcoLife F3 AlcoLife F3 wyposa\u017cony jest w sensor p\u00f3\u0142przewodnikowy, kt\u00f3ry wykrywa obecno\u015b\u0107 alkoholu etylowego na zasadzie zmiany rezystancji materia\u0142u czujnikowego pod wp\u0142ywem kontaktu z parami etanolu. Sensory tego typu zapewniaj\u0105 szybki czas odpowiedzi i s\u0105 ekonomiczne w produkcji, co przek\u0142ada si\u0119 na konkurencyjn\u0105 cen\u0119 alkomatu. Nale\u017cy jednak uwzgl\u0119dni\u0107, \u017ce czujnik p\u00f3\u0142przewodnikowy jest mniej selektywny ni\u017c elektrochemiczny i szybciej traci czu\u0142o\u015b\u0107, dlatego wymaga cz\u0119stszej rekalibracji. Zalecana cz\u0119stotliwo\u015b\u0107 kalibracji alkomatu AlcoLife F3 Kalibracja alkomatu AlcoLife F3 z sensorem p\u00f3\u0142przewodnikowym powinna by\u0107 przeprowadzana co 6 miesi\u0119cy lub po 200 wykonanych pomiarach &#8211; w zale\u017cno\u015bci od tego, co nast\u0105pi wcze\u015bniej. Kr\u00f3tszy interwa\u0142 kalibracyjny w por\u00f3wnaniu do modeli elektrochemicznych wynika z szybszej degradacji sensora p\u00f3\u0142przewodnikowego. Po up\u0142ywie 6 miesi\u0119cy certyfikat kalibracji traci wa\u017cno\u015b\u0107 i alkomat powinien zosta\u0107 ponownie skalibrowany. Co sprawdzamy podczas kalibracji AlcoLife F3 Weryfikacja wskaza\u0144 sensora na wzorcowych roztworach alkoholu o znanych st\u0119\u017ceniach Korekcja parametr\u00f3w oprogramowania w przypadku wykrycia odchyle\u0144 od warto\u015bci referencyjnych Kontrola czasu nagrzewania sensora i sygnalizacji gotowo\u015bci do pomiaru Sprawdzenie prawid\u0142owo\u015bci pobierania pr\u00f3bki powietrza i szczelno\u015bci toru pomiarowego Ocena stanu baterii, wy\u015bwietlacza i og\u00f3lnej sprawno\u015bci elektroniki urz\u0105dzenia Czas realizacji kalibracji AlcoLife F3 Realizacja kalibracji AlcoLife F3 trwa 2 do 5 dni roboczych od momentu dostarczenia urz\u0105dzenia do serwisu. Po adiustacji alkomat przechodzi testy kontrolne potwierdzaj\u0105ce poprawno\u015b\u0107 wskaza\u0144, a nast\u0119pnie jest odsy\u0142any do klienta z certyfikatem. Certyfikat kalibracji AlcoLife F3 &#8211; co zawiera Certyfikat Kalibracji wydawany po us\u0142udze zawiera dane urz\u0105dzenia (model AlcoLife F3, numer seryjny), dat\u0119 przeprowadzenia kalibracji, informacj\u0119 o zastosowanych wzorcach pomiarowych oraz dat\u0119 wa\u017cno\u015bci certyfikatu &#8211; 6 miesi\u0119cy od daty kalibracji. Dokument po\u015bwiadcza poprawno\u015b\u0107 wskaza\u0144 alkomatu i jest oficjalnym dowodem wykonania us\u0142ugi. Jak wys\u0142a\u0107 alkomat AlcoLife F3 do kalibracji Wype\u0142nij formularz serwisowy dost\u0119pny na naszej stronie internetowej. Zapakuj bezpiecznie alkomat, do\u0142\u0105czaj\u0105c do paczki wydrukowany formularz. Wy\u015blij urz\u0105dzenie na adres naszego autoryzowanego centrum serwisowego. Odbierz skalibrowany alkomat z certyfikatem potwierdzaj\u0105cym jego sprawno\u015b\u0107. Je\u017celi masz w\u0105tpliwo\u015bci co do poprawnego dzia\u0142ania Twojego alkomatu, lub wskazuje wynik 0,00 po spo\u017cyciu alkoholu nie kupuj us\u0142ugi kalibracji. Mo\u017ce to \u015bwiadczy\u0107 o zu\u017cyciu sensora w alkomacie. Wy\u015blij go do nas na DARMOW\u0104 ekspertyz\u0119. Wycenimy koszty ewentualnej naprawy i wska\u017cemy, czy ma ona uzasadnienie i czy jest op\u0142acalna. Alkomat mo\u017cna r\u00f3wnie\u017c dostarczy\u0107 do nas osobi\u015bcie i zostawi\u0107 celem wykonania precyzyjnej kalibracji. Cz\u0119sto zadawane pytania &#8211; kalibracja AlcoLife F3 Czy AlcoLife F3 daje wiarygodne wyniki po kalibracji? Tak, po profesjonalnej kalibracji AlcoLife F3 dostarcza wyniki orientacyjne, kt\u00f3re s\u0105 przydatne do samodzielnej oceny stanu trze\u017awo\u015bci. Nale\u017cy jednak pami\u0119ta\u0107, \u017ce alkomaty z sensorem p\u00f3\u0142przewodnikowym maj\u0105 ni\u017csz\u0105 precyzj\u0119 ni\u017c modele elektrochemiczne i ich wskazania maj\u0105 charakter przybli\u017cony. Do bardziej wymagaj\u0105cych zastosowa\u0144 &#8211; np. kontroli w firmie &#8211; lepiej sprawdz\u0105 si\u0119 alkomaty z sensorem elektrochemicznym. Czy op\u0142aca si\u0119 kalibrowa\u0107 AlcoLife F3, czy lepiej kupi\u0107 nowy alkomat? Kalibracja jest zazwyczaj znacznie ta\u0144sza ni\u017c zakup nowego urz\u0105dzenia. Dop\u00f3ki sensor jest w odpowiednim stanie technicznym i mo\u017cna go skutecznie skalibrowa\u0107, regularna adiustacja jest ekonomicznie uzasadniona. Je\u015bli jednak serwisant stwierdzi, \u017ce sensor jest nadmiernie zu\u017cyty, warto rozwa\u017cy\u0107 zakup nowego alkomatu &#8211; ewentualnie modelu z sensorem elektrochemicznym, kt\u00f3ry wymaga kalibracji tylko raz w roku. Jak cz\u0119sto powinienem kalibrowa\u0107 AlcoLife F3, je\u015bli rzadko go u\u017cywam? Nawet przy sporadycznym u\u017cytkowaniu ka<\/p>\n","protected":false},"excerpt":{"rendered":"<p>Kalibracja alkomatu AlcoLife F3 z certyfikatem Kalibracja alkomatu AlcoLife F3 to us\u0142uga serwisowa zapewniaj\u0105ca prawid\u0142owe dzia\u0142anie i wiarygodne wyniki pomiar\u00f3w tego popularnego testera alkoholu. Model F3 wymaga regularnej adiustacji sensora, aby dok\u0142adnie wykrywa\u0142 st\u0119\u017cenie alkoholu w wydychanym powietrzu. Profesjonalna kalibracja przywraca pe\u0142n\u0105 precyzj\u0119 wskaza\u0144 i gwarantuje bezpiecze\u0144stwo u\u017cytkowania. Kalibracj\u0119 wykonujemy w profesjonalnym laboratorium serwisowym na [&hellip;]<\/p>\n","protected":false},"featured_media":123255,"template":"","meta":[],"_links":{"self":[{"href":"https:\/\/profitstore.pl\/index.php\/wp-json\/wp\/v2\/product\/123254"}],"collection":[{"href":"https:\/\/profitstore.pl\/index.php\/wp-json\/wp\/v2\/product"}],"about":[{"href":"https:\/\/profitstore.pl\/index.php\/wp-json\/wp\/v2\/types\/product"}],"wp:featuredmedia":[{"embeddable":true,"href":"https:\/\/profitstore.pl\/index.php\/wp-json\/wp\/v2\/media\/123255"}],"wp:attachment":[{"href":"https:\/\/profitstore.pl\/index.php\/wp-json\/wp\/v2\/media?parent=123254"}],"curies":[{"name":"wp","href":"https:\/\/api.w.org\/{rel}","templated":true}]}}