{"id":123172,"date":"2026-04-06T16:00:43","date_gmt":"2026-04-06T16:00:43","guid":{"rendered":"https:\/\/profitstore.pl\/index.php\/produkt\/laweczka-na-wanne-fresh-2\/"},"modified":"2026-04-06T16:00:43","modified_gmt":"2026-04-06T16:00:43","slug":"laweczka-na-wanne-fresh-2","status":"publish","type":"product","link":"https:\/\/profitstore.pl\/index.php\/produkt\/laweczka-na-wanne-fresh-2\/","title":{"rendered":"\u0141aweczka na wann\u0119 Fresh"},"content":{"rendered":"","protected":false},"excerpt":{"rendered":"<p>\u0141aweczka na wann\u0119 Fresh szwedzkiej firmy Etac pozwala u\u017cytkownikowi na bezpieczne przej\u015bcie do i z wanny oraz k\u0105piel w wygodnej pozycji. Szerokie zako\u0144czenia zapewniaj\u0105 bezpiecze\u0144stwo ,w\u0119\u017csza \u015brodkowa cz\u0119\u015b\u0107 u\u0142atwia dba\u0142o\u015b\u0107 o higien\u0119 intymn\u0105. Dodatkowe wsparcie zapewnia por\u0119czna r\u0105czka. \u0141atwa w utrzymaniu w czysto\u015bci. D\u0142ugo\u015b\u0107 69 i 74 cm. No\u015bno\u015b\u0107 150 kg.<\/p>\n","protected":false},"featured_media":123173,"template":"","meta":[],"_links":{"self":[{"href":"https:\/\/profitstore.pl\/index.php\/wp-json\/wp\/v2\/product\/123172"}],"collection":[{"href":"https:\/\/profitstore.pl\/index.php\/wp-json\/wp\/v2\/product"}],"about":[{"href":"https:\/\/profitstore.pl\/index.php\/wp-json\/wp\/v2\/types\/product"}],"wp:featuredmedia":[{"embeddable":true,"href":"https:\/\/profitstore.pl\/index.php\/wp-json\/wp\/v2\/media\/123173"}],"wp:attachment":[{"href":"https:\/\/profitstore.pl\/index.php\/wp-json\/wp\/v2\/media?parent=123172"}],"curies":[{"name":"wp","href":"https:\/\/api.w.org\/{rel}","templated":true}]}}