{"id":123162,"date":"2026-03-02T17:00:25","date_gmt":"2026-03-02T17:00:25","guid":{"rendered":"https:\/\/profitstore.pl\/index.php\/produkt\/opaska-na-oko-2\/"},"modified":"2026-03-02T17:00:25","modified_gmt":"2026-03-02T17:00:25","slug":"opaska-na-oko-2","status":"publish","type":"product","link":"https:\/\/profitstore.pl\/index.php\/produkt\/opaska-na-oko-2\/","title":{"rendered":"Opaska na oko"},"content":{"rendered":"","protected":false},"excerpt":{"rendered":"<p>Specjalnie wyprofilowana dla zapewnienia komfortu i ochrony. Wypuk\u0142y kszta\u0142t zmniejsza ci\u015bnienie.<\/p>\n","protected":false},"featured_media":123163,"template":"","meta":[],"_links":{"self":[{"href":"https:\/\/profitstore.pl\/index.php\/wp-json\/wp\/v2\/product\/123162"}],"collection":[{"href":"https:\/\/profitstore.pl\/index.php\/wp-json\/wp\/v2\/product"}],"about":[{"href":"https:\/\/profitstore.pl\/index.php\/wp-json\/wp\/v2\/types\/product"}],"wp:featuredmedia":[{"embeddable":true,"href":"https:\/\/profitstore.pl\/index.php\/wp-json\/wp\/v2\/media\/123163"}],"wp:attachment":[{"href":"https:\/\/profitstore.pl\/index.php\/wp-json\/wp\/v2\/media?parent=123162"}],"curies":[{"name":"wp","href":"https:\/\/api.w.org\/{rel}","templated":true}]}}