{"id":123134,"date":"2026-04-06T16:00:09","date_gmt":"2026-04-06T16:00:09","guid":{"rendered":"https:\/\/profitstore.pl\/index.php\/produkt\/wozek-prysznicowy-transportowy-3\/"},"modified":"2026-04-06T16:00:10","modified_gmt":"2026-04-06T16:00:10","slug":"wozek-prysznicowy-transportowy-3","status":"publish","type":"product","link":"https:\/\/profitstore.pl\/index.php\/produkt\/wozek-prysznicowy-transportowy-3\/","title":{"rendered":"W\u00f3zek prysznicowy transportowy"},"content":{"rendered":"","protected":false},"excerpt":{"rendered":"<p>W\u00f3zek prysznicowy u\u0142atwiaj\u0105cy u\u017cytkownikowi wykonywanie czynno\u015bci higienicznych. Polecany jest osobom o obni\u017conej sprawno\u015bci ruchowej, z dysfunkcjami i ograniczeniami ruchowymi.\u00a0Powsta\u0142 z my\u015bl\u0105 o osobach starszych i niepe\u0142nosprawnych, dla kt\u00f3rych k\u0105piel pod prysznicem stanowi du\u017ce wyzwanie.<\/p>\n","protected":false},"featured_media":123135,"template":"","meta":[],"_links":{"self":[{"href":"https:\/\/profitstore.pl\/index.php\/wp-json\/wp\/v2\/product\/123134"}],"collection":[{"href":"https:\/\/profitstore.pl\/index.php\/wp-json\/wp\/v2\/product"}],"about":[{"href":"https:\/\/profitstore.pl\/index.php\/wp-json\/wp\/v2\/types\/product"}],"wp:featuredmedia":[{"embeddable":true,"href":"https:\/\/profitstore.pl\/index.php\/wp-json\/wp\/v2\/media\/123135"}],"wp:attachment":[{"href":"https:\/\/profitstore.pl\/index.php\/wp-json\/wp\/v2\/media?parent=123134"}],"curies":[{"name":"wp","href":"https:\/\/api.w.org\/{rel}","templated":true}]}}