{"id":123132,"date":"2026-03-30T16:00:15","date_gmt":"2026-03-30T16:00:15","guid":{"rendered":"https:\/\/profitstore.pl\/index.php\/produkt\/lawka-wglebna-z-oparciem-do-wanny-3\/"},"modified":"2026-03-30T16:00:16","modified_gmt":"2026-03-30T16:00:16","slug":"lawka-wglebna-z-oparciem-do-wanny-3","status":"publish","type":"product","link":"https:\/\/profitstore.pl\/index.php\/produkt\/lawka-wglebna-z-oparciem-do-wanny-3\/","title":{"rendered":"\u0141awka wg\u0142\u0119bna z oparciem do wanny"},"content":{"rendered":"","protected":false},"excerpt":{"rendered":"<p>\u0141awka\u00a0wg\u0142\u0119bna z oparciem na wann\u0119 polecana jest osobom o obni\u017conej sprawno\u015bci ruchowej, kt\u00f3ra uniemo\u017cliwia b\u0105d\u017a utrudnia im samodzielne wykonywanie czynno\u015bci \u017cycia codziennego. U\u0142atwia ona\u00a0osobom starszym b\u0105d\u017a niepe\u0142nosprawnym korzystanie z wanny podczas czynno\u015bci higienicznych.<\/p>\n","protected":false},"featured_media":123133,"template":"","meta":[],"_links":{"self":[{"href":"https:\/\/profitstore.pl\/index.php\/wp-json\/wp\/v2\/product\/123132"}],"collection":[{"href":"https:\/\/profitstore.pl\/index.php\/wp-json\/wp\/v2\/product"}],"about":[{"href":"https:\/\/profitstore.pl\/index.php\/wp-json\/wp\/v2\/types\/product"}],"wp:featuredmedia":[{"embeddable":true,"href":"https:\/\/profitstore.pl\/index.php\/wp-json\/wp\/v2\/media\/123133"}],"wp:attachment":[{"href":"https:\/\/profitstore.pl\/index.php\/wp-json\/wp\/v2\/media?parent=123132"}],"curies":[{"name":"wp","href":"https:\/\/api.w.org\/{rel}","templated":true}]}}