{"id":122393,"date":"2025-05-01T06:00:15","date_gmt":"2025-05-01T06:00:15","guid":{"rendered":"https:\/\/profitstore.pl\/index.php\/produkt\/opaska-wykrywajaca-ghb-1-sz\/"},"modified":"2025-05-01T06:00:16","modified_gmt":"2025-05-01T06:00:16","slug":"opaska-wykrywajaca-ghb-1-sz","status":"publish","type":"product","link":"https:\/\/profitstore.pl\/index.php\/produkt\/opaska-wykrywajaca-ghb-1-sz\/","title":{"rendered":"Opaska wykrywaj\u0105ca GHB 1 sz"},"content":{"rendered":"<p>Produkt jest idealny dla os\u00f3b, kt\u00f3re chc\u0105 chroni\u0107 si\u0119 przed przest\u0119pstwami zwi\u0105zanymi z podaniem substancji odurzaj\u0105cych, zapewniaj\u0105c spok\u00f3j i bezpiecze\u0144stwo w miejscach publicznych. Dbaj o swoje bezpiecze\u0144stwo z naszymi rozwi\u0105zaniami do wykrywania GHB!<\/p>\n","protected":false},"excerpt":{"rendered":"<p>Produkt jest idealny dla os\u00f3b, kt\u00f3re chc\u0105 chroni\u0107 si\u0119 przed przest\u0119pstwami zwi\u0105zanymi z podaniem substancji odurzaj\u0105cych, zapewniaj\u0105c spok\u00f3j i bezpiecze\u0144stwo w miejscach publicznych. Dbaj o swoje bezpiecze\u0144stwo z naszymi rozwi\u0105zaniami do wykrywania GHB!<\/p>\n","protected":false},"featured_media":122394,"template":"","meta":[],"_links":{"self":[{"href":"https:\/\/profitstore.pl\/index.php\/wp-json\/wp\/v2\/product\/122393"}],"collection":[{"href":"https:\/\/profitstore.pl\/index.php\/wp-json\/wp\/v2\/product"}],"about":[{"href":"https:\/\/profitstore.pl\/index.php\/wp-json\/wp\/v2\/types\/product"}],"wp:featuredmedia":[{"embeddable":true,"href":"https:\/\/profitstore.pl\/index.php\/wp-json\/wp\/v2\/media\/122394"}],"wp:attachment":[{"href":"https:\/\/profitstore.pl\/index.php\/wp-json\/wp\/v2\/media?parent=122393"}],"curies":[{"name":"wp","href":"https:\/\/api.w.org\/{rel}","templated":true}]}}