{"id":122390,"date":"2025-05-01T06:00:13","date_gmt":"2025-05-01T06:00:13","guid":{"rendered":"https:\/\/profitstore.pl\/index.php\/produkt\/alkotest-1-sz\/"},"modified":"2025-05-01T06:00:14","modified_gmt":"2025-05-01T06:00:14","slug":"alkotest-1-sz","status":"publish","type":"product","link":"https:\/\/profitstore.pl\/index.php\/produkt\/alkotest-1-sz\/","title":{"rendered":"Alkotest 1 sz"},"content":{"rendered":"<p>Alkomaty Test&#038;Drive to jednorazowy sprz\u0119t szybkiej kontroli \u2013 z naszych profesjonalnych alkotest\u00f3w mo\u017ce korzysta\u0107: wojsko, policja, stra\u017c miejska, s\u0142u\u017cba zdrowia oraz wszystkie instytucje sektora publicznego. Wyniki bada\u0144 laboratoryjnych Jednorazowe testy do badania alkoholu w wydychanym powietrzu zosta\u0142y sprawdzone w Laboratorium Pomiarowym Analizator\u00f3w Wydechu Transcom International. przy st\u0119\u017ceniu alkoholu na poziomie 0,2 promila urz\u0105dzenie wykaza\u0142o czu\u0142o\u015b\u0107 testu na poziomie 96%, przy st\u0119\u017ceniu alkoholu na poziomie 0,5 promila urz\u0105dzenie wykaza\u0142o czu\u0142o\u015b\u0107 testu na poziomie 98,6%, przy st\u0119\u017ceniu alkoholu na poziomie 0,8 promila urz\u0105dzenie wykaza\u0142o czu\u0142o\u015b\u0107 testu na poziomie 100%, Bezpiecze\u0144stwo Test&#038;Drive nie zawieraj\u0105 dichromianu potasu, truj\u0105cego i rakotw\u00f3rczego zwi\u0105zku stosowanego w alkomatach starszych generacji. \u015awiadectwo Jako\u015bci Zdrowia, wydane przez Narodowy Instytut Zdrowia Publicznego oraz Instytut Nowych Syntez Chemicznych za\u015bwiadcza, \u017ce stosowanie alkotest\u00f3w Alco2Go nie stanowi zagro\u017cenia dla zdrowia cz\u0142owieka oraz dla \u015brodowiska. Skuteczno\u015b\u0107 si\u0119gaj\u0105ca 100% Alkotesty producenta test&#038;drive okre\u015blaj\u0105 poziom trze\u017awo\u015bci na podstawie koloru, jaki uzyskaj\u0105 kryszta\u0142ki po dmuchni\u0119ciu w urz\u0105dzenie. Urz\u0105dzenie wskazuje cztery poziomy: 0 promili (zupe\u0142n\u0105 trze\u017awo\u015b\u0107), 0,2 promila (stan \u201ewskazuj\u0105cy na spo\u017cycie alkoholu\u201d) i 0,5 promila oraz 0,8 ( (stan nietrze\u017awo\u015bci \u2013 kierowcy grozi nawet kara pozbawienia wolno\u015bci). Je\u015bli kryszta\u0142ki w \u015brodkowej cz\u0119\u015bci alkomatu po dmuchni\u0119ciu pozostaj\u0105 bia\u0142e, kierowca jest trze\u017awy i mo\u017ce \u201ewsi\u0105\u015b\u0107 za k\u00f3\u0142ko\u201d. Je\u017celi kryszta\u0142ki zabarwi\u0105 si\u0119 na kt\u00f3rykolwiek z odcieni czerwieni, jazda autem jest zabroniona. Stopie\u0144 st\u0119\u017cenia alkoholu we krwi okre\u015bla intensywno\u015b\u0107 zabarwienia kryszta\u0142k\u00f3w Liczne testy, dost\u0119pne w internecie oraz te profesjonalne (wg standard\u00f3w NF X 20-702), wykaza\u0142y, niezwykle wysok\u0105 skuteczno\u015b\u0107 alkotest\u00f3w test&#038;drive, przy wy\u017cszym st\u0119\u017ceniu alkoholu si\u0119gaj\u0105c\u0105 100%. Co dowodzi, \u017ce wyniki pokrywaj\u0105 si\u0119 z tymi uzyskanymi przez profesjonalny alkomat. Na korzy\u015b\u0107 alkotest\u00f3w przemawia ich dost\u0119pno\u015b\u0107 oraz niska cena. Je\u015bli sporadycznie zdarza Ci si\u0119 spo\u017cywa\u0107 alkohol, taka inwestycja mo\u017ce Ci si\u0119 bardzo op\u0142aci\u0107. Dane techniczne Technologia: White Reactions Redox Spos\u00f3b pomiaru: zmiana koloru Kolor pomiaru: bia\u0142y przechodz\u0105cy w czerwie\u0144 Czas odczytu: 2 min Dok\u0142adno\u015b\u0107: 0,1 promila Spos\u00f3b pomiaru: wydychane powietrze Temperatura u\u017cytkowania: -25 do 40 st. Celsjusza Zakresy pomiaru: 0,0 0,2 0,5 0,8 (promili) Wymiary urz\u0105dzenia: 60mm x 11mm Producent: Alco2GO, Polska Kieszonkowy rozmiar i \u0142atwo\u015b\u0107 u\u017cytkowania Wci\u015bnij nasadk\u0119 po obu stronach, do przebicia folii zabezpieczaj\u0105cej. We\u017a g\u0142\u0119boki wdech i dmuchaj 2 razy przez 10 sekund. Po 2-4 minutach por\u00f3wnaj kolor substancji ze skal\u0105.<\/p>\n","protected":false},"excerpt":{"rendered":"<p>Alkomaty Test&#038;Drive to jednorazowy sprz\u0119t szybkiej kontroli \u2013 z naszych profesjonalnych alkotest\u00f3w mo\u017ce korzysta\u0107: wojsko, policja, stra\u017c miejska, s\u0142u\u017cba zdrowia oraz wszystkie instytucje sektora publicznego. Wyniki bada\u0144 laboratoryjnych Jednorazowe testy do badania alkoholu w wydychanym powietrzu zosta\u0142y sprawdzone w Laboratorium Pomiarowym Analizator\u00f3w Wydechu Transcom International. przy st\u0119\u017ceniu alkoholu na poziomie 0,2 promila urz\u0105dzenie wykaza\u0142o czu\u0142o\u015b\u0107 [&hellip;]<\/p>\n","protected":false},"featured_media":122391,"template":"","meta":[],"_links":{"self":[{"href":"https:\/\/profitstore.pl\/index.php\/wp-json\/wp\/v2\/product\/122390"}],"collection":[{"href":"https:\/\/profitstore.pl\/index.php\/wp-json\/wp\/v2\/product"}],"about":[{"href":"https:\/\/profitstore.pl\/index.php\/wp-json\/wp\/v2\/types\/product"}],"wp:featuredmedia":[{"embeddable":true,"href":"https:\/\/profitstore.pl\/index.php\/wp-json\/wp\/v2\/media\/122391"}],"wp:attachment":[{"href":"https:\/\/profitstore.pl\/index.php\/wp-json\/wp\/v2\/media?parent=122390"}],"curies":[{"name":"wp","href":"https:\/\/api.w.org\/{rel}","templated":true}]}}