{"id":122387,"date":"2025-04-30T06:00:12","date_gmt":"2025-04-30T06:00:12","guid":{"rendered":"https:\/\/profitstore.pl\/index.php\/produkt\/papier-rolki-tasma-do-drukarki-alkohit-d100-x600\/"},"modified":"2025-04-30T06:00:13","modified_gmt":"2025-04-30T06:00:13","slug":"papier-rolki-tasma-do-drukarki-alkohit-d100-x600","status":"publish","type":"product","link":"https:\/\/profitstore.pl\/index.php\/produkt\/papier-rolki-tasma-do-drukarki-alkohit-d100-x600\/","title":{"rendered":"Papier &#8211; Rolki &#8211; Ta\u015bma do Drukarki AlkoHit D100 X600"},"content":{"rendered":"<p>Drukarka D100 \u0142aczy si\u0119 z alkomatami: AlkoHit X60 z modu\u0142em bluetooth, AlkoHit X100, AlkoHit X500, AlkoHit X600<\/p>\n","protected":false},"excerpt":{"rendered":"<p>Drukarka D100 \u0142aczy si\u0119 z alkomatami: AlkoHit X60 z modu\u0142em bluetooth, AlkoHit X100, AlkoHit X500, AlkoHit X600<\/p>\n","protected":false},"featured_media":122388,"template":"","meta":[],"_links":{"self":[{"href":"https:\/\/profitstore.pl\/index.php\/wp-json\/wp\/v2\/product\/122387"}],"collection":[{"href":"https:\/\/profitstore.pl\/index.php\/wp-json\/wp\/v2\/product"}],"about":[{"href":"https:\/\/profitstore.pl\/index.php\/wp-json\/wp\/v2\/types\/product"}],"wp:featuredmedia":[{"embeddable":true,"href":"https:\/\/profitstore.pl\/index.php\/wp-json\/wp\/v2\/media\/122388"}],"wp:attachment":[{"href":"https:\/\/profitstore.pl\/index.php\/wp-json\/wp\/v2\/media?parent=122387"}],"curies":[{"name":"wp","href":"https:\/\/api.w.org\/{rel}","templated":true}]}}