{"id":122319,"date":"2025-11-17T17:01:05","date_gmt":"2025-11-17T17:01:05","guid":{"rendered":"https:\/\/profitstore.pl\/index.php\/produkt\/stoleczek-prysznicowy-blue-obrotowy\/"},"modified":"2025-11-17T17:01:05","modified_gmt":"2025-11-17T17:01:05","slug":"stoleczek-prysznicowy-blue-obrotowy","status":"publish","type":"product","link":"https:\/\/profitstore.pl\/index.php\/produkt\/stoleczek-prysznicowy-blue-obrotowy\/","title":{"rendered":"Sto\u0142eczek prysznicowy Blue- obrotowy"},"content":{"rendered":"","protected":false},"excerpt":{"rendered":"<p>To sprz\u0119t u\u0142atwiaj\u0105cy i umo\u017cliwiaj\u0105cy k\u0105piel seniorowi lub osobie z ograniczon\u0105 mobilno\u015bci\u0105. Ze wzgl\u0119du na niewielkie gabaryty mo\u017cna korzysta\u0107 z niego w wannie i pod prysznicem.<\/p>\n","protected":false},"featured_media":122320,"template":"","meta":[],"_links":{"self":[{"href":"https:\/\/profitstore.pl\/index.php\/wp-json\/wp\/v2\/product\/122319"}],"collection":[{"href":"https:\/\/profitstore.pl\/index.php\/wp-json\/wp\/v2\/product"}],"about":[{"href":"https:\/\/profitstore.pl\/index.php\/wp-json\/wp\/v2\/types\/product"}],"wp:featuredmedia":[{"embeddable":true,"href":"https:\/\/profitstore.pl\/index.php\/wp-json\/wp\/v2\/media\/122320"}],"wp:attachment":[{"href":"https:\/\/profitstore.pl\/index.php\/wp-json\/wp\/v2\/media?parent=122319"}],"curies":[{"name":"wp","href":"https:\/\/api.w.org\/{rel}","templated":true}]}}