{"id":122314,"date":"2026-04-06T16:00:15","date_gmt":"2026-04-06T16:00:15","guid":{"rendered":"https:\/\/profitstore.pl\/index.php\/produkt\/krzeslo-prysznicowe-aluminiowe-3\/"},"modified":"2026-04-06T16:00:16","modified_gmt":"2026-04-06T16:00:16","slug":"krzeslo-prysznicowe-aluminiowe-3","status":"publish","type":"product","link":"https:\/\/profitstore.pl\/index.php\/produkt\/krzeslo-prysznicowe-aluminiowe-3\/","title":{"rendered":"Krzes\u0142o prysznicowe aluminiowe"},"content":{"rendered":"","protected":false},"excerpt":{"rendered":"<p>Krzese\u0142ko toaletowe aluminiowe u\u0142atwia osobom starszym wzi\u0105\u0107 prysznic w wygodny i bezpieczny spos\u00f3b. Krzes\u0142o ma aluminiow\u0105 konstrukcj\u0119.<\/p>\n","protected":false},"featured_media":122315,"template":"","meta":[],"_links":{"self":[{"href":"https:\/\/profitstore.pl\/index.php\/wp-json\/wp\/v2\/product\/122314"}],"collection":[{"href":"https:\/\/profitstore.pl\/index.php\/wp-json\/wp\/v2\/product"}],"about":[{"href":"https:\/\/profitstore.pl\/index.php\/wp-json\/wp\/v2\/types\/product"}],"wp:featuredmedia":[{"embeddable":true,"href":"https:\/\/profitstore.pl\/index.php\/wp-json\/wp\/v2\/media\/122315"}],"wp:attachment":[{"href":"https:\/\/profitstore.pl\/index.php\/wp-json\/wp\/v2\/media?parent=122314"}],"curies":[{"name":"wp","href":"https:\/\/api.w.org\/{rel}","templated":true}]}}