{"id":122181,"date":"2026-04-30T07:30:41","date_gmt":"2026-04-30T07:30:41","guid":{"rendered":"https:\/\/profitstore.pl\/index.php\/produkt\/wklad-do-filtra-eu5-do-komfovent-domekt-r-400-f-346x258x43-epm10-55\/"},"modified":"2026-04-30T07:30:43","modified_gmt":"2026-04-30T07:30:43","slug":"wklad-do-filtra-eu5-do-komfovent-domekt-r-400-f-346x258x43-epm10-55","status":"publish","type":"product","link":"https:\/\/profitstore.pl\/index.php\/produkt\/wklad-do-filtra-eu5-do-komfovent-domekt-r-400-f-346x258x43-epm10-55\/","title":{"rendered":"Wk\u0142ad do filtra EU5 do Komfovent Domekt R 400 F (346x258x43) ePM10 55%"},"content":{"rendered":"<p>Filtr jest zamiennikiem, nazwy producent\u00f3w i marek zosta\u0142y u\u017cyte w celu identyfikacji produktu.<\/p>\n<p>Poni\u017cej przedstawiamy sprzedawany produkt:<\/p>\n<p><img src=\"https:\/\/pureventfilters.eu\/5031-large_default\/wklad-do-filtra-eu5-do-komfovent-domekt-r-400-f-346x258x43-epm10-55.jpg\" alt=\"Wk\u0142ad do filtra EU5 do Komfovent Domekt R 400 F (346x258x43) ePM10 55%\" \/><\/p>\n","protected":false},"excerpt":{"rendered":"<p>Filtr jest zamiennikiem, nazwy producent\u00f3w i marek zosta\u0142y u\u017cyte w celu identyfikacji produktu. Poni\u017cej przedstawiamy sprzedawany produkt:<\/p>\n","protected":false},"featured_media":122182,"template":"","meta":[],"_links":{"self":[{"href":"https:\/\/profitstore.pl\/index.php\/wp-json\/wp\/v2\/product\/122181"}],"collection":[{"href":"https:\/\/profitstore.pl\/index.php\/wp-json\/wp\/v2\/product"}],"about":[{"href":"https:\/\/profitstore.pl\/index.php\/wp-json\/wp\/v2\/types\/product"}],"wp:featuredmedia":[{"embeddable":true,"href":"https:\/\/profitstore.pl\/index.php\/wp-json\/wp\/v2\/media\/122182"}],"wp:attachment":[{"href":"https:\/\/profitstore.pl\/index.php\/wp-json\/wp\/v2\/media?parent=122181"}],"curies":[{"name":"wp","href":"https:\/\/api.w.org\/{rel}","templated":true}]}}